{"id":4240,"date":"2016-09-26T01:08:13","date_gmt":"2016-09-25T22:08:13","guid":{"rendered":"http:\/\/ambientconacul.hotelsperformance.com\/?page_id=4240"},"modified":"2024-10-31T03:41:31","modified_gmt":"2024-10-31T01:41:31","slug":"activities","status":"publish","type":"page","link":"https:\/\/www.resortambient.ro\/es\/services\/activities\/","title":{"rendered":"Actividades"},"content":{"rendered":"<p>[vc_row full_width=&#8221;stretch_row&#8221; position=&#8221;right center&#8221; css=&#8221;.vc_custom_1495401323996{background-image: url(http:\/\/www.resortambient.ro\/wp-content\/uploads\/2016\/09\/MasajeResortAmbient.png?id=4650) !important;background-position: 0 0 !important;background-repeat: no-repeat !important;}&#8221; el_class=&#8221;background-none-mobile&#8221;][vc_column width=&#8221;1\/2&#8243;][vc_column_text]<\/p>\n<h2 style=\"text-align: center;\"><span style=\"color: #097000;\">UN D\u00cdA INOLVIDABLE, LLENO DE ENERG\u00cdA<\/span><\/h2>\n<p style=\"text-align: center;\">Te invitamos a disfrutar de un maravilloso d\u00eda en el que disfrutar del encuentro entre el espacio antiguo y el moderno, y continuar con todos los sentidos las actividades y los juegos que se han preparado con gran amor para ti.<\/p>\n<p style=\"text-align: center;\">Para honrar esta invitaci\u00f3n, puedes disfrutar de la piscina cubierta o la piscina al aire libre, pasar tiempo en nuestra sauna seca finlandesa, disfrutar de un masaje, billar o tenis de mesa.<\/p>\n<p>[\/vc_column_text][\/vc_column][\/vc_row][vc_row full_width=&#8221;stretch_row&#8221; position=&#8221;right top&#8221; css=&#8221;.vc_custom_1495212208868{margin-top: -90px !important;margin-bottom: -200px !important;background-position: center !important;background-repeat: no-repeat !important;background-size: cover !important;}&#8221;][vc_column width=&#8221;1\/3&#8243; offset=&#8221;vc_col-sm-offset-2&#8243;]<ul class=\"list-services  text-uppercase\"><li><h3><a href=\"#piscinaexterioara\">PISCINA EXTERIOR<small>EL ALIADO DE LOS VERANOS SOLEADOS<\/small><\/a><\/h3><\/li><li><h3><a href=\"#piscinainterioara\">PISCINA CUBIERTA<small>CALOR Y MIMOS<\/small><\/a><\/h3><\/li><li><h3><a href=\"#sauna\">SAUNA<small>TONUS Y VITALIDAD<\/small><\/a><\/h3><\/li><li><h3><a href=\"#masaje\">MASAJE<small>UN MOMENTO DE RELAX<\/small><\/a><\/h3><\/li><\/ul>[\/vc_column][vc_column width=&#8221;1\/3&#8243;]<ul class=\"list-services \"><li><h3><a href=\"#biliard\">BILLAR<small>UNA CULTURA ANTIGUA EN LA VIDA MODERNA<\/small><\/a><\/h3><\/li><li><h3><a href=\"#tenisdemasa\">MESA DE TENIS<small>ENERGIA Y DIVERSION<\/small><\/a><\/h3><\/li><li><h3><a href=\"#locdejoaca\">ZONA INFANTIL<small>SORPRESA PARA LOS PEQUE\u00d1OS<\/small><\/a><\/h3><\/li><li><h3><a href=\"#activitatiinzona\">ACTIVIDADES EN LA ZONA<small>DESCUBRE CRISTIAN Y ALREDEDORES<\/small><\/a><\/h3><\/li><\/ul>[\/vc_column][\/vc_row][vc_row][vc_column][vc_raw_html]JTNDYSUyMG5hbWUlM0QlMjJwaXNjaW5hZXh0ZXJpb2FyYSUyMiUzRSUzQyUyRmElM0U=[\/vc_raw_html][\/vc_column][\/vc_row][vc_row full_width=&#8221;stretch_row&#8221; parallax=&#8221;content-moving&#8221; css=&#8221;.vc_custom_1502713541294{background-image: url(http:\/\/www.resortambient.ro\/wp-content\/uploads\/2016\/09\/Piscina.jpg?id=5115) !important;}&#8221; min_height=&#8221;700px&#8221;][vc_column width=&#8221;1\/2&#8243; el_class=&#8221;white-box content-padding-xs&#8221;][vc_column_text]<\/p>\n<h1><small><span style=\"color: #097000;\">PISCINA EXTERIOR<\/span><\/small><\/h1>\n<p>Para refrescarse en un d\u00eda soleado, Ambient pone a vuestra disposici\u00f3n una piscina al aire libre para adultos y ni\u00f1os.<\/p>\n<p>A diferencia de muchos otros deportes, la nataci\u00f3n es recomendada para todos, independientemente de la edad o condici\u00f3n f\u00edsica, y es ideal para la salud, excelente para la espalda, y poco agresivo con las articulaciones. La nataci\u00f3n es una manera de entrenar todo el cuerpo y mejorar la respiraci\u00f3n debido al fortalecimiento de los m\u00fasculos responsables de los pulmones.<\/p>\n<p>Horario de la piscina al aire libre: 10:00 &#8211; 20:00[\/vc_column_text][\/vc_column][vc_column width=&#8221;1\/2&#8243;][vc_images_carousel images=&#8221;5117,5120,5122,5121&#8243; onclick=&#8221;link_no&#8221;][vc_raw_html]JTNDYSUyMG5hbWUlM0QlMjJwaXNjaW5haW50ZXJpb2FyYSUyMiUzRSUzQyUyRmElM0U=[\/vc_raw_html][\/vc_column][\/vc_row][vc_row full_width=&#8221;stretch_row&#8221; parallax=&#8221;content-moving&#8221; css=&#8221;.vc_custom_1502713568226{margin-top: 40px !important;margin-bottom: -160px !important;background-image: url(http:\/\/www.resortambient.ro\/wp-content\/uploads\/2016\/09\/Piscina.jpg?id=5115) !important;}&#8221; min_height=&#8221;700px&#8221;][vc_column width=&#8221;1\/2&#8243;][vc_images_carousel images=&#8221;5119,5118&#8243; onclick=&#8221;link_no&#8221;][\/vc_column][vc_column width=&#8221;1\/2&#8243; el_class=&#8221;white-box content-padding-xs&#8221;][vc_column_text]<\/p>\n<h1><small><span style=\"color: #097000;\">PISCINA CUBIERTA<\/span><\/small><\/h1>\n<p>En los d\u00edas fr\u00edos, le invitamos a mimarse en nuestra piscina cubierta climatizada.<br \/>\nHorario de la piscina cubierta: 09:00 &#8211; 22:00[\/vc_column_text][\/vc_column][\/vc_row][vc_row][vc_column][vc_raw_html]JTNDYSUyMG5hbWUlM0QlMjJzYXVuYSUyMiUzRSUzQyUyRmElM0U=[\/vc_raw_html][\/vc_column][\/vc_row][vc_row full_width=&#8221;stretch_row&#8221; parallax=&#8221;content-moving&#8221; css=&#8221;.vc_custom_1502209464280{margin-bottom: -160px !important;background-image: url(http:\/\/www.resortambient.ro\/wp-content\/uploads\/2016\/09\/Sauna1.jpg?id=5142) !important;background-position: center;background-repeat: no-repeat !important;background-size: cover !important;}&#8221; el_class=&#8221;content-padding-mobile-none&#8221;][vc_column width=&#8221;1\/2&#8243; el_class=&#8221;white-box content-padding-xs&#8221;][vc_column_text]<\/p>\n<h1><small><span style=\"color: #097000;\">SAUNA<\/span><\/small><\/h1>\n<p>No te preocupes, cierra los ojos, respira profundamente, y d\u00e9jate llevar por el calor que invade tus sentidos, paso a paso, para que puedas flotar ligeramente.<\/p>\n<p>Sauna, internacionalmente famosa por sus beneficios, no es s\u00f3lo un lugar para relajarse, nos ayuda a mantener nuestra piel suave y tonificada, adelgazar, eliminar toxinas, tener m\u00fasculos m\u00e1s fuertes y vivir m\u00e1s.[\/vc_column_text][\/vc_column][vc_column width=&#8221;1\/2&#8243;][vc_images_carousel images=&#8221;5124&#8243; onclick=&#8221;link_no&#8221; hide_pagination_control=&#8221;yes&#8221; hide_prev_next_buttons=&#8221;yes&#8221;][\/vc_column][\/vc_row][vc_row][vc_column][vc_raw_html]JTNDYSUyMG5hbWUlM0QlMjJtYXNhamUlMjIlM0UlM0MlMkZhJTNF[\/vc_raw_html][\/vc_column][\/vc_row][vc_row full_width=&#8221;stretch_row&#8221; parallax=&#8221;content-moving&#8221; css=&#8221;.vc_custom_1502196304683{margin-bottom: -160px !important;background-image: url(http:\/\/www.resortambient.ro\/wp-content\/uploads\/2016\/09\/Masaj1-1.jpg?id=5140) !important;}&#8221; min_height=&#8221;700px&#8221;][vc_column width=&#8221;1\/2&#8243;][vc_images_carousel images=&#8221;5126&#8243; onclick=&#8221;link_no&#8221; hide_pagination_control=&#8221;yes&#8221; hide_prev_next_buttons=&#8221;yes&#8221;][\/vc_column][vc_column width=&#8221;1\/2&#8243; el_class=&#8221;white-box content-padding-xs&#8221;][vc_column_text]<\/p>\n<h1><small><span style=\"color: #097000;\">MASAJE<\/span><\/small><\/h1>\n<p>Para comenzar o terminar un d\u00eda relajado, te invitamos a disfrutar de un masaje relajante ofrecido por nuestros masajistas.<\/p>\n<p>Todos estamos emocionados de pensar en un masaje despu\u00e9s de un largo d\u00eda, pero un masaje especial en un lugar para la relajaci\u00f3n trae consigo el buen humor, la armon\u00eda y una experiencia agradable.<\/p>\n<p>El masaje Ambient se hace con aceites esenciales relajantes con fragancias que se fusionan con todo el cuerpo a trav\u00e9s del suave masaje de la piel.<\/p>\n<p>El masaje dura 50 minutos y tiene un precio de 40\u20ac por persona[\/vc_column_text][\/vc_column][\/vc_row][vc_row][vc_column][vc_raw_html]JTNDYSUyMG5hbWUlM0QlMjJiaWxpYXJkJTIyJTNFJTNDJTJGYSUzRQ==[\/vc_raw_html][\/vc_column][\/vc_row][vc_row full_width=&#8221;stretch_row&#8221; parallax=&#8221;content-moving&#8221; css=&#8221;.vc_custom_1502195428892{margin-bottom: -160px !important;background-image: url(http:\/\/www.resortambient.ro\/wp-content\/uploads\/2016\/09\/Billar4.jpg?id=5133) !important;}&#8221; el_class=&#8221;content-padding-mobile-none&#8221;][vc_column width=&#8221;1\/2&#8243; el_class=&#8221;white-box content-padding-xs&#8221;][vc_column_text]<\/p>\n<h1><small><span style=\"color: #097000;\">BILLAR<\/span><\/small><\/h1>\n<p>Para satisfacer las expectativas m\u00e1s exigentes de nuestros clientes y para ofrecerles un poco de historia actualizada, hemos creado un espacio donde se puede disfrutar de jugar al billar, un juego cuyos comienzos se remontan a culturas tan antiguas como Grecia y Egipto.<\/p>\n<p>Horario billar: 10:00 &#8211; 20:00[\/vc_column_text][\/vc_column][vc_column width=&#8221;1\/2&#8243;][vc_images_carousel images=&#8221;5128,5129&#8243; onclick=&#8221;link_no&#8221;][\/vc_column][\/vc_row][vc_row][vc_column][vc_raw_html]JTNDYSUyMG5hbWUlM0QlMjJ0ZW5pc2RlbWFzYSUyMiUzRSUzQyUyRmElM0U=[\/vc_raw_html][\/vc_column][\/vc_row][vc_row full_width=&#8221;stretch_row&#8221; parallax=&#8221;content-moving&#8221; css=&#8221;.vc_custom_1509380552340{margin-bottom: -160px !important;background-image: url(http:\/\/www.resortambient.ro\/wp-content\/uploads\/2016\/09\/Tenisdemasa1.jpg?id=5146) !important;}&#8221; min_height=&#8221;700px&#8221;][vc_column width=&#8221;1\/2&#8243;][vc_images_carousel images=&#8221;5144&#8243; onclick=&#8221;link_no&#8221; hide_pagination_control=&#8221;yes&#8221; hide_prev_next_buttons=&#8221;yes&#8221;][\/vc_column][vc_column width=&#8221;1\/2&#8243; el_class=&#8221;white-box content-padding-xs&#8221; css=&#8221;.vc_custom_1509365501133{background-color: rgba(255,255,255,0) !important;*background-color: rgb(255,255,255) !important;}&#8221;][vc_column_text]<\/p>\n<h1><small><span style=\"color: #097000;\">TENIS DE MESA<\/span><\/small><\/h1>\n<p>La diversi\u00f3n sigue para los entusiastas del deporte con un juego de tenis de mesa, un juego legendario que naci\u00f3 en el \u00faltimo cuarto del siglo XIX, como una especie de tenis en miniatura.<\/p>\n<p>D\u00e9jese envolver por el esp\u00edritu l\u00fadico y disfrute de su mirada ba\u00f1ada en los colores c\u00e1lidos de la madera mezclada armoniosamente con el verde de la naturaleza viva.[\/vc_column_text][\/vc_column][\/vc_row][vc_row][vc_column][vc_raw_html]JTNDYSUyMG5hbWUlM0QlMjJsb2NkZWpvYWNhJTIyJTNFJTNDJTJGYSUzRQ==[\/vc_raw_html][\/vc_column][\/vc_row][vc_row full_width=&#8221;stretch_row&#8221; parallax=&#8221;content-moving&#8221; css=&#8221;.vc_custom_1509378556080{margin-bottom: -160px !important;background-image: url(http:\/\/www.resortambient.ro\/wp-content\/uploads\/2016\/09\/InfantilResort.png?id=5592) !important;}&#8221; min_height=&#8221;700px&#8221;][vc_column width=&#8221;1\/2&#8243; css=&#8221;.vc_custom_1509365602087{background-color: rgba(255,255,255,0) !important;*background-color: rgb(255,255,255) !important;}&#8221; el_class=&#8221;white-box content-padding-xs&#8221;][vc_column_text]<\/p>\n<h1><small><span style=\"color: #097000;\">ZONA INFANTIL<\/span><\/small><\/h1>\n<p>Hemos preparado con cari\u00f1o una sorpresa especial tambi\u00e9n para los mas peque\u00f1os, la zona infantil, donde van a poder disfrutar de distintos juegos al aire libre.[\/vc_column_text][\/vc_column][vc_column width=&#8221;1\/2&#8243; css=&#8221;.vc_custom_1509365667270{background-color: rgba(0,0,0,0.01) !important;*background-color: rgb(0,0,0) !important;}&#8221;][vc_images_carousel images=&#8221;5584&#8243; onclick=&#8221;link_no&#8221; hide_pagination_control=&#8221;yes&#8221; hide_prev_next_buttons=&#8221;yes&#8221;][\/vc_column][\/vc_row][vc_row][vc_column][vc_raw_html]JTNDYSUyMG5hbWUlM0QlMjJhY3Rpdml0YXRpaW56b25hJTIyJTNFJTNDJTJGYSUzRQ==[\/vc_raw_html][\/vc_column][\/vc_row][vc_row full_width=&#8221;stretch_row&#8221; parallax=&#8221;content-moving&#8221; css=&#8221;.vc_custom_1502211113498{margin-bottom: 40px !important;background-image: url(http:\/\/www.resortambient.ro\/wp-content\/uploads\/2016\/09\/Activitatizona1.jpg?id=5151) !important;background-position: 0 0;background-repeat: no-repeat !important;}&#8221; el_class=&#8221;content-padding-mobile-none&#8221;][vc_column width=&#8221;1\/2&#8243;][vc_images_carousel images=&#8221;5149&#8243; onclick=&#8221;link_no&#8221; hide_pagination_control=&#8221;yes&#8221; hide_prev_next_buttons=&#8221;yes&#8221;][\/vc_column][vc_column width=&#8221;1\/2&#8243;][vc_column_text el_class=&#8221;white-box content-padding-xs&#8221;]<\/p>\n<h1><small><span style=\"color: #097000;\">ACTIVIDADES EN LA ZONA<\/span><\/small><\/h1>\n<p style=\"text-align: left;\"><strong>Historia de un Ayer en la Geograf\u00eda de un Hoy<\/strong><\/p>\n<p>Los alrededores de Cristian son verdaderas enciclopedias, por lo que un viaje de un d\u00eda a la fortaleza de Rasnov (6 km), Castillo de Bran (25 km), Prejmer (25 km), Poiana Brasov (15 km) puede ser tanto una lecci\u00f3n de la historia y una raz\u00f3n adicional para convertirse en un promotor del pasado de esta tierra, mientras disfruta de las infinitas posibilidades del presente.<\/p>\n<p>Y si estamos hablando de alegr\u00eda, seras feliz al ir con los peque\u00f1os o los grandes a Park Adventure, Aqua Paradise, al nuevo Jardin Zool\u00f3gico de Brasov, al Rasnov Dinosaur Park, o hacer bungee jumping. Y si quieres discutir con la naturaleza entonces puedes elegir un circuito con el ATV, 4&#215;4, a pie, o en bicicleta.[\/vc_column_text][\/vc_column][\/vc_row][vc_row css=&#8221;.vc_custom_1470397530640{margin-bottom: -200px !important;}&#8221;][vc_column][vc_raw_html]JTNDc2NyaXB0JTIwdHlwZSUzRCUyMnRleHQlMkZqYXZhc2NyaXB0JTIyJTIwc3JjJTNEJTIyaHR0cHMlM0ElMkYlMkZvcGVuLnVwcGVyYm9va2luZy5jb20lMkZyZXNvcnRhbWJpZW50JTJGQm9va2luZy5qcyUzRmxvY2FsZSUzRGVzJTIyJTNFJTNDJTJGc2NyaXB0JTNF[\/vc_raw_html][\/vc_column][\/vc_row]<\/p>","protected":false},"excerpt":{"rendered":"<p>[vc_row full_width=&#8221;stretch_row&#8221; position=&#8221;right center&#8221; css=&#8221;.vc_custom_1495401323996{background-image: url(http:\/\/www.resortambient.ro\/wp-content\/uploads\/2016\/09\/MasajeResortAmbient.png?id=4650) !important;background-position: 0 0 !important;background-repeat: no-repeat !important;}&#8221; el_class=&#8221;background-none-mobile&#8221;][vc_column width=&#8221;1\/2&#8243;][vc_column_text] UN D\u00cdA INOLVIDABLE, LLENO DE ENERG\u00cdA [&hellip;]<\/p>\n","protected":false},"author":1,"featured_media":0,"parent":3687,"menu_order":4,"comment_status":"closed","ping_status":"closed","template":"","meta":{"footnotes":""},"yst_prominent_words":[],"class_list":["post-4240","page","type-page","status-publish","hentry"],"yoast_head":"<!-- This site is optimized with the Yoast SEO Premium plugin v14.0.2 - https:\/\/yoast.com\/wordpress\/plugins\/seo\/ -->\n<title>Actividades - Resort Ambient - Cristian (Transilvania, Romania)<\/title>\n<meta name=\"robots\" content=\"index, follow\" \/>\n<meta name=\"googlebot\" content=\"index, follow, max-snippet:-1, max-image-preview:large, max-video-preview:-1\" \/>\n<meta name=\"bingbot\" content=\"index, follow, max-snippet:-1, max-image-preview:large, max-video-preview:-1\" \/>\n<link rel=\"canonical\" href=\"https:\/\/www.resortambient.ro\/services\/activities\/\" \/>\n<meta property=\"og:locale\" content=\"es_ES\" \/>\n<meta property=\"og:type\" content=\"article\" \/>\n<meta property=\"og:title\" content=\"[:ro]Activit\u0103\u0163i[:en]Activities[:es]Actividades[:de]Aktivit\u00e4ten[:] - Resort Ambient - Cristian (Transilvania, Romania)\" \/>\n<meta property=\"og:description\" content=\"[vc_row full_width=&#8221;stretch_row&#8221; position=&#8221;right center&#8221; css=&#8221;.vc_custom_1495401323996{background-image: url(http:\/\/www.resortambient.ro\/wp-content\/uploads\/2016\/09\/MasajeResortAmbient.png?id=4650) !important;background-position: 0 0 !important;background-repeat: no-repeat !important;}&#8221; el_class=&#8221;background-none-mobile&#8221;][vc_column width=&#8221;1\/2&#8243;][vc_column_text] UN D\u00cdA INOLVIDABLE, LLENO DE ENERG\u00cdA [&hellip;]\" \/>\n<meta property=\"og:url\" content=\"https:\/\/www.resortambient.ro\/services\/activities\/\" \/>\n<meta property=\"og:site_name\" content=\"Resort Ambient - Cristian (Transilvania, Romania)\" \/>\n<meta property=\"article:modified_time\" content=\"2024-10-31T01:41:31+00:00\" \/>\n<meta name=\"twitter:card\" content=\"summary\" \/>\n<script type=\"application\/ld+json\" class=\"yoast-schema-graph\">{\"@context\":\"https:\/\/schema.org\",\"@graph\":[{\"@type\":\"WebSite\",\"@id\":\"https:\/\/www.resortambient.ro\/es\/#website\",\"url\":\"https:\/\/www.resortambient.ro\/es\/\",\"name\":\"Resort Ambient - Cristian (Transilvania, Romania)\",\"description\":\"Consigue el mejor precio en el site oficial\",\"potentialAction\":[{\"@type\":\"SearchAction\",\"target\":\"https:\/\/www.resortambient.ro\/es\/?s={search_term_string}\",\"query-input\":\"required name=search_term_string\"}],\"inLanguage\":\"es\"},{\"@type\":\"WebPage\",\"@id\":\"https:\/\/www.resortambient.ro\/services\/activities\/#webpage\",\"url\":\"https:\/\/www.resortambient.ro\/services\/activities\/\",\"name\":\"[:ro]Activit\\u0103\\u0163i[:en]Activities[:es]Actividades[:de]Aktivit\\u00e4ten[:] - Resort Ambient - Cristian (Transilvania, Romania)\",\"isPartOf\":{\"@id\":\"https:\/\/www.resortambient.ro\/es\/#website\"},\"datePublished\":\"2016-09-25T22:08:13+00:00\",\"dateModified\":\"2024-10-31T01:41:31+00:00\",\"inLanguage\":\"es\",\"potentialAction\":[{\"@type\":\"ReadAction\",\"target\":[\"https:\/\/www.resortambient.ro\/services\/activities\/\"]}]}]}<\/script>\n<!-- \/ Yoast SEO Premium plugin. -->","_links":{"self":[{"href":"https:\/\/www.resortambient.ro\/es\/wp-json\/wp\/v2\/pages\/4240","targetHints":{"allow":["GET"]}}],"collection":[{"href":"https:\/\/www.resortambient.ro\/es\/wp-json\/wp\/v2\/pages"}],"about":[{"href":"https:\/\/www.resortambient.ro\/es\/wp-json\/wp\/v2\/types\/page"}],"author":[{"embeddable":true,"href":"https:\/\/www.resortambient.ro\/es\/wp-json\/wp\/v2\/users\/1"}],"replies":[{"embeddable":true,"href":"https:\/\/www.resortambient.ro\/es\/wp-json\/wp\/v2\/comments?post=4240"}],"version-history":[{"count":150,"href":"https:\/\/www.resortambient.ro\/es\/wp-json\/wp\/v2\/pages\/4240\/revisions"}],"predecessor-version":[{"id":7097,"href":"https:\/\/www.resortambient.ro\/es\/wp-json\/wp\/v2\/pages\/4240\/revisions\/7097"}],"up":[{"embeddable":true,"href":"https:\/\/www.resortambient.ro\/es\/wp-json\/wp\/v2\/pages\/3687"}],"wp:attachment":[{"href":"https:\/\/www.resortambient.ro\/es\/wp-json\/wp\/v2\/media?parent=4240"}],"wp:term":[{"taxonomy":"yst_prominent_words","embeddable":true,"href":"https:\/\/www.resortambient.ro\/es\/wp-json\/wp\/v2\/yst_prominent_words?post=4240"}],"curies":[{"name":"wp","href":"https:\/\/api.w.org\/{rel}","templated":true}]}}