{"id":4086,"date":"2016-09-21T17:10:50","date_gmt":"2016-09-21T14:10:50","guid":{"rendered":"http:\/\/ambientconacul.hotelsperformance.com\/?page_id=4086"},"modified":"2024-10-31T03:36:08","modified_gmt":"2024-10-31T01:36:08","slug":"restaurante-bar","status":"publish","type":"page","link":"https:\/\/www.resortambient.ro\/es\/services\/restaurante-bar\/","title":{"rendered":"Restaurante &#038; Bares"},"content":{"rendered":"<p>[vc_row full_width=&#8221;stretch_row&#8221; position=&#8221;right center&#8221; parallax_layers=&#8221;yes&#8221; style_images=&#8221;yes&#8221; css=&#8221;.vc_custom_1502130980460{margin-top: 50px !important;background-position: 0 0 !important;background-repeat: no-repeat !important;}&#8221; el_class=&#8221;background-none-mobile&#8221; layer_1=&#8221;5065&#8243; parallax_offset=&#8221;150&#8243; layer_1_horizontal=&#8221;left: 55%&#8221; layer_1_ratio=&#8221;1.25123&#8243; layer_1_z=&#8221;1&#8243; layer_1_vertical=&#8221;top: -1%&#8221; layer_2=&#8221;5066&#8243; layer_2_horizontal=&#8221;left: 70%&#8221; layer_2_ratio=&#8221;1.25123&#8243; layer_2_vertical=&#8221;top: 50%&#8221;][vc_column width=&#8221;1\/2&#8243; css=&#8221;.vc_custom_1474196911770{margin-top: -30px !important;}&#8221;][vc_column_text]<\/p>\n<h2 style=\"text-align: center;\"><small><\/small><span style=\"color: #097000;\"><br \/>\nEL DULCE SABOR TRADICIONAL<\/span><\/h2>\n<p class=\"lead\" style=\"text-align: center;\">Si alguna vez has querido saborear platos preparados especialmente para los gustos de su Se\u00f1oria,<\/p>\n<p class=\"lead\" style=\"text-align: center;\">\u00a1Bienvenido a Casa!<\/p>\n<p style=\"text-align: center;\">Aqu\u00ed es el maravilloso lugar en donde ir con confianza en la cocina abierta y susurrar al o\u00eddo del chef h\u00e1bil todo lo que su coraz\u00f3n desea. \u00c9l, un maestro legendario, escuchar\u00e1 atentamente y preparar\u00e1 sabiamente tus ingredientes favoritos, seg\u00fan el gusto y el placer de su Majestad.<\/p>\n<p style=\"text-align: center;\"><a href=\"http:\/\/www.resortambient.ro\/wp-content\/uploads\/2017\/08\/MeniuResortAmbient.pdf\" target=\"_blank\" rel=\"noopener noreferrer\"><strong> Consultar nuestro Men\u00fa<\/strong><\/a><\/p>\n<p>[\/vc_column_text][vc_column_text][\/vc_column_text][\/vc_column][vc_column width=&#8221;1\/2&#8243;][\/vc_column][\/vc_row][vc_row full_width=&#8221;stretch_row_content&#8221; parallax=&#8221;content-moving&#8221; css=&#8221;.vc_custom_1502305685936{background-image: url(http:\/\/www.resortambient.ro\/wp-content\/uploads\/2016\/09\/Restaurant-1.jpg?id=5026) !important;background-position: center;background-repeat: no-repeat !important;background-size: cover !important;}&#8221;][vc_column width=&#8221;1\/2&#8243; css=&#8221;.vc_custom_1476097559435{margin-top: 60px !important;}&#8221;][\/vc_column][vc_column width=&#8221;1\/2&#8243; css=&#8221;.vc_custom_1475049917654{margin-top: 60px !important;}&#8221;][\/vc_column][\/vc_row][vc_row][vc_column width=&#8221;1\/2&#8243; css=&#8221;.vc_custom_1476097559435{margin-top: 60px !important;}&#8221;][vc_images_carousel images=&#8221;4979,4982,4984,5084,5081,5089,5088,5082,5085,5087,5080&#8243; onclick=&#8221;link_no&#8221;][\/vc_column][vc_column width=&#8221;1\/2&#8243; css=&#8221;.vc_custom_1502135446806{margin-top: 120px !important;}&#8221;][vc_column_text]<\/p>\n<h2 style=\"text-align: center;\"><small><\/small><span style=\"color: #097000;\">EVENTOS<\/span><\/h2>\n<p>[\/vc_column_text][vc_column_text]<\/p>\n<p style=\"text-align: center;\">PERSONALIZADOS<\/p>\n<p style=\"text-align: center;\">Para la gran velada, bodas, bautizos y reuniones familiares o con los compa\u00f1eros, el Salon Edelweiss est\u00e1 lleno de banquetes para 210 personas, ofreciendo platos selectos para todos los gustos en el Restaurante A la Carta o Ceremonial.<\/p>\n<p style=\"text-align: center;\">Aqu\u00ed estaremos esperando, queridos invitados, para disfrutar cada paso del feliz encuentro de tiempos atr\u00e1s con aquellos que s\u00f3lo ahora est\u00e1n emergiendo.<\/p>\n<p>[\/vc_column_text][\/vc_column][\/vc_row][vc_row css=&#8221;.vc_custom_1502135379365{margin-top: -130px !important;}&#8221;][vc_column width=&#8221;1\/2&#8243; css=&#8221;.vc_custom_1502135272554{margin-top: 100px !important;}&#8221;][vc_column_text]<\/p>\n<h2 style=\"text-align: center;\"><small><\/small><span style=\"color: #097000;\">MAS NO ES NUNCA DEMASIADO<\/span><\/h2>\n<p>[\/vc_column_text][vc_column_text]<\/p>\n<p style=\"text-align: center;\">Descubre un espacio tradicional diferente<\/p>\n<p style=\"text-align: center;\">Tambi\u00e9n para ustedes, queridos hu\u00e9spedes, hemos preparado para mimar todos los gustos: tres bares para los que pasan la noche aqui, una maravillosa terraza exterior con 50 plazas, un bar r\u00fastico con parrillas, un horno de le\u00f1a y una estufa como la de la abuela.<\/p>\n<p>Y si vienes aqu\u00ed, te sentir\u00e1s relajado d\u00eda a d\u00eda, porque aqu\u00ed la vida es m\u00e1s dulce y en cualquier rinc\u00f3n iras, encontrar\u00e1s un poco de todo, o madera h\u00e1bilmente pintada por los m\u00e1s apreciados, o experimentados platos, o salones de baile, y por las noches seras feliz y nos convertiremos en&#8230;Tu Hogar.[\/vc_column_text][\/vc_column][vc_column width=&#8221;1\/2&#8243; css=&#8221;.vc_custom_1475049917654{margin-top: 60px !important;}&#8221;][vc_images_carousel images=&#8221;5077,5075,5072,5074,5073,5071,5078&#8243; onclick=&#8221;link_no&#8221;][\/vc_column][\/vc_row][vc_row css=&#8221;.vc_custom_1502190630167{margin-top: -130px !important;}&#8221;][vc_column width=&#8221;1\/2&#8243; css=&#8221;.vc_custom_1476097559435{margin-top: 60px !important;}&#8221;][vc_images_carousel images=&#8221;5103,5102&#8243; onclick=&#8221;link_no&#8221;][\/vc_column][vc_column width=&#8221;1\/2&#8243; css=&#8221;.vc_custom_1502190783649{margin-top: 110px !important;}&#8221;][vc_column_text]<\/p>\n<h2 style=\"text-align: center;\"><small><\/small><span style=\"color: #097000;\">BARES<\/span><\/h2>\n<p>[\/vc_column_text][vc_column_text]<\/p>\n<p style=\"text-align: center;\">En el Honor de Todos<\/p>\n<p style=\"text-align: center;\">Invitamos sus Almas Sedientas en los bares Ambient a experimentar sabores sorprendentes. Hemos creado con cari\u00f1o tres bares para ser los lugares de reuni\u00f3n de los gustos, donde el dulce est\u00e1 por encima de la amargura, donde la alegr\u00eda flota en el aire y las almas siempre sonre\u00edr.<\/p>\n<p style=\"text-align: center;\">Desayuno y Bar Late Night (abierto 24\/24). Horario de desayuno 08:00 &#8211; 11:00<br \/>\nBar Terraza para piscina exterior y terraza (durante la temporada de verano)<br \/>\nBar en el Sal\u00f3n de Eventos \/ Restaurante. Horario Bar: 11:00 &#8211; 22: 00. Restaurante 11:00 &#8211; 22:00<\/p>\n<p>[\/vc_column_text][\/vc_column][\/vc_row][vc_row css=&#8221;.vc_custom_1468188424680{margin-top: -90px !important;}&#8221;][vc_column width=&#8221;1\/2&#8243;][vc_column_text]<\/p>\n<h2 class=\"text-center\" style=\"text-align: center;\"><span style=\"color: #097000;\"><i class='fa fa-fw fa-clock-o fa-lg center-block ' style=''><\/i><\/span>Open hours<\/h2>\n<p style=\"text-align: center;\"><strong>Bar Terraza<\/strong> para piscina exterior y terraza (durante la temporada de verano)<br \/>\n<strong>Bar en el Sal\u00f3n de Eventos \/ Restaurante<\/strong>.Horario Bar: 11:00 &#8211; 22:00. Restaurante 11:00 \u2013 22:00<\/p>\n<p>\u00a0[\/vc_column_text][\/vc_column][vc_column width=&#8221;1\/2&#8243;][vc_column_text]<\/p>\n<h2 class=\"text-center\" style=\"text-align: center;\"><span style=\"color: #097000;\"><i class='fa fa-fw fa-book fa-lg center-block ' style=''><\/i><\/span>Reservas<\/h2>\n<p style=\"text-align: center;\">Le esperamos para degustar nuestros platos<\/p>\n<p style=\"text-align: center;\"><a href=\"tel:0040732700300\">004 0732 700300<\/a><br \/>\n<a href=\"mailto:reservations@resortambient.ro\">reservations@resortambient.ro<\/a><\/p>\n<p>[\/vc_column_text][\/vc_column][\/vc_row][vc_row css=&#8221;.vc_custom_1470397530640{margin-bottom: -200px !important;}&#8221;][vc_column][vc_raw_html]JTNDc2NyaXB0JTIwdHlwZSUzRCUyMnRleHQlMkZqYXZhc2NyaXB0JTIyJTIwc3JjJTNEJTIyaHR0cHMlM0ElMkYlMkZvcGVuLnVwcGVyYm9va2luZy5jb20lMkZyZXNvcnRhbWJpZW50JTJGQm9va2luZy5qcyUzRmxvY2FsZSUzRGVzJTIyJTNFJTNDJTJGc2NyaXB0JTNF[\/vc_raw_html][\/vc_column][\/vc_row]<\/p>","protected":false},"excerpt":{"rendered":"<p>[vc_row full_width=&#8221;stretch_row&#8221; position=&#8221;right center&#8221; parallax_layers=&#8221;yes&#8221; style_images=&#8221;yes&#8221; css=&#8221;.vc_custom_1502130980460{margin-top: 50px !important;background-position: 0 0 !important;background-repeat: no-repeat !important;}&#8221; el_class=&#8221;background-none-mobile&#8221; layer_1=&#8221;5065&#8243; parallax_offset=&#8221;150&#8243; layer_1_horizontal=&#8221;left: 55%&#8221; layer_1_ratio=&#8221;1.25123&#8243; [&hellip;]<\/p>\n","protected":false},"author":1,"featured_media":0,"parent":3687,"menu_order":3,"comment_status":"closed","ping_status":"closed","template":"","meta":{"footnotes":""},"yst_prominent_words":[],"class_list":["post-4086","page","type-page","status-publish","hentry"],"yoast_head":"<!-- This site is optimized with the Yoast SEO Premium plugin v14.0.2 - https:\/\/yoast.com\/wordpress\/plugins\/seo\/ -->\n<title>Restaurante &amp; Bares - Resort Ambient - Cristian (Transilvania, Romania)<\/title>\n<meta name=\"robots\" content=\"index, follow\" \/>\n<meta name=\"googlebot\" content=\"index, follow, max-snippet:-1, max-image-preview:large, max-video-preview:-1\" \/>\n<meta name=\"bingbot\" content=\"index, follow, max-snippet:-1, max-image-preview:large, max-video-preview:-1\" \/>\n<link rel=\"canonical\" href=\"https:\/\/www.resortambient.ro\/services\/restaurante-bar\/\" \/>\n<meta property=\"og:locale\" content=\"es_ES\" \/>\n<meta property=\"og:type\" content=\"article\" \/>\n<meta property=\"og:title\" content=\"[:ro]Restaurant &amp; Baruri[:en]Restaurant &amp; Bars[:es]Restaurante &amp; Bares[:de]Restaurant &amp; Bars[:] - Resort Ambient - Cristian (Transilvania, Romania)\" \/>\n<meta property=\"og:description\" content=\"[vc_row full_width=&#8221;stretch_row&#8221; position=&#8221;right center&#8221; parallax_layers=&#8221;yes&#8221; style_images=&#8221;yes&#8221; css=&#8221;.vc_custom_1502130980460{margin-top: 50px !important;background-position: 0 0 !important;background-repeat: no-repeat !important;}&#8221; el_class=&#8221;background-none-mobile&#8221; layer_1=&#8221;5065&#8243; parallax_offset=&#8221;150&#8243; layer_1_horizontal=&#8221;left: 55%&#8221; layer_1_ratio=&#8221;1.25123&#8243; [&hellip;]\" \/>\n<meta property=\"og:url\" content=\"https:\/\/www.resortambient.ro\/services\/restaurante-bar\/\" \/>\n<meta property=\"og:site_name\" content=\"Resort Ambient - Cristian (Transilvania, Romania)\" \/>\n<meta property=\"article:modified_time\" content=\"2024-10-31T01:36:08+00:00\" \/>\n<meta name=\"twitter:card\" content=\"summary\" \/>\n<script type=\"application\/ld+json\" class=\"yoast-schema-graph\">{\"@context\":\"https:\/\/schema.org\",\"@graph\":[{\"@type\":\"WebSite\",\"@id\":\"https:\/\/www.resortambient.ro\/es\/#website\",\"url\":\"https:\/\/www.resortambient.ro\/es\/\",\"name\":\"Resort Ambient - Cristian (Transilvania, Romania)\",\"description\":\"Consigue el mejor precio en el site oficial\",\"potentialAction\":[{\"@type\":\"SearchAction\",\"target\":\"https:\/\/www.resortambient.ro\/es\/?s={search_term_string}\",\"query-input\":\"required name=search_term_string\"}],\"inLanguage\":\"es\"},{\"@type\":\"WebPage\",\"@id\":\"https:\/\/www.resortambient.ro\/services\/restaurante-bar\/#webpage\",\"url\":\"https:\/\/www.resortambient.ro\/services\/restaurante-bar\/\",\"name\":\"[:ro]Restaurant & Baruri[:en]Restaurant & Bars[:es]Restaurante & Bares[:de]Restaurant & Bars[:] - Resort Ambient - Cristian (Transilvania, Romania)\",\"isPartOf\":{\"@id\":\"https:\/\/www.resortambient.ro\/es\/#website\"},\"datePublished\":\"2016-09-21T14:10:50+00:00\",\"dateModified\":\"2024-10-31T01:36:08+00:00\",\"inLanguage\":\"es\",\"potentialAction\":[{\"@type\":\"ReadAction\",\"target\":[\"https:\/\/www.resortambient.ro\/services\/restaurante-bar\/\"]}]}]}<\/script>\n<!-- \/ Yoast SEO Premium plugin. -->","_links":{"self":[{"href":"https:\/\/www.resortambient.ro\/es\/wp-json\/wp\/v2\/pages\/4086","targetHints":{"allow":["GET"]}}],"collection":[{"href":"https:\/\/www.resortambient.ro\/es\/wp-json\/wp\/v2\/pages"}],"about":[{"href":"https:\/\/www.resortambient.ro\/es\/wp-json\/wp\/v2\/types\/page"}],"author":[{"embeddable":true,"href":"https:\/\/www.resortambient.ro\/es\/wp-json\/wp\/v2\/users\/1"}],"replies":[{"embeddable":true,"href":"https:\/\/www.resortambient.ro\/es\/wp-json\/wp\/v2\/comments?post=4086"}],"version-history":[{"count":92,"href":"https:\/\/www.resortambient.ro\/es\/wp-json\/wp\/v2\/pages\/4086\/revisions"}],"predecessor-version":[{"id":7096,"href":"https:\/\/www.resortambient.ro\/es\/wp-json\/wp\/v2\/pages\/4086\/revisions\/7096"}],"up":[{"embeddable":true,"href":"https:\/\/www.resortambient.ro\/es\/wp-json\/wp\/v2\/pages\/3687"}],"wp:attachment":[{"href":"https:\/\/www.resortambient.ro\/es\/wp-json\/wp\/v2\/media?parent=4086"}],"wp:term":[{"taxonomy":"yst_prominent_words","embeddable":true,"href":"https:\/\/www.resortambient.ro\/es\/wp-json\/wp\/v2\/yst_prominent_words?post=4086"}],"curies":[{"name":"wp","href":"https:\/\/api.w.org\/{rel}","templated":true}]}}