{"id":3711,"date":"2016-09-14T19:00:59","date_gmt":"2016-09-14T19:00:59","guid":{"rendered":"http:\/\/ambientconacul.hotelsperformance.com\/?page_id=3711"},"modified":"2017-08-22T22:47:53","modified_gmt":"2017-08-22T19:47:53","slug":"agencies","status":"publish","type":"page","link":"https:\/\/www.resortambient.ro\/es\/contact\/agencies\/","title":{"rendered":"Agencias de Turismo"},"content":{"rendered":"<p>[vc_row][vc_column][vc_column_text]<\/p>\n<h2 style=\"text-align: center;\"><span style=\"color: #097000;\">UN PARTNER DE CONFIANZA<\/span><small>RESORT AMBIENT<\/small><\/h2>\n<p style=\"text-align: center;\">Para informaci\u00f3n m\u00e1s detallada, contratos o acuerdos, es necesario enviar los detalles de la empresa y una solicitud de colaboraci\u00f3n a trav\u00e8s de fax o correo electr\u00f3nico. Recibir\u00e1 nuestra respuesta dentro de 24 horas, como m\u00e1ximo. \u00a1Esperamos trabajar juntos!<\/p>\n<p style=\"text-align: center;\"><strong>N\u00famero fax:<\/strong> 004-0368-808081<br \/>\n<strong>E-mail:<\/strong> reservations@resortambient.ro<\/p>\n<p>[\/vc_column_text][\/vc_column][\/vc_row][vc_row css=&#8221;.vc_custom_1470397530640{margin-bottom: -200px !important;}&#8221;][vc_column][vc_raw_html]JTNDc2NyaXB0JTIwdHlwZSUzRCUyMnRleHQlMkZqYXZhc2NyaXB0JTIyJTIwc3JjJTNEJTIyaHR0cHMlM0ElMkYlMkZvcGVuLnVwcGVyYm9va2luZy5jb20lMkZyZXNvcnRhbWJpZW50JTJGQm9va2luZy5qcyUzRmxvY2FsZSUzRGVzJTIyJTNFJTNDJTJGc2NyaXB0JTNF[\/vc_raw_html][\/vc_column][\/vc_row]<\/p>","protected":false},"excerpt":{"rendered":"<p>[vc_row][vc_column][vc_column_text] UN PARTNER DE CONFIANZARESORT AMBIENT Para informaci\u00f3n m\u00e1s detallada, contratos o acuerdos, es necesario enviar los detalles de la [&hellip;]<\/p>\n","protected":false},"author":1,"featured_media":0,"parent":3707,"menu_order":1,"comment_status":"closed","ping_status":"closed","template":"","meta":{"footnotes":""},"yst_prominent_words":[],"class_list":["post-3711","page","type-page","status-publish","hentry"],"yoast_head":"<!-- This site is optimized with the Yoast SEO Premium plugin v14.0.2 - https:\/\/yoast.com\/wordpress\/plugins\/seo\/ -->\n<title>Agencias de Turismo - Resort Ambient - Cristian (Transilvania, Romania)<\/title>\n<meta name=\"robots\" content=\"index, follow\" \/>\n<meta name=\"googlebot\" content=\"index, follow, max-snippet:-1, max-image-preview:large, max-video-preview:-1\" \/>\n<meta name=\"bingbot\" content=\"index, follow, max-snippet:-1, max-image-preview:large, max-video-preview:-1\" \/>\n<link rel=\"canonical\" href=\"https:\/\/www.resortambient.ro\/contact\/agencies\/\" \/>\n<meta property=\"og:locale\" content=\"es_ES\" \/>\n<meta property=\"og:type\" content=\"article\" \/>\n<meta property=\"og:title\" content=\"[:ro]Agen\u0163ii de Turism[:en]Travel Agencies[:es]Agencias de Turismo[:de]Tourismusagenturen[:] - Resort Ambient - Cristian (Transilvania, Romania)\" \/>\n<meta property=\"og:description\" content=\"[vc_row][vc_column][vc_column_text] UN PARTNER DE CONFIANZARESORT AMBIENT Para informaci\u00f3n m\u00e1s detallada, contratos o acuerdos, es necesario enviar los detalles de la [&hellip;]\" \/>\n<meta property=\"og:url\" content=\"https:\/\/www.resortambient.ro\/contact\/agencies\/\" \/>\n<meta property=\"og:site_name\" content=\"Resort Ambient - Cristian (Transilvania, Romania)\" \/>\n<meta property=\"article:modified_time\" content=\"2017-08-22T19:47:53+00:00\" \/>\n<meta name=\"twitter:card\" content=\"summary\" \/>\n<script type=\"application\/ld+json\" class=\"yoast-schema-graph\">{\"@context\":\"https:\/\/schema.org\",\"@graph\":[{\"@type\":\"WebSite\",\"@id\":\"https:\/\/www.resortambient.ro\/es\/#website\",\"url\":\"https:\/\/www.resortambient.ro\/es\/\",\"name\":\"Resort Ambient - Cristian (Transilvania, Romania)\",\"description\":\"Consigue el mejor precio en el site oficial\",\"potentialAction\":[{\"@type\":\"SearchAction\",\"target\":\"https:\/\/www.resortambient.ro\/es\/?s={search_term_string}\",\"query-input\":\"required name=search_term_string\"}],\"inLanguage\":\"es\"},{\"@type\":\"WebPage\",\"@id\":\"https:\/\/www.resortambient.ro\/contact\/agencies\/#webpage\",\"url\":\"https:\/\/www.resortambient.ro\/contact\/agencies\/\",\"name\":\"[:ro]Agen\\u0163ii de Turism[:en]Travel Agencies[:es]Agencias de Turismo[:de]Tourismusagenturen[:] - Resort Ambient - Cristian (Transilvania, Romania)\",\"isPartOf\":{\"@id\":\"https:\/\/www.resortambient.ro\/es\/#website\"},\"datePublished\":\"2016-09-14T19:00:59+00:00\",\"dateModified\":\"2017-08-22T19:47:53+00:00\",\"inLanguage\":\"es\",\"potentialAction\":[{\"@type\":\"ReadAction\",\"target\":[\"https:\/\/www.resortambient.ro\/contact\/agencies\/\"]}]}]}<\/script>\n<!-- \/ Yoast SEO Premium plugin. -->","_links":{"self":[{"href":"https:\/\/www.resortambient.ro\/es\/wp-json\/wp\/v2\/pages\/3711","targetHints":{"allow":["GET"]}}],"collection":[{"href":"https:\/\/www.resortambient.ro\/es\/wp-json\/wp\/v2\/pages"}],"about":[{"href":"https:\/\/www.resortambient.ro\/es\/wp-json\/wp\/v2\/types\/page"}],"author":[{"embeddable":true,"href":"https:\/\/www.resortambient.ro\/es\/wp-json\/wp\/v2\/users\/1"}],"replies":[{"embeddable":true,"href":"https:\/\/www.resortambient.ro\/es\/wp-json\/wp\/v2\/comments?post=3711"}],"version-history":[{"count":11,"href":"https:\/\/www.resortambient.ro\/es\/wp-json\/wp\/v2\/pages\/3711\/revisions"}],"predecessor-version":[{"id":5432,"href":"https:\/\/www.resortambient.ro\/es\/wp-json\/wp\/v2\/pages\/3711\/revisions\/5432"}],"up":[{"embeddable":true,"href":"https:\/\/www.resortambient.ro\/es\/wp-json\/wp\/v2\/pages\/3707"}],"wp:attachment":[{"href":"https:\/\/www.resortambient.ro\/es\/wp-json\/wp\/v2\/media?parent=3711"}],"wp:term":[{"taxonomy":"yst_prominent_words","embeddable":true,"href":"https:\/\/www.resortambient.ro\/es\/wp-json\/wp\/v2\/yst_prominent_words?post=3711"}],"curies":[{"name":"wp","href":"https:\/\/api.w.org\/{rel}","templated":true}]}}