{"id":3707,"date":"2016-09-14T18:59:34","date_gmt":"2016-09-14T18:59:34","guid":{"rendered":"http:\/\/ambientconacul.hotelsperformance.com\/?page_id=3707"},"modified":"2025-04-03T23:48:46","modified_gmt":"2025-04-03T20:48:46","slug":"contact","status":"publish","type":"page","link":"https:\/\/www.resortambient.ro\/es\/contact\/","title":{"rendered":"Contacto"},"content":{"rendered":"<p>[vc_row][vc_column width=&#8221;7\/12&#8243;][vc_column_text]<strong>Si desea realizar una reserva,\u00a0h\u00e1galo directamente en nuestra p\u00e1gina web y obtendr\u00e1 el mejor precio y condiciones<\/strong>[\/vc_column_text]\t<div id=\"ninja_forms_form_9_cont\" class=\"ninja-forms-cont\">\n\t\t<div id=\"ninja_forms_form_9_wrap\" class=\"ninja-forms-form-wrap\">\n\t<div id=\"ninja_forms_form_9_response_msg\" style=\"\" class=\"ninja-forms-response-msg \"><\/div>\t<form id=\"ninja_forms_form_9\" enctype=\"multipart\/form-data\" method=\"post\" name=\"\" action=\"\" class=\"ninja-forms-form\">\n\n\t<input type=\"hidden\" id=\"_wpnonce\" name=\"_wpnonce\" value=\"2fc0f0256b\" \/><input type=\"hidden\" name=\"_wp_http_referer\" value=\"\/es\/wp-json\/wp\/v2\/pages\/3707\" \/>\t<input type=\"hidden\" name=\"_ninja_forms_display_submit\" value=\"1\">\n\t<input type=\"hidden\" name=\"_form_id\"  id=\"_form_id\" value=\"9\">\n\t\t<div class=\"hp-wrap\">\n\t\t<label>Si eres un ser humano y est\u00e1s viendo este campo, por favor, d\u00e9jalo en blanco.\t\t\t<input type=\"text\" value=\"\" name=\"_qAWVI\">\n\t\t\t<input type=\"hidden\" value=\"_qAWVI\" name=\"_hp_name\">\n\t\t<\/label>\n\t<\/div>\n\t\t<div id=\"ninja_forms_form_9_all_fields_wrap\" class=\"ninja-forms-all-fields-wrap\">\n\t\t\t<div class=\"ninja-forms-required-items\">Los campos marcados con <span class=\"ninja-forms-req-symbol\">*<\/span> son obligatorios<\/div>\n\t\t\t\t\t\t\t\t<div class=\"field-wrap text-wrap label-above\"  id=\"ninja_forms_field_13_div_wrap\" data-visible=\"1\">\n\t\t\t\t\t\t\t<input type=\"hidden\" id=\"ninja_forms_field_13_type\" value=\"text\">\n\t\t<label for=\"ninja_forms_field_13\" id=\"ninja_forms_field_13_label\" class=\"\">Nombre <span class='ninja-forms-req-symbol'><strong>*<\/strong><\/span>\t\t\t\t<\/label>\n\t\t\t<input id=\"ninja_forms_field_13\" data-mask=\"\" data-input-limit=\"\" data-input-limit-type=\"char\" data-input-limit-msg=\"\" name=\"ninja_forms_field_13\" type=\"text\" placeholder=\"\" class=\"ninja-forms-field  ninja-forms-req \" value=\"\" rel=\"13\"   \/>\n\t\t<div id=\"ninja_forms_field_13_error\" style=\"display:none;\" class=\"ninja-forms-field-error\">\n\t\t<\/div>\n\t\t\t\t\t\t\t<\/div>\n\t\t\t\t\t\t\t\t\t\t\t\t<div class=\"field-wrap text-wrap label-above\"  id=\"ninja_forms_field_14_div_wrap\" data-visible=\"1\">\n\t\t\t\t\t\t\t<input type=\"hidden\" id=\"ninja_forms_field_14_type\" value=\"text\">\n\t\t<label for=\"ninja_forms_field_14\" id=\"ninja_forms_field_14_label\" class=\"\">Email <span class='ninja-forms-req-symbol'><strong>*<\/strong><\/span>\t\t\t\t<\/label>\n\t\t\t<input id=\"ninja_forms_field_14\" data-mask=\"\" data-input-limit=\"\" data-input-limit-type=\"char\" data-input-limit-msg=\"\" name=\"ninja_forms_field_14\" type=\"text\" placeholder=\"\" class=\"ninja-forms-field  ninja-forms-req email \" value=\"\" rel=\"14\"   \/>\n\t\t<div id=\"ninja_forms_field_14_error\" style=\"display:none;\" class=\"ninja-forms-field-error\">\n\t\t<\/div>\n\t\t\t\t\t\t\t<\/div>\n\t\t\t\t\t\t\t\t\t\t\t\t<div class=\"field-wrap text-wrap label-above\"  id=\"ninja_forms_field_15_div_wrap\" data-visible=\"1\">\n\t\t\t\t\t\t\t<input type=\"hidden\" id=\"ninja_forms_field_15_type\" value=\"text\">\n\t\t<label for=\"ninja_forms_field_15\" id=\"ninja_forms_field_15_label\" class=\"\">Tel\u00e9fono \t\t\t\t<\/label>\n\t\t\t<input id=\"ninja_forms_field_15\" data-mask=\"\" data-input-limit=\"\" data-input-limit-type=\"char\" data-input-limit-msg=\"\" name=\"ninja_forms_field_15\" type=\"text\" placeholder=\"\" class=\"ninja-forms-field  \" value=\"\" rel=\"15\"   \/>\n\t\t<div id=\"ninja_forms_field_15_error\" style=\"display:none;\" class=\"ninja-forms-field-error\">\n\t\t<\/div>\n\t\t\t\t\t\t\t<\/div>\n\t\t\t\t\t\t\t\t\t\t\t\t<div class=\"field-wrap textarea-wrap label-above\"  id=\"ninja_forms_field_16_div_wrap\" data-visible=\"1\">\n\t\t\t\t\t\t\t<input type=\"hidden\" id=\"ninja_forms_field_16_type\" value=\"textarea\">\n\t\t<label for=\"ninja_forms_field_16\" id=\"ninja_forms_field_16_label\" class=\"\">Mensaje <span class='ninja-forms-req-symbol'><strong>*<\/strong><\/span>\t\t\t\t<\/label>\n\t\t\t\t<textarea name=\"ninja_forms_field_16\" id=\"ninja_forms_field_16\" class=\"ninja-forms-field  ninja-forms-req\" rel=\"16\" data-input-limit=\"\" data-input-limit-type=\"char\" data-input-limit-msg=\"\"><\/textarea>\n\t\t\t<div id=\"ninja_forms_field_16_error\" style=\"display:none;\" class=\"ninja-forms-field-error\">\n\t\t<\/div>\n\t\t\t\t\t\t\t<\/div>\n\t\t\t\t\t\t\t\t\t\t\t\t<div class=\"field-wrap recaptcha-wrap label-above\"  id=\"ninja_forms_field_33_div_wrap\" data-visible=\"1\">\n\t\t\t\t\t\t\t<input type=\"hidden\" id=\"ninja_forms_field_33_type\" value=\"recaptcha\">\n\t\t<label for=\"ninja_forms_field_33\" id=\"ninja_forms_field_33_label\" class=\"\">Confirma que no eres un robot <span class='ninja-forms-req-symbol'><strong>*<\/strong><\/span>\t\t\t\t<\/label>\n\t\t\t\t<input id=\"ninja_forms_field_33\" name=\"ninja_forms_field_33\" type=\"hidden\" class=\"ninja-forms-field  ninja-forms-req\" value=\"\" rel=\"33\" \/>\n\t\t<div class=\"g-recaptcha\" data-callback=\"nf_recaptcha_set_field_value\" data-sitekey=\"6LexFiwUAAAAAENBB0bZbqx4V7TPEx6eX-pwZOPO\"><\/div>\n        <script type=\"text\/javascript\" src=\"https:\/\/www.google.com\/recaptcha\/api.js?hl=en,\"> <\/script>\n\t\t<script type=\"text\/javascript\">\n            function nf_recaptcha_set_field_value(inpval){\n            \tjQuery(\"#ninja_forms_field_33\").val(inpval)\n            }\n            <\/script>\n\t\t\t<div id=\"ninja_forms_field_33_error\" style=\"display:none;\" class=\"ninja-forms-field-error\">\n\t\t<\/div>\n\t\t\t\t\t\t\t<\/div>\n\t\t\t\t\t\t\t\t\t\t\t\t<div class=\"field-wrap checkbox-wrap label-right\"  id=\"ninja_forms_field_43_div_wrap\" data-visible=\"1\">\n\t\t\t\t\t\t\t<input type=\"hidden\" id=\"ninja_forms_field_43_type\" value=\"checkbox\">\n<input id=\"\" name=\"ninja_forms_field_43\" type=\"hidden\" value=\"unchecked\" \/><input id=\"ninja_forms_field_43\" name=\"ninja_forms_field_43\" type=\"checkbox\" class=\"ninja-forms-field  ninja-forms-req\" value=\"checked\"  rel=\"43\"\/>\t\t<label for=\"ninja_forms_field_43\" id=\"ninja_forms_field_43_label\" class=\"\">He le\u00eddo y acepto la <a href=\"\/contact\/terms\">pol\u00edtica de privacidad<\/a> <span class='ninja-forms-req-symbol'><strong>*<\/strong><\/span>\t\t\t\t<\/label>\n\t\t\t<div id=\"ninja_forms_field_43_error\" style=\"display:none;\" class=\"ninja-forms-field-error\">\n\t\t<\/div>\n\t\t\t\t\t\t\t<\/div>\n\t\t\t\t\t\t\t\t\t\t\t\t<div class=\"field-wrap checkbox-wrap label-right\"  id=\"ninja_forms_field_44_div_wrap\" data-visible=\"1\">\n\t\t\t\t\t\t\t<input type=\"hidden\" id=\"ninja_forms_field_44_type\" value=\"checkbox\">\n<input id=\"\" name=\"ninja_forms_field_44\" type=\"hidden\" value=\"unchecked\" \/><input id=\"ninja_forms_field_44\" name=\"ninja_forms_field_44\" type=\"checkbox\" class=\"ninja-forms-field \" value=\"checked\"  rel=\"44\"\/>\t\t<label for=\"ninja_forms_field_44\" id=\"ninja_forms_field_44_label\" class=\"\">Autorizo al env\u00edo de comunicaciones electr\u00f3nicas informativas relativas a las actividades, productos o servicios por correo electr\u00f3nico o cualquier otro medio electr\u00f3nico equivalente \t\t\t\t<\/label>\n\t\t\t<div id=\"ninja_forms_field_44_error\" style=\"display:none;\" class=\"ninja-forms-field-error\">\n\t\t<\/div>\n\t\t\t\t\t\t\t<\/div>\n\t\t\t\t\t\t\t\t\t\t\t\t<div class=\"field-wrap submit-wrap label-above\"  id=\"ninja_forms_field_18_div_wrap\" data-visible=\"1\">\n\t\t\t\t\t\t\t<input type=\"hidden\" id=\"ninja_forms_field_18_type\" value=\"submit\">\n\t<div id=\"nf_submit_9\">\n\t\t<input type=\"submit\" name=\"_ninja_forms_field_18\" class=\"ninja-forms-field \" id=\"ninja_forms_field_18\" value=\"Enviar\" rel=\"18\" >\n\t<\/div>\n\t<div id=\"nf_processing_9\" style=\"display:none;\">\n\t\t<input type=\"submit\" name=\"_ninja_forms_field_18\" class=\"ninja-forms-field \" id=\"ninja_forms_field_18\" value=\"Procesando\" rel=\"18\" disabled>\n\t<\/div>\n\t\t<div id=\"ninja_forms_field_18_error\" style=\"display:none;\" class=\"ninja-forms-field-error\">\n\t\t<\/div>\n\t\t\t\t\t\t\t<\/div>\n\t\t\t\t\t\t\t<\/div>\n\t\t<\/form>\n\t\t<\/div>\n\t\t<\/div>\n\t[\/vc_column][vc_column width=&#8221;1\/3&#8243; offset=&#8221;vc_col-sm-offset-1&#8243;][vc_column_text]<\/p>\n<h3>Ponte en contacto con nosotros<\/h3>\n<p>Nuestro equipo esta a tu disposici\u00f3n para solucionar cualquier duda relacionada con tu reserva, eventos, transfers, salas de reuniones o cualquier otro tema, estaremos encantados de ayudarte.<\/p>\n<h3>Suscr\u00edbete a nuestro Newsletter<\/h3>\n\t<div id=\"ninja_forms_form_25_cont\" class=\"ninja-forms-cont\">\n\t\t<div id=\"ninja_forms_form_25_wrap\" class=\"ninja-forms-form-wrap\">\n\t<div id=\"ninja_forms_form_25_response_msg\" style=\"\" class=\"ninja-forms-response-msg \"><\/div>\t<form id=\"ninja_forms_form_25\" enctype=\"multipart\/form-data\" method=\"post\" name=\"\" action=\"\" class=\"ninja-forms-form\">\n\n\t<input type=\"hidden\" id=\"_wpnonce\" name=\"_wpnonce\" value=\"5cf3bcdce1\" \/><input type=\"hidden\" name=\"_wp_http_referer\" value=\"\/es\/wp-json\/wp\/v2\/pages\/3707\" \/>\t<input type=\"hidden\" name=\"_ninja_forms_display_submit\" value=\"1\">\n\t<input type=\"hidden\" name=\"_form_id\"  id=\"_form_id\" value=\"25\">\n\t\t<div class=\"hp-wrap\">\n\t\t<label>Si eres un ser humano y est\u00e1s viendo este campo, por favor, d\u00e9jalo en blanco.\t\t\t<input type=\"text\" value=\"\" name=\"_EG6zo\">\n\t\t\t<input type=\"hidden\" value=\"_EG6zo\" name=\"_hp_name\">\n\t\t<\/label>\n\t<\/div>\n\t\t<div id=\"ninja_forms_form_25_all_fields_wrap\" class=\"ninja-forms-all-fields-wrap\">\n\t\t\t<div class=\"ninja-forms-required-items\">Los campos marcados con <span class=\"ninja-forms-req-symbol\">*<\/span> son obligatorios<\/div>\n\t\t\t\t\t\t\t\t<div class=\"field-wrap text-wrap label-above\"  id=\"ninja_forms_field_29_div_wrap\" data-visible=\"1\">\n\t\t\t\t\t\t\t<input type=\"hidden\" id=\"ninja_forms_field_29_type\" value=\"text\">\n\t\t<label for=\"ninja_forms_field_29\" id=\"ninja_forms_field_29_label\" class=\"\">Email <span class='ninja-forms-req-symbol'><strong>*<\/strong><\/span>\t\t\t\t<\/label>\n\t\t\t<input id=\"ninja_forms_field_29\" data-mask=\"\" data-input-limit=\"\" data-input-limit-type=\"char\" data-input-limit-msg=\"\" name=\"ninja_forms_field_29\" type=\"text\" placeholder=\"\" class=\"ninja-forms-field  ninja-forms-req email \" value=\"\" rel=\"29\"   \/>\n\t\t<div id=\"ninja_forms_field_29_error\" style=\"display:none;\" class=\"ninja-forms-field-error\">\n\t\t<\/div>\n\t\t\t\t\t\t\t<\/div>\n\t\t\t\t\t\t\t\t\t\t\t\t<div class=\"field-wrap submit-wrap label-above\"  id=\"ninja_forms_field_30_div_wrap\" data-visible=\"1\">\n\t\t\t\t\t\t\t<input type=\"hidden\" id=\"ninja_forms_field_30_type\" value=\"submit\">\n\t<div id=\"nf_submit_25\">\n\t\t<input type=\"submit\" name=\"_ninja_forms_field_30\" class=\"ninja-forms-field \" id=\"ninja_forms_field_30\" value=\"Enviar\" rel=\"30\" >\n\t<\/div>\n\t<div id=\"nf_processing_25\" style=\"display:none;\">\n\t\t<input type=\"submit\" name=\"_ninja_forms_field_30\" class=\"ninja-forms-field \" id=\"ninja_forms_field_30\" value=\"Procesando\" rel=\"30\" disabled>\n\t<\/div>\n\t\t<div id=\"ninja_forms_field_30_error\" style=\"display:none;\" class=\"ninja-forms-field-error\">\n\t\t<\/div>\n\t\t\t\t\t\t\t<\/div>\n\t\t\t\t\t\t\t<\/div>\n\t\t<\/form>\n\t\t<\/div>\n\t\t<\/div>\n\t\n<h3>\u00f3 \u00fanete a nuestro equipo<\/h3>\n<p>Estamos\u00a0constantemente buscando personas\u00a0entusiastas, con una visi\u00f3n abierta y con experiencia, en especial buscamos\u00a0personas con estudios en el \u00e1rea de turismo.\u00a0<a href=\"\/es\/contact\/work-with-us\/\"><strong>Saber m\u00e1s\u00a0<\/strong><\/a><\/p>\n<p>Datos fiscales:<br \/>\nSC Euro-Tour SRL<br \/>\nCUI \/ VAT : RO11371616<br \/>\nNo. de Registro J1999000028080<br \/>\nSt. Aninoasa 5, Brasov, Romania<br \/>\nRON IBAN : RO60BACX0000003009655000<br \/>\nEURO IBAN : RO06BACX0000003009655002<br \/>\nUNICREDIT, BRASOV<br \/>\nSwift: BACXROBU<br \/>\nN\u00famero del certificado de clasificaci\u00f3n: 30842<\/p>\n<figure id=\"attachment_7089\" aria-describedby=\"caption-attachment-7089\" style=\"width: 150px\" class=\"wp-caption alignnone\"><a href=\"https:\/\/www.resortambient.ro\/wp-content\/uploads\/2024\/10\/Classification-certificate-resort-scaled.jpg\" rel=\"attachment noopener wp-att-7089\"><img loading=\"lazy\" decoding=\"async\" class=\"wp-image-7089 size-thumbnail\" title=\"Certificado de clasificaci\u00f3n\" src=\"https:\/\/www.resortambient.ro\/wp-content\/uploads\/2024\/10\/Classification-certificate-resort-150x150.jpg\" alt=\"Classification certificate\" width=\"150\" height=\"150\" \/><\/a><figcaption id=\"caption-attachment-7089\" class=\"wp-caption-text\">Classification certificate<\/figcaption><\/figure>\n<p>[\/vc_column_text][\/vc_column][\/vc_row][vc_row css=&#8221;.vc_custom_1470397530640{margin-bottom: -200px !important;}&#8221;][vc_column][vc_raw_html]JTNDc2NyaXB0JTIwdHlwZSUzRCUyMnRleHQlMkZqYXZhc2NyaXB0JTIyJTIwc3JjJTNEJTIyaHR0cHMlM0ElMkYlMkZvcGVuLnVwcGVyYm9va2luZy5jb20lMkZyZXNvcnRhbWJpZW50JTJGQm9va2luZy5qcyUzRmxvY2FsZSUzRGVuJTIyJTNFJTNDJTJGc2NyaXB0JTNF[\/vc_raw_html][\/vc_column][\/vc_row]<\/p>","protected":false},"excerpt":{"rendered":"<p>[vc_row][vc_column width=&#8221;7\/12&#8243;][vc_column_text]Si desea realizar una reserva,\u00a0h\u00e1galo directamente en nuestra p\u00e1gina web y obtendr\u00e1 el mejor precio y condiciones[\/vc_column_text][\/vc_column][vc_column width=&#8221;1\/3&#8243; offset=&#8221;vc_col-sm-offset-1&#8243;][vc_column_text] [&hellip;]<\/p>\n","protected":false},"author":1,"featured_media":0,"parent":0,"menu_order":6,"comment_status":"closed","ping_status":"closed","template":"page-templates\/contact-2.php","meta":{"footnotes":""},"yst_prominent_words":[144,143,131,121,126,118,145,124,123,117,132,127,129,130,120,116,125,122,128,119],"class_list":["post-3707","page","type-page","status-publish","hentry"],"yoast_head":"<!-- This site is optimized with the Yoast SEO Premium plugin v14.0.2 - https:\/\/yoast.com\/wordpress\/plugins\/seo\/ -->\n<title>Contacto - Resort Ambient - Cristian (Transilvania, Romania)<\/title>\n<meta name=\"robots\" content=\"index, follow\" \/>\n<meta name=\"googlebot\" content=\"index, follow, max-snippet:-1, max-image-preview:large, max-video-preview:-1\" \/>\n<meta name=\"bingbot\" content=\"index, follow, max-snippet:-1, max-image-preview:large, max-video-preview:-1\" \/>\n<link rel=\"canonical\" href=\"https:\/\/www.resortambient.ro\/contact\/\" \/>\n<meta property=\"og:locale\" content=\"es_ES\" \/>\n<meta property=\"og:type\" content=\"article\" \/>\n<meta property=\"og:title\" content=\"[:ro]Contact[:en]Contact[:es]Contacto[:de]Kontakt[:] - Resort Ambient - Cristian (Transilvania, Romania)\" \/>\n<meta property=\"og:description\" content=\"[vc_row][vc_column width=&#8221;7\/12&#8243;][vc_column_text]Si desea realizar una reserva,\u00a0h\u00e1galo directamente en nuestra p\u00e1gina web y obtendr\u00e1 el mejor precio y condiciones[\/vc_column_text][\/vc_column][vc_column width=&#8221;1\/3&#8243; offset=&#8221;vc_col-sm-offset-1&#8243;][vc_column_text] [&hellip;]\" \/>\n<meta property=\"og:url\" content=\"https:\/\/www.resortambient.ro\/contact\/\" \/>\n<meta property=\"og:site_name\" content=\"Resort Ambient - Cristian (Transilvania, Romania)\" \/>\n<meta property=\"article:modified_time\" content=\"2025-04-03T20:48:46+00:00\" \/>\n<meta property=\"og:image\" content=\"https:\/\/www.resortambient.ro\/wp-content\/uploads\/2024\/10\/Classification-certificate-resort-150x150.jpg\" \/>\n<meta name=\"twitter:card\" content=\"summary\" \/>\n<script type=\"application\/ld+json\" class=\"yoast-schema-graph\">{\"@context\":\"https:\/\/schema.org\",\"@graph\":[{\"@type\":\"WebSite\",\"@id\":\"https:\/\/www.resortambient.ro\/es\/#website\",\"url\":\"https:\/\/www.resortambient.ro\/es\/\",\"name\":\"Resort Ambient - Cristian (Transilvania, Romania)\",\"description\":\"Consigue el mejor precio en el site oficial\",\"potentialAction\":[{\"@type\":\"SearchAction\",\"target\":\"https:\/\/www.resortambient.ro\/es\/?s={search_term_string}\",\"query-input\":\"required name=search_term_string\"}],\"inLanguage\":\"es\"},{\"@type\":\"ImageObject\",\"@id\":\"https:\/\/www.resortambient.ro\/contact\/#primaryimage\",\"inLanguage\":\"es\",\"url\":\"https:\/\/www.resortambient.ro\/wp-content\/uploads\/2024\/10\/Classification-certificate-resort-150x150.jpg\"},{\"@type\":\"WebPage\",\"@id\":\"https:\/\/www.resortambient.ro\/contact\/#webpage\",\"url\":\"https:\/\/www.resortambient.ro\/contact\/\",\"name\":\"[:ro]Contact[:en]Contact[:es]Contacto[:de]Kontakt[:] - Resort Ambient - Cristian (Transilvania, Romania)\",\"isPartOf\":{\"@id\":\"https:\/\/www.resortambient.ro\/es\/#website\"},\"primaryImageOfPage\":{\"@id\":\"https:\/\/www.resortambient.ro\/contact\/#primaryimage\"},\"datePublished\":\"2016-09-14T18:59:34+00:00\",\"dateModified\":\"2025-04-03T20:48:46+00:00\",\"inLanguage\":\"es\",\"potentialAction\":[{\"@type\":\"ReadAction\",\"target\":[\"https:\/\/www.resortambient.ro\/contact\/\"]}]}]}<\/script>\n<!-- \/ Yoast SEO Premium plugin. -->","_links":{"self":[{"href":"https:\/\/www.resortambient.ro\/es\/wp-json\/wp\/v2\/pages\/3707","targetHints":{"allow":["GET"]}}],"collection":[{"href":"https:\/\/www.resortambient.ro\/es\/wp-json\/wp\/v2\/pages"}],"about":[{"href":"https:\/\/www.resortambient.ro\/es\/wp-json\/wp\/v2\/types\/page"}],"author":[{"embeddable":true,"href":"https:\/\/www.resortambient.ro\/es\/wp-json\/wp\/v2\/users\/1"}],"replies":[{"embeddable":true,"href":"https:\/\/www.resortambient.ro\/es\/wp-json\/wp\/v2\/comments?post=3707"}],"version-history":[{"count":33,"href":"https:\/\/www.resortambient.ro\/es\/wp-json\/wp\/v2\/pages\/3707\/revisions"}],"predecessor-version":[{"id":7144,"href":"https:\/\/www.resortambient.ro\/es\/wp-json\/wp\/v2\/pages\/3707\/revisions\/7144"}],"wp:attachment":[{"href":"https:\/\/www.resortambient.ro\/es\/wp-json\/wp\/v2\/media?parent=3707"}],"wp:term":[{"taxonomy":"yst_prominent_words","embeddable":true,"href":"https:\/\/www.resortambient.ro\/es\/wp-json\/wp\/v2\/yst_prominent_words?post=3707"}],"curies":[{"name":"wp","href":"https:\/\/api.w.org\/{rel}","templated":true}]}}