{"id":3697,"date":"2016-09-14T18:42:59","date_gmt":"2016-09-14T15:42:59","guid":{"rendered":"http:\/\/ambientconacul.hotelsperformance.com\/?page_id=3697"},"modified":"2021-06-15T23:24:35","modified_gmt":"2021-06-15T20:24:35","slug":"breakfast","status":"publish","type":"page","link":"https:\/\/www.resortambient.ro\/es\/services\/breakfast\/","title":{"rendered":"Desayuno"},"content":{"rendered":"<p>[vc_row full_width=&#8221;stretch_row&#8221; position=&#8221;center center&#8221; css=&#8221;.vc_custom_1502119574864{margin-top: 50px !important;background-position: center !important;background-repeat: no-repeat !important;background-size: cover !important;}&#8221;][vc_column width=&#8221;1\/2&#8243; css=&#8221;.vc_custom_1474485182776{background-color: rgba(255,255,255,0.83) !important;*background-color: rgb(255,255,255) !important;}&#8221;][vc_column_text]<\/p>\n<h1 class=\"text-uppercase\" style=\"text-align: center;\"><small><\/small><span style=\"color: #097000;\">MA\u00d1ANAS TRANQUILAS Y SABROSAS<\/span><\/h1>\n<p class=\"lead\" style=\"text-align: center;\">\u00a1Le invitamos a comenzar el d\u00eda con una sonrisa en los labios!<\/p>\n<p class=\"lead\" style=\"text-align: center;\">Tendremos el honor de alegrarles las ma\u00f1anas y sus sentidos con nuestro desayuno buffet de cocina abierta, donde podr\u00e1 elegir los ingredientes frescos que le gustar\u00eda ser cocinados por nuestro chef. El desayuno se sirve de lunes a s\u00e1bado de 8 a 11 con platos calientes y fr\u00edos: quesos tradicionales, salchichas, reposter\u00eda y mermeladas caseras, verduras org\u00e1nicas, jard\u00edn, zumo, caf\u00e9 y agua.<\/p>\n<p>[\/vc_column_text][\/vc_column][vc_column width=&#8221;1\/2&#8243;][vc_single_image image=&#8221;4995&#8243; img_size=&#8221;full&#8221; alignment=&#8221;center&#8221; css=&#8221;.vc_custom_1502119607101{margin-top: -30px !important;}&#8221;][\/vc_column][\/vc_row][vc_row full_width=&#8221;stretch_row&#8221; css=&#8221;.vc_custom_1502123456033{margin-top: -100px !important;background-position: center !important;background-repeat: no-repeat !important;background-size: cover !important;}&#8221;][vc_column][vc_images_carousel images=&#8221;5007,5006,5008,5005&#8243; onclick=&#8221;link_no&#8221;][\/vc_column][\/vc_row][vc_row css=&#8221;.vc_custom_1474487325771{margin-top: -90px !important;margin-bottom: -180px !important;}&#8221;][vc_column width=&#8221;1\/4&#8243;][\/vc_column][vc_column width=&#8221;1\/2&#8243;][vc_column_text]<\/p>\n<h2 class=\"text-center\" style=\"text-align: center;\"><span style=\"color: #097000;\"><i class='fa fa-fw fa-clock-o fa-lg center-block ' style=''><\/i><\/span>Horario de desayuno<\/h2>\n<p style=\"text-align: center;\">Disfrute de una experiencia personalizada<\/p>\n<p style=\"text-align: center;\">8am &#8211; 11am<\/p>\n<p>[\/vc_column_text][\/vc_column][vc_column width=&#8221;1\/4&#8243;][\/vc_column][\/vc_row][vc_row][vc_column css=&#8221;.vc_custom_1472663865345{margin-bottom: -200px !important;}&#8221;][vc_raw_html css=&#8221;.vc_custom_1503429735294{background-image: url(http:\/\/ambientpension.hotelsperformance.com\/wp-content\/uploads\/2014\/09\/pensiuneambient.jpg?id=5755) !important;}&#8221;]JTNDc2NyaXB0JTIwdHlwZSUzRCUyMnRleHQlMkZqYXZhc2NyaXB0JTIyJTIwc3JjJTNEJTIyaHR0cHMlM0ElMkYlMkZvcGVuLnVwcGVyYm9va2luZy5jb20lMkZyZXNvcnRhbWJpZW50JTJGQm9va2luZy5qcyUzRmxvY2FsZSUzRGVzJTIyJTNFJTNDJTJGc2NyaXB0JTNF[\/vc_raw_html][\/vc_column][\/vc_row]<\/p>","protected":false},"excerpt":{"rendered":"<p>[vc_row full_width=&#8221;stretch_row&#8221; position=&#8221;center center&#8221; css=&#8221;.vc_custom_1502119574864{margin-top: 50px !important;background-position: center !important;background-repeat: no-repeat !important;background-size: cover !important;}&#8221;][vc_column width=&#8221;1\/2&#8243; css=&#8221;.vc_custom_1474485182776{background-color: rgba(255,255,255,0.83) !important;*background-color: rgb(255,255,255) !important;}&#8221;][vc_column_text] MA\u00d1ANAS [&hellip;]<\/p>\n","protected":false},"author":1,"featured_media":0,"parent":3687,"menu_order":2,"comment_status":"closed","ping_status":"closed","template":"","meta":{"footnotes":""},"yst_prominent_words":[],"class_list":["post-3697","page","type-page","status-publish","hentry"],"yoast_head":"<!-- This site is optimized with the Yoast SEO Premium plugin v14.0.2 - https:\/\/yoast.com\/wordpress\/plugins\/seo\/ -->\n<title>Desayuno - Resort Ambient - Cristian (Transilvania, Romania)<\/title>\n<meta name=\"robots\" content=\"index, follow\" \/>\n<meta name=\"googlebot\" content=\"index, follow, max-snippet:-1, max-image-preview:large, max-video-preview:-1\" \/>\n<meta name=\"bingbot\" content=\"index, follow, max-snippet:-1, max-image-preview:large, max-video-preview:-1\" \/>\n<link rel=\"canonical\" href=\"https:\/\/www.resortambient.ro\/services\/breakfast\/\" \/>\n<meta property=\"og:locale\" content=\"es_ES\" \/>\n<meta property=\"og:type\" content=\"article\" \/>\n<meta property=\"og:title\" content=\"[:ro]Mic Dejun[:en]Breakfast[:es]Desayuno[:de]Fr\u00fchst\u00fcck[:] - Resort Ambient - Cristian (Transilvania, Romania)\" \/>\n<meta property=\"og:description\" content=\"[vc_row full_width=&#8221;stretch_row&#8221; position=&#8221;center center&#8221; css=&#8221;.vc_custom_1502119574864{margin-top: 50px !important;background-position: center !important;background-repeat: no-repeat !important;background-size: cover !important;}&#8221;][vc_column width=&#8221;1\/2&#8243; css=&#8221;.vc_custom_1474485182776{background-color: rgba(255,255,255,0.83) !important;*background-color: rgb(255,255,255) !important;}&#8221;][vc_column_text] MA\u00d1ANAS [&hellip;]\" \/>\n<meta property=\"og:url\" content=\"https:\/\/www.resortambient.ro\/services\/breakfast\/\" \/>\n<meta property=\"og:site_name\" content=\"Resort Ambient - Cristian (Transilvania, Romania)\" \/>\n<meta property=\"article:modified_time\" content=\"2021-06-15T20:24:35+00:00\" \/>\n<meta name=\"twitter:card\" content=\"summary\" \/>\n<script type=\"application\/ld+json\" class=\"yoast-schema-graph\">{\"@context\":\"https:\/\/schema.org\",\"@graph\":[{\"@type\":\"WebSite\",\"@id\":\"https:\/\/www.resortambient.ro\/es\/#website\",\"url\":\"https:\/\/www.resortambient.ro\/es\/\",\"name\":\"Resort Ambient - Cristian (Transilvania, Romania)\",\"description\":\"Consigue el mejor precio en el site oficial\",\"potentialAction\":[{\"@type\":\"SearchAction\",\"target\":\"https:\/\/www.resortambient.ro\/es\/?s={search_term_string}\",\"query-input\":\"required name=search_term_string\"}],\"inLanguage\":\"es\"},{\"@type\":\"WebPage\",\"@id\":\"https:\/\/www.resortambient.ro\/services\/breakfast\/#webpage\",\"url\":\"https:\/\/www.resortambient.ro\/services\/breakfast\/\",\"name\":\"[:ro]Mic Dejun[:en]Breakfast[:es]Desayuno[:de]Fr\\u00fchst\\u00fcck[:] - Resort Ambient - Cristian (Transilvania, Romania)\",\"isPartOf\":{\"@id\":\"https:\/\/www.resortambient.ro\/es\/#website\"},\"datePublished\":\"2016-09-14T15:42:59+00:00\",\"dateModified\":\"2021-06-15T20:24:35+00:00\",\"inLanguage\":\"es\",\"potentialAction\":[{\"@type\":\"ReadAction\",\"target\":[\"https:\/\/www.resortambient.ro\/services\/breakfast\/\"]}]}]}<\/script>\n<!-- \/ Yoast SEO Premium plugin. -->","_links":{"self":[{"href":"https:\/\/www.resortambient.ro\/es\/wp-json\/wp\/v2\/pages\/3697","targetHints":{"allow":["GET"]}}],"collection":[{"href":"https:\/\/www.resortambient.ro\/es\/wp-json\/wp\/v2\/pages"}],"about":[{"href":"https:\/\/www.resortambient.ro\/es\/wp-json\/wp\/v2\/types\/page"}],"author":[{"embeddable":true,"href":"https:\/\/www.resortambient.ro\/es\/wp-json\/wp\/v2\/users\/1"}],"replies":[{"embeddable":true,"href":"https:\/\/www.resortambient.ro\/es\/wp-json\/wp\/v2\/comments?post=3697"}],"version-history":[{"count":29,"href":"https:\/\/www.resortambient.ro\/es\/wp-json\/wp\/v2\/pages\/3697\/revisions"}],"predecessor-version":[{"id":6877,"href":"https:\/\/www.resortambient.ro\/es\/wp-json\/wp\/v2\/pages\/3697\/revisions\/6877"}],"up":[{"embeddable":true,"href":"https:\/\/www.resortambient.ro\/es\/wp-json\/wp\/v2\/pages\/3687"}],"wp:attachment":[{"href":"https:\/\/www.resortambient.ro\/es\/wp-json\/wp\/v2\/media?parent=3697"}],"wp:term":[{"taxonomy":"yst_prominent_words","embeddable":true,"href":"https:\/\/www.resortambient.ro\/es\/wp-json\/wp\/v2\/yst_prominent_words?post=3697"}],"curies":[{"name":"wp","href":"https:\/\/api.w.org\/{rel}","templated":true}]}}