{"id":3687,"date":"2016-09-14T18:36:55","date_gmt":"2016-09-14T18:36:55","guid":{"rendered":"http:\/\/ambientconacul.hotelsperformance.com\/?page_id=3687"},"modified":"2021-06-15T23:18:51","modified_gmt":"2021-06-15T20:18:51","slug":"services","status":"publish","type":"page","link":"https:\/\/www.resortambient.ro\/es\/services\/","title":{"rendered":"Servicios"},"content":{"rendered":"<p>[vc_row gap=&#8221;20&#8243; position=&#8221;right center&#8221; css=&#8221;.vc_custom_1480535710034{background-position: 0 0 !important;background-repeat: no-repeat !important;}&#8221; el_class=&#8221;background-none-mobile&#8221;][vc_column width=&#8221;1\/2&#8243;][vc_column_text]<\/p>\n<h3 style=\"text-align: center;\"><span style=\"color: #097000;\">NOW AND FOREVER <\/span><\/h3>\n<p style=\"text-align: center;\">Est\u00e1s aqu\u00ed. Por fin has llegado. Ahora abre la puerta y vive! Inspira una brisa dulce de un largo Largo, y una brisa fresca de Hoy, y estar\u00e1s libre de enamorarte. De todo lo que te rodea, de todo lo que ves.<\/p>\n<p style=\"text-align: center;\">El gran d\u00eda empieza a ser escrito aqu\u00ed mismo. En letras grandes, cuidadosamente pulidas. Fue una vez y nunca, as\u00ed que nuestra historia comienza as\u00ed y t\u00fa &#8230; puedes continuarla ahora y aqu\u00ed.<\/p>\n<p style=\"text-align: center;\"><strong>\u00a1Bienvenido!<\/strong><\/p>\n<p>[\/vc_column_text][\/vc_column][vc_column width=&#8221;1\/2&#8243;][vc_column_text]<div class=\"epyt-video-wrapper\"><iframe loading=\"lazy\"  id=\"_ytid_29748\"  width=\"750\" height=\"422\"  data-origwidth=\"750\" data-origheight=\"422\"  src=\"https:\/\/www.youtube.com\/embed\/gdGVpduj5kQ?enablejsapi=1&autoplay=0&cc_load_policy=0&iv_load_policy=1&loop=0&modestbranding=0&rel=1&fs=1&playsinline=0&autohide=2&theme=dark&color=red&controls=1&\" class=\"__youtube_prefs__  no-lazyload\" title=\"YouTube player\"  allow=\"autoplay; encrypted-media\" allowfullscreen data-no-lazy=\"1\" data-skipgform_ajax_framebjll=\"\"><\/iframe><\/div>[\/vc_column_text][\/vc_column][\/vc_row][vc_row css=&#8221;.vc_custom_1502100700522{margin-top: -60px !important;margin-bottom: -150px !important;}&#8221;][vc_column][vc_separator color=&#8221;custom&#8221; style=&#8221;shadow&#8221; border_width=&#8221;2&#8243; accent_color=&#8221;#7c0021&#8243; css=&#8221;.vc_custom_1471822497289{margin-top: -60px !important;}&#8221;][\/vc_column][\/vc_row][vc_row][vc_column][vc_column_text css=&#8221;.vc_custom_1502995476605{margin-bottom: 50px !important;}&#8221;]<\/p>\n<h2 style=\"text-align: center;\">SERVICIOS AMBIENT<\/h2>\n<p style=\"text-align: center;\">Y si vienes aqu\u00ed, te sentir\u00e1s relajado d\u00eda a d\u00eda, porque aqu\u00ed la vida es m\u00e1s dulce y en cualquier rinc\u00f3n ir\u00e1s, encontrar\u00e1s un poco de todo, o madera h\u00e1bilmente pintada o algunas de las m\u00e1s apreciadas, o por los platos experimentados, o por los salones de baile, y en la noche te alegrar\u00e1s y nos convertiremos en &#8230; Casa.<\/p>\n<p>[\/vc_column_text]<div class='services-carousel  owl-with-navigation' data-owl-items='4' data-owl-nav='false' data-owl-nav-text='[]' data-owl-loop='true' data-owl-autoplay='true' data-owl-speed='8000' data-owl-hover='true' data-owl-mobile='2' data-owl-tablet='2' data-owl-dots='true'><div class='item'><a href=\"http:\/\/www.resortambient.ro\/es\/services\/evenimente\/\" target=\"_self\" class=\"link-image\" title=\"Eventos\"><img loading=\"lazy\" decoding=\"async\" width=\"450\" height=\"300\" src=\"https:\/\/www.resortambient.ro\/wp-content\/uploads\/2016\/09\/Evenimente.jpg\" class=\"attachment-large size-large\" alt=\"\" srcset=\"https:\/\/www.resortambient.ro\/wp-content\/uploads\/2016\/09\/Evenimente.jpg 450w, https:\/\/www.resortambient.ro\/wp-content\/uploads\/2016\/09\/Evenimente-300x200.jpg 300w\" sizes=\"auto, (max-width: 450px) 100vw, 450px\" \/><\/a><div class=\"item-content\"><h4><a href=\"http:\/\/www.resortambient.ro\/es\/services\/evenimente\/\" target=\"_self\">Eventos<\/a><\/h4><p>Momentos de cuento de hadas<\/p><\/div><\/div><div class='item'><a href=\"http:\/\/www.resortambient.ro\/es\/services\/activities\/\" target=\"_self\" class=\"link-image\" title=\"Actividades\"><img loading=\"lazy\" decoding=\"async\" width=\"450\" height=\"300\" src=\"https:\/\/www.resortambient.ro\/wp-content\/uploads\/2016\/09\/Activitati.jpg\" class=\"attachment-large size-large\" alt=\"\" srcset=\"https:\/\/www.resortambient.ro\/wp-content\/uploads\/2016\/09\/Activitati.jpg 450w, https:\/\/www.resortambient.ro\/wp-content\/uploads\/2016\/09\/Activitati-300x200.jpg 300w\" sizes=\"auto, (max-width: 450px) 100vw, 450px\" \/><\/a><div class=\"item-content\"><h4><a href=\"http:\/\/www.resortambient.ro\/es\/services\/activities\/\" target=\"_self\">Actividades<\/a><\/h4><p>Relax y felicidad<\/p><\/div><\/div><div class='item'><a href=\"http:\/\/www.resortambient.ro\/es\/services\/restaurante-bar\/\" target=\"_self\" class=\"link-image\" title=\"Restaurante\"><img loading=\"lazy\" decoding=\"async\" width=\"450\" height=\"300\" src=\"https:\/\/www.resortambient.ro\/wp-content\/uploads\/2016\/09\/Restaurant.jpg\" class=\"attachment-large size-large\" alt=\"\" srcset=\"https:\/\/www.resortambient.ro\/wp-content\/uploads\/2016\/09\/Restaurant.jpg 450w, https:\/\/www.resortambient.ro\/wp-content\/uploads\/2016\/09\/Restaurant-300x200.jpg 300w\" sizes=\"auto, (max-width: 450px) 100vw, 450px\" \/><\/a><div class=\"item-content\"><h4><a href=\"http:\/\/www.resortambient.ro\/es\/services\/restaurante-bar\/\" target=\"_self\">Restaurante<\/a><\/h4><p>Platos tradicionales<\/p><\/div><\/div><div class='item'><a href=\"http:\/\/www.resortambient.ro\/es\/services\/restaurante-bar\/\" target=\"_self\" class=\"link-image\" title=\"Bares\"><img loading=\"lazy\" decoding=\"async\" width=\"450\" height=\"300\" src=\"https:\/\/www.resortambient.ro\/wp-content\/uploads\/2016\/09\/Bar.jpg\" class=\"attachment-large size-large\" alt=\"\" srcset=\"https:\/\/www.resortambient.ro\/wp-content\/uploads\/2016\/09\/Bar.jpg 450w, https:\/\/www.resortambient.ro\/wp-content\/uploads\/2016\/09\/Bar-300x200.jpg 300w\" sizes=\"auto, (max-width: 450px) 100vw, 450px\" \/><\/a><div class=\"item-content\"><h4><a href=\"http:\/\/www.resortambient.ro\/es\/services\/restaurante-bar\/\" target=\"_self\">Bares<\/a><\/h4><p>Momentos excepcionales<\/p><\/div><\/div><div class='item'><a href=\"http:\/\/www.resortambient.ro\/services\/transfers\/\" target=\"_self\" class=\"link-image\" title=\"Transfers &amp; Excursiones\"><img loading=\"lazy\" decoding=\"async\" width=\"450\" height=\"300\" src=\"https:\/\/www.resortambient.ro\/wp-content\/uploads\/2016\/09\/coche1.jpg\" class=\"attachment-large size-large\" alt=\"\" srcset=\"https:\/\/www.resortambient.ro\/wp-content\/uploads\/2016\/09\/coche1.jpg 450w, https:\/\/www.resortambient.ro\/wp-content\/uploads\/2016\/09\/coche1-300x200.jpg 300w\" sizes=\"auto, (max-width: 450px) 100vw, 450px\" \/><\/a><div class=\"item-content\"><h4><a href=\"http:\/\/www.resortambient.ro\/services\/transfers\/\" target=\"_self\">Transfers &amp; Excursiones<\/a><\/h4><p>Chofers profesionales<\/p><\/div><\/div><div class='item'><a href=\"http:\/\/www.resortambient.ro\/es\/nunti-botezuri-aniversari\/\" target=\"_self\" class=\"link-image\" title=\"Bodas, bautizos y aniversarios\"><img loading=\"lazy\" decoding=\"async\" width=\"750\" height=\"500\" src=\"https:\/\/www.resortambient.ro\/wp-content\/uploads\/2017\/08\/Evenimente1.jpg\" class=\"attachment-large size-large\" alt=\"\" srcset=\"https:\/\/www.resortambient.ro\/wp-content\/uploads\/2017\/08\/Evenimente1.jpg 800w, https:\/\/www.resortambient.ro\/wp-content\/uploads\/2017\/08\/Evenimente1-300x200.jpg 300w, https:\/\/www.resortambient.ro\/wp-content\/uploads\/2017\/08\/Evenimente1-768x512.jpg 768w\" sizes=\"auto, (max-width: 750px) 100vw, 750px\" \/><\/a><div class=\"item-content\"><h4><a href=\"http:\/\/www.resortambient.ro\/es\/nunti-botezuri-aniversari\/\" target=\"_self\">Bodas, bautizos y aniversarios<\/a><\/h4><p>Organizaci\u00f3n del evento<\/p><\/div><\/div><\/div>[\/vc_column][\/vc_row][vc_row css=&#8221;.vc_custom_1521491507650{margin-top: -130px !important;margin-bottom: -50px !important;}&#8221;][vc_column width=&#8221;1\/2&#8243;][vc_column_text]<strong>Ambient es m\u00e1s que un hotel, es su compa\u00f1ero de viaje.<\/strong><\/p>\n<p>Deseamos que tenga una experiencia que le ayude a descubrir Brasov desde el momento en que pasa nuestro umbral y siempre queremos conocer mejor sus necesidades durante su estancia para brindarle un excelente servicio. Con este fin, le proporcionamos un <strong>Smartphone en su habitaci\u00f3n<\/strong> de hotel y fuera de \u00e9l, con el que podr\u00e1 disfrutar de:<\/p>\n<p>Llamadas internacionales y locales ilimitadas<br \/>\nAcceso gratuito a internet<br \/>\nGuia de viaje<br \/>\nOfertas y servicios disponibles en el hotel y en Brasov<br \/>\nMarcaci\u00f3n r\u00e1pida para los servicios del hotel[\/vc_column_text][\/vc_column][vc_column width=&#8221;1\/2&#8243;][vc_images_carousel images=&#8221;5661&#8243; speed=&#8221;8888&#8243; hide_pagination_control=&#8221;yes&#8221; hide_prev_next_buttons=&#8221;yes&#8221;][\/vc_column][\/vc_row][vc_row css=&#8221;.vc_custom_1521715687836{margin-top: -70px !important;margin-bottom: -160px !important;}&#8221;][vc_column][vc_separator color=&#8221;custom&#8221; style=&#8221;shadow&#8221; border_width=&#8221;2&#8243; accent_color=&#8221;#7c0021&#8243; css=&#8221;.vc_custom_1471822497289{margin-top: -60px !important;}&#8221;][\/vc_column][\/vc_row][vc_row css=&#8221;.vc_custom_1502302633338{margin-top: -90px !important;}&#8221;][vc_column width=&#8221;1\/2&#8243;][vc_images_carousel images=&#8221;4983,4981,4984,4980&#8243; onclick=&#8221;link_no&#8221;][\/vc_column][vc_column width=&#8221;1\/2&#8243;][vc_column_text]<\/p>\n<h3 style=\"text-align: center;\"><span style=\"color: #097000;\">EVENTOS<\/span><\/h3>\n<p style=\"text-align: center;\">Para la gran velada, bodas, bautizos y reuniones familiares o con los compa\u00f1eros, el Salon Edelweiss, llenara tu coraz\u00f3n de alegr\u00eda y tiene sitio para 210 personas, ofreciendo platos selectos para todos los gustos en el Restaurante A la Carta o Ceremonial. Aqu\u00ed estaremos esperando, queridos invitados, para disfrutar cada paso del feliz encuentro de tiempos atr\u00e1s con aquellos que s\u00f3lo ahora est\u00e1n emergiendo.<\/p>\n<p style=\"text-align: center;\">La estrella es, sin duda, el patio de ceremonias, que se revela t\u00edmidamente al final de un sendero, como una perla oculta e insegura de su propia belleza. Los tonos cerrados de madera y hierro forjado, la simplicidad de las formas y el encanto arquitect\u00f3nico se vuelve fresco y vivo en el crudo mar verde que lo rodea.<\/p>\n<p style=\"text-align: center;\">Aqu\u00ed puedes decir S\u00ed por amor, S\u00ed por la eternidad, S\u00ed por vida. Porque aqu\u00ed, el tiempo y el espacio se fusionaron y dijeron un gran S\u00ed para la delicadeza en el ambiente, la artesan\u00eda en la decoraci\u00f3n y el virtuosismo en la organizaci\u00f3n.<\/p>\n<p>[\/vc_column_text][\/vc_column][\/vc_row][vc_row css=&#8221;.vc_custom_1472164123187{margin-top: -60px !important;margin-bottom: -200px !important;}&#8221;][vc_column][vc_separator color=&#8221;custom&#8221; style=&#8221;shadow&#8221; border_width=&#8221;2&#8243; accent_color=&#8221;#7c0021&#8243; css=&#8221;.vc_custom_1471822497289{margin-top: -60px !important;}&#8221;][\/vc_column][\/vc_row][vc_row css=&#8221;.vc_custom_1502100954673{margin-top: 60px !important;}&#8221;][vc_column width=&#8221;1\/2&#8243;][vc_column_text]<\/p>\n<h3 style=\"text-align: center;\"><span style=\"color: #097000;\">MAS NO ES NUNCA DEMASIADO<\/span><\/h3>\n<p style=\"text-align: center;\">Tambi\u00e9n para ustedes, queridos hu\u00e9spedes, hemos preparado para mimar todos los gustos: tres bares para los que pasan la noche aqui, una maravillosa terraza exterior con 50 plazas, un bar r\u00fastico con parrillas, un horno de le\u00f1a y una estufa como la de la abuela, una piscina cubierta y al aire libre para adultos y ni\u00f1os, una sala de billar y ping-pong, una sauna seca, un sal\u00f3n de masajes y aparcamiento gratuito.<\/p>\n<p style=\"text-align: center;\">Para las ma\u00f1anas suntuosas y sabrosas, la sala de desayunos est\u00e1 lista para envolverlo en aromas refrescantes y la cocina est\u00e1 abierta a los que est\u00e1n aqu\u00ed durante la noche.<\/p>\n<p>[\/vc_column_text][\/vc_column][vc_column width=&#8221;1\/2&#8243;][vc_images_carousel images=&#8221;4982,4979,4985,4986,4987&#8243; onclick=&#8221;link_no&#8221;][\/vc_column][\/vc_row][vc_row css=&#8221;.vc_custom_1502100980807{margin-top: -60px !important;margin-bottom: -150px !important;}&#8221;][vc_column][vc_separator color=&#8221;custom&#8221; style=&#8221;shadow&#8221; border_width=&#8221;2&#8243; accent_color=&#8221;#7c0021&#8243; css=&#8221;.vc_custom_1471822497289{margin-top: -60px !important;}&#8221;][\/vc_column][\/vc_row][vc_row css=&#8221;.vc_custom_1502101949771{margin-bottom: 60px !important;}&#8221;][vc_column width=&#8221;1\/2&#8243;][vc_images_carousel images=&#8221;4977,4974,4975,4976&#8243; onclick=&#8221;link_no&#8221;][\/vc_column][vc_column width=&#8221;1\/2&#8243;][vc_column_text]<\/p>\n<h3 style=\"text-align: center;\"><span style=\"color: #097000;\">NUESTRO EQUIPO<\/span><\/h3>\n<p style=\"text-align: center;\">Siempre con la sonrisa en los labios, el Equipo Ambient ser\u00e1 m\u00e1s que su anfitri\u00f3n. Somos una gran familia siempre esperando que seas parte de ella, por unos d\u00edas, los d\u00edas en que sentir\u00e1s el calor y la armon\u00eda que este lugar id\u00edlico desprende, respirando pasi\u00f3n por los detalles, un sentido art\u00edstico perfecto, la hospitalidad y la alegr\u00eda<\/p>\n<p>&nbsp;<\/p>\n<p style=\"text-align: center;\"><strong>\u00a1Te esperamos con amor, en Casa!<\/strong><\/p>\n<p>[\/vc_column_text][\/vc_column][\/vc_row][vc_row css=&#8221;.vc_custom_1480535767105{margin-top: -50px !important;margin-bottom: -220px !important;}&#8221;][vc_column][vc_raw_html]JTNDc2NyaXB0JTIwdHlwZSUzRCUyMnRleHQlMkZqYXZhc2NyaXB0JTIyJTIwc3JjJTNEJTIyaHR0cHMlM0ElMkYlMkZvcGVuLnVwcGVyYm9va2luZy5jb20lMkZyZXNvcnRhbWJpZW50JTJGQm9va2luZy5qcyUzRmxvY2FsZSUzRGVzJTIyJTNFJTNDJTJGc2NyaXB0JTNF[\/vc_raw_html][\/vc_column][\/vc_row]<\/p>","protected":false},"excerpt":{"rendered":"<p>[vc_row gap=&#8221;20&#8243; position=&#8221;right center&#8221; css=&#8221;.vc_custom_1480535710034{background-position: 0 0 !important;background-repeat: no-repeat !important;}&#8221; el_class=&#8221;background-none-mobile&#8221;][vc_column width=&#8221;1\/2&#8243;][vc_column_text] NOW AND FOREVER Est\u00e1s aqu\u00ed. Por fin has [&hellip;]<\/p>\n","protected":false},"author":1,"featured_media":0,"parent":0,"menu_order":3,"comment_status":"closed","ping_status":"closed","template":"","meta":{"footnotes":""},"yst_prominent_words":[],"class_list":["post-3687","page","type-page","status-publish","hentry"],"yoast_head":"<!-- This site is optimized with the Yoast SEO Premium plugin v14.0.2 - https:\/\/yoast.com\/wordpress\/plugins\/seo\/ -->\n<title>Servicios - Resort Ambient - Cristian (Transilvania, Romania)<\/title>\n<meta name=\"robots\" content=\"index, follow\" \/>\n<meta name=\"googlebot\" content=\"index, follow, max-snippet:-1, max-image-preview:large, max-video-preview:-1\" \/>\n<meta name=\"bingbot\" content=\"index, follow, max-snippet:-1, max-image-preview:large, max-video-preview:-1\" \/>\n<link rel=\"canonical\" href=\"https:\/\/www.resortambient.ro\/services\/\" \/>\n<meta property=\"og:locale\" content=\"es_ES\" \/>\n<meta property=\"og:type\" content=\"article\" \/>\n<meta property=\"og:title\" content=\"[:ro]Servicii[:en]Services[:es]Servicios[:de]Dienstleistungen[:] - Resort Ambient - Cristian (Transilvania, Romania)\" \/>\n<meta property=\"og:description\" content=\"[vc_row gap=&#8221;20&#8243; position=&#8221;right center&#8221; css=&#8221;.vc_custom_1480535710034{background-position: 0 0 !important;background-repeat: no-repeat !important;}&#8221; el_class=&#8221;background-none-mobile&#8221;][vc_column width=&#8221;1\/2&#8243;][vc_column_text] NOW AND FOREVER Est\u00e1s aqu\u00ed. Por fin has [&hellip;]\" \/>\n<meta property=\"og:url\" content=\"https:\/\/www.resortambient.ro\/services\/\" \/>\n<meta property=\"og:site_name\" content=\"Resort Ambient - Cristian (Transilvania, Romania)\" \/>\n<meta property=\"article:modified_time\" content=\"2021-06-15T20:18:51+00:00\" \/>\n<meta name=\"twitter:card\" content=\"summary\" \/>\n<script type=\"application\/ld+json\" class=\"yoast-schema-graph\">{\"@context\":\"https:\/\/schema.org\",\"@graph\":[{\"@type\":\"WebSite\",\"@id\":\"https:\/\/www.resortambient.ro\/es\/#website\",\"url\":\"https:\/\/www.resortambient.ro\/es\/\",\"name\":\"Resort Ambient - Cristian (Transilvania, Romania)\",\"description\":\"Consigue el mejor precio en el site oficial\",\"potentialAction\":[{\"@type\":\"SearchAction\",\"target\":\"https:\/\/www.resortambient.ro\/es\/?s={search_term_string}\",\"query-input\":\"required name=search_term_string\"}],\"inLanguage\":\"es\"},{\"@type\":\"WebPage\",\"@id\":\"https:\/\/www.resortambient.ro\/services\/#webpage\",\"url\":\"https:\/\/www.resortambient.ro\/services\/\",\"name\":\"[:ro]Servicii[:en]Services[:es]Servicios[:de]Dienstleistungen[:] - Resort Ambient - Cristian (Transilvania, Romania)\",\"isPartOf\":{\"@id\":\"https:\/\/www.resortambient.ro\/es\/#website\"},\"datePublished\":\"2016-09-14T18:36:55+00:00\",\"dateModified\":\"2021-06-15T20:18:51+00:00\",\"inLanguage\":\"es\",\"potentialAction\":[{\"@type\":\"ReadAction\",\"target\":[\"https:\/\/www.resortambient.ro\/services\/\"]}]}]}<\/script>\n<!-- \/ Yoast SEO Premium plugin. -->","_links":{"self":[{"href":"https:\/\/www.resortambient.ro\/es\/wp-json\/wp\/v2\/pages\/3687","targetHints":{"allow":["GET"]}}],"collection":[{"href":"https:\/\/www.resortambient.ro\/es\/wp-json\/wp\/v2\/pages"}],"about":[{"href":"https:\/\/www.resortambient.ro\/es\/wp-json\/wp\/v2\/types\/page"}],"author":[{"embeddable":true,"href":"https:\/\/www.resortambient.ro\/es\/wp-json\/wp\/v2\/users\/1"}],"replies":[{"embeddable":true,"href":"https:\/\/www.resortambient.ro\/es\/wp-json\/wp\/v2\/comments?post=3687"}],"version-history":[{"count":114,"href":"https:\/\/www.resortambient.ro\/es\/wp-json\/wp\/v2\/pages\/3687\/revisions"}],"predecessor-version":[{"id":6875,"href":"https:\/\/www.resortambient.ro\/es\/wp-json\/wp\/v2\/pages\/3687\/revisions\/6875"}],"wp:attachment":[{"href":"https:\/\/www.resortambient.ro\/es\/wp-json\/wp\/v2\/media?parent=3687"}],"wp:term":[{"taxonomy":"yst_prominent_words","embeddable":true,"href":"https:\/\/www.resortambient.ro\/es\/wp-json\/wp\/v2\/yst_prominent_words?post=3687"}],"curies":[{"name":"wp","href":"https:\/\/api.w.org\/{rel}","templated":true}]}}