{"id":4240,"date":"2016-09-26T01:08:13","date_gmt":"2016-09-25T22:08:13","guid":{"rendered":"http:\/\/ambientconacul.hotelsperformance.com\/?page_id=4240"},"modified":"2024-10-31T03:41:31","modified_gmt":"2024-10-31T01:41:31","slug":"activities","status":"publish","type":"page","link":"https:\/\/www.resortambient.ro\/en\/services\/activities\/","title":{"rendered":"Activities"},"content":{"rendered":"<p>[vc_row full_width=&#8221;stretch_row&#8221; position=&#8221;right center&#8221; css=&#8221;.vc_custom_1495401323996{background-image: url(http:\/\/www.resortambient.ro\/wp-content\/uploads\/2016\/09\/MasajeResortAmbient.png?id=4650) !important;background-position: 0 0 !important;background-repeat: no-repeat !important;}&#8221; el_class=&#8221;background-none-mobile&#8221;][vc_column width=&#8221;1\/2&#8243;][vc_column_text]<\/p>\n<h2 style=\"text-align: center;\"><span style=\"color: #097000;\">AN UNFORGETABLE DAY, FULLY OF ENERGY<\/span><\/h2>\n<p style=\"text-align: center;\">We invite you to experience a wonderful day in which to enjoy the encounter between the ancient and the modern space, and to carry on with all the senses of the activities and the games that have been made with great love<\/p>\n<p style=\"text-align: center;\">To honor this invitation, you can indulge in the indoor or outdoor pool, spend some time in our Finnish dry sauna, enjoy a massage, billiards or table tennis<\/p>\n<p>[\/vc_column_text][\/vc_column][\/vc_row][vc_row full_width=&#8221;stretch_row&#8221; position=&#8221;right top&#8221; css=&#8221;.vc_custom_1495212208868{margin-top: -90px !important;margin-bottom: -200px !important;background-position: center !important;background-repeat: no-repeat !important;background-size: cover !important;}&#8221;][vc_column width=&#8221;1\/3&#8243; offset=&#8221;vc_col-sm-offset-2&#8243;]<ul class=\"list-services  text-uppercase\"><li><h3><a href=\"#piscinaexterioara\">EXTERNAL POOL<small>SUNNY SUMMERS ALLY<\/small><\/a><\/h3><\/li><li><h3><a href=\"#piscinainterioara\">INDOOR POOL<small>WARMTH AND SPOILING<\/small><\/a><\/h3><\/li><li><h3><a href=\"#sauna\">SAUNA<small>TONUS AND VITALITY<\/small><\/a><\/h3><\/li><li><h3><a href=\"#masaje\">MASSAGE<small>A MOMENT OF RELAX<\/small><\/a><\/h3><\/li><\/ul>[\/vc_column][vc_column width=&#8221;1\/3&#8243;]<ul class=\"list-services \"><li><h3><a href=\"#biliard\">BILLIARDS<small>AN ANTICAL CULTURE IN MODERN LIFE<\/small><\/a><\/h3><\/li><li><h3><a href=\"#tenisdemasa\">TABLE TENNIS<small>ENERGY AND FUN<\/small><\/a><\/h3><\/li><li><h3><a href=\"#locdejoaca\">PLAYGROUND<small>SURPRISE FOR THE LITTLE ONES<\/small><\/a><\/h3><\/li><li><h3><a href=\"#activitatiinzona\">ACTIVITIES IN THE AREA<small>DISCOVER CRISTIAN AND SURROUNDINGS<\/small><\/a><\/h3><\/li><\/ul>[\/vc_column][\/vc_row][vc_row][vc_column][vc_raw_html]JTNDYSUyMG5hbWUlM0QlMjJwaXNjaW5hZXh0ZXJpb2FyYSUyMiUzRSUzQyUyRmElM0U=[\/vc_raw_html][\/vc_column][\/vc_row][vc_row full_width=&#8221;stretch_row&#8221; parallax=&#8221;content-moving&#8221; css=&#8221;.vc_custom_1502713541294{background-image: url(http:\/\/www.resortambient.ro\/wp-content\/uploads\/2016\/09\/Piscina.jpg?id=5115) !important;}&#8221; min_height=&#8221;700px&#8221;][vc_column width=&#8221;1\/2&#8243; el_class=&#8221;white-box content-padding-xs&#8221;][vc_column_text]<\/p>\n<h1><small><span style=\"color: #097000;\">EXTERNAL POOL<\/span><\/small><\/h1>\n<p>To cool off on a sunny day, Ambient offers an outdoor pool for adults and children.<\/p>\n<p>Unlike many other sports, swimming is recommended for everyone, regardless of age or physical condition, and is ideal for health, excellent for the back, but rather aggressive with the joints. Swimming is a way to train the whole body and improve breathing due to the strengthening of the muscles responsible for the lungs.<\/p>\n<p>Outdoor swimming pool hours: 10:00 &#8211; 20:00[\/vc_column_text][\/vc_column][vc_column width=&#8221;1\/2&#8243;][vc_images_carousel images=&#8221;5117,5120,5122,5121&#8243; onclick=&#8221;link_no&#8221;][vc_raw_html]JTNDYSUyMG5hbWUlM0QlMjJwaXNjaW5haW50ZXJpb2FyYSUyMiUzRSUzQyUyRmElM0U=[\/vc_raw_html][\/vc_column][\/vc_row][vc_row full_width=&#8221;stretch_row&#8221; parallax=&#8221;content-moving&#8221; css=&#8221;.vc_custom_1502713568226{margin-top: 40px !important;margin-bottom: -160px !important;background-image: url(http:\/\/www.resortambient.ro\/wp-content\/uploads\/2016\/09\/Piscina.jpg?id=5115) !important;}&#8221; min_height=&#8221;700px&#8221;][vc_column width=&#8221;1\/2&#8243;][vc_images_carousel images=&#8221;5119,5118&#8243; onclick=&#8221;link_no&#8221;][\/vc_column][vc_column width=&#8221;1\/2&#8243; el_class=&#8221;white-box content-padding-xs&#8221;][vc_column_text]<\/p>\n<h1><small><span style=\"color: #097000;\">INDOOR POOL<\/span><\/small><\/h1>\n<p>On cold days, we invite you to pamper yourself in our heated indoor pool.<\/p>\n<p>Indoor swimming pool hours: 09:00 &#8211; 22:00[\/vc_column_text][\/vc_column][\/vc_row][vc_row][vc_column][vc_raw_html]JTNDYSUyMG5hbWUlM0QlMjJzYXVuYSUyMiUzRSUzQyUyRmElM0U=[\/vc_raw_html][\/vc_column][\/vc_row][vc_row full_width=&#8221;stretch_row&#8221; parallax=&#8221;content-moving&#8221; css=&#8221;.vc_custom_1502209464280{margin-bottom: -160px !important;background-image: url(http:\/\/www.resortambient.ro\/wp-content\/uploads\/2016\/09\/Sauna1.jpg?id=5142) !important;background-position: center;background-repeat: no-repeat !important;background-size: cover !important;}&#8221; el_class=&#8221;content-padding-mobile-none&#8221;][vc_column width=&#8221;1\/2&#8243; el_class=&#8221;white-box content-padding-xs&#8221;][vc_column_text]<\/p>\n<h1><small><span style=\"color: #097000;\">SAUNA<\/span><\/small><\/h1>\n<p>No worries, close your eyes, breathe deeply, and let yourself be carried by the heat that invades your senses, step by step, so that you can then float slightly.<\/p>\n<p>Sauna, internationally famous for its benefits, is not just a place to relax, it helps us to keep our skin smooth and toned, to weaken, to eliminate toxins, to have stronger muscles and live longer.[\/vc_column_text][\/vc_column][vc_column width=&#8221;1\/2&#8243;][vc_images_carousel images=&#8221;5124&#8243; onclick=&#8221;link_no&#8221; hide_pagination_control=&#8221;yes&#8221; hide_prev_next_buttons=&#8221;yes&#8221;][\/vc_column][\/vc_row][vc_row][vc_column][vc_raw_html]JTNDYSUyMG5hbWUlM0QlMjJtYXNhamUlMjIlM0UlM0MlMkZhJTNF[\/vc_raw_html][\/vc_column][\/vc_row][vc_row full_width=&#8221;stretch_row&#8221; parallax=&#8221;content-moving&#8221; css=&#8221;.vc_custom_1502196304683{margin-bottom: -160px !important;background-image: url(http:\/\/www.resortambient.ro\/wp-content\/uploads\/2016\/09\/Masaj1-1.jpg?id=5140) !important;}&#8221; min_height=&#8221;700px&#8221;][vc_column width=&#8221;1\/2&#8243;][vc_images_carousel images=&#8221;5126&#8243; onclick=&#8221;link_no&#8221; hide_pagination_control=&#8221;yes&#8221; hide_prev_next_buttons=&#8221;yes&#8221;][\/vc_column][vc_column width=&#8221;1\/2&#8243; el_class=&#8221;white-box content-padding-xs&#8221;][vc_column_text]<\/p>\n<h1><small><span style=\"color: #097000;\">MASSAGE<\/span><\/small><\/h1>\n<p>To start or finish a relaxed day, we invite you to enjoy a relaxing massage offered by our professional masseuses.<\/p>\n<p>We are all excited about having a massage on any day, but a special massage in a relaxing place has great beneficial effects that will definitely help you to maintain harmony and enjoy such a pleasant experience.<\/p>\n<p>Ambient massage is made with relaxing essential oils, with fragrances that merge with the whole body through the soft massage of the skin.<\/p>\n<p>Massage takes 50 minutes and costs 40\u20ac per person.[\/vc_column_text][\/vc_column][\/vc_row][vc_row][vc_column][vc_raw_html]JTNDYSUyMG5hbWUlM0QlMjJiaWxpYXJkJTIyJTNFJTNDJTJGYSUzRQ==[\/vc_raw_html][\/vc_column][\/vc_row][vc_row full_width=&#8221;stretch_row&#8221; parallax=&#8221;content-moving&#8221; css=&#8221;.vc_custom_1502195428892{margin-bottom: -160px !important;background-image: url(http:\/\/www.resortambient.ro\/wp-content\/uploads\/2016\/09\/Billar4.jpg?id=5133) !important;}&#8221; el_class=&#8221;content-padding-mobile-none&#8221;][vc_column width=&#8221;1\/2&#8243; el_class=&#8221;white-box content-padding-xs&#8221;][vc_column_text]<\/p>\n<h1><small><span style=\"color: #097000;\">BILLIARDS<\/span><\/small><\/h1>\n<p>To meet the most exigent expectations of our customers and to give them a bit of up-to-date history, we have created a space where you can enjoy playing billiard, a game known since ancient cultures as Greece And Egypt.<\/p>\n<p>Program: 10:00 &#8211; 20:00[\/vc_column_text][\/vc_column][vc_column width=&#8221;1\/2&#8243;][vc_images_carousel images=&#8221;5128,5129&#8243; onclick=&#8221;link_no&#8221;][\/vc_column][\/vc_row][vc_row][vc_column][vc_raw_html]JTNDYSUyMG5hbWUlM0QlMjJ0ZW5pc2RlbWFzYSUyMiUzRSUzQyUyRmElM0U=[\/vc_raw_html][\/vc_column][\/vc_row][vc_row full_width=&#8221;stretch_row&#8221; parallax=&#8221;content-moving&#8221; css=&#8221;.vc_custom_1502210412208{margin-bottom: -160px !important;background-image: url(http:\/\/www.resortambient.ro\/wp-content\/uploads\/2016\/09\/Tenisdemasa1.jpg?id=5146) !important;}&#8221; min_height=&#8221;700px&#8221;][vc_column width=&#8221;1\/2&#8243;][vc_images_carousel images=&#8221;5144&#8243; onclick=&#8221;link_no&#8221; hide_pagination_control=&#8221;yes&#8221; hide_prev_next_buttons=&#8221;yes&#8221;][\/vc_column][vc_column width=&#8221;1\/2&#8243; el_class=&#8221;white-box content-padding-xs&#8221;][vc_column_text]<\/p>\n<h1><small><span style=\"color: #097000;\">TABLE TENNIS<\/span><\/small><\/h1>\n<p>The fun continues for sports enthusiasts with a table tennis game, a legendary game that was born in the last quarter of the nineteenth century, as a kind of miniature tennis.<\/p>\n<p>Let yourself be enveloped by the playful spirit and enjoy your gaze bathed in the warm colors of the wood blended harmoniously with the green of the living nature.<\/p>\n<p>[\/vc_column_text][\/vc_column][\/vc_row][vc_row][vc_column][vc_raw_html]JTNDYSUyMG5hbWUlM0QlMjJsb2NkZWpvYWNhJTIyJTNFJTNDJTJGYSUzRQ==[\/vc_raw_html][\/vc_column][\/vc_row][vc_row full_width=&#8221;stretch_row&#8221; parallax=&#8221;content-moving&#8221; css=&#8221;.vc_custom_1509378556080{margin-bottom: -160px !important;background-image: url(http:\/\/www.resortambient.ro\/wp-content\/uploads\/2016\/09\/InfantilResort.png?id=5592) !important;}&#8221; min_height=&#8221;700px&#8221;][vc_column width=&#8221;1\/2&#8243; css=&#8221;.vc_custom_1509365602087{background-color: rgba(255,255,255,0) !important;*background-color: rgb(255,255,255) !important;}&#8221; el_class=&#8221;white-box content-padding-xs&#8221;][vc_column_text]<\/p>\n<h1><small><span style=\"color: #097000;\">PLAYGROUND<\/span><\/small><\/h1>\n<p>We have prepared with love a special surprise also for the little ones, the Playground, in which they will be able to enjoy different games outdoors.[\/vc_column_text][\/vc_column][vc_column width=&#8221;1\/2&#8243; css=&#8221;.vc_custom_1509365667270{background-color: rgba(0,0,0,0.01) !important;*background-color: rgb(0,0,0) !important;}&#8221;][vc_images_carousel images=&#8221;5584&#8243; onclick=&#8221;link_no&#8221; hide_pagination_control=&#8221;yes&#8221; hide_prev_next_buttons=&#8221;yes&#8221;][\/vc_column][\/vc_row][vc_row][vc_column][vc_raw_html]JTNDYSUyMG5hbWUlM0QlMjJhY3Rpdml0YXRpaW56b25hJTIyJTNFJTNDJTJGYSUzRQ==[\/vc_raw_html][\/vc_column][\/vc_row][vc_row full_width=&#8221;stretch_row&#8221; parallax=&#8221;content-moving&#8221; css=&#8221;.vc_custom_1502211113498{margin-bottom: 40px !important;background-image: url(http:\/\/www.resortambient.ro\/wp-content\/uploads\/2016\/09\/Activitatizona1.jpg?id=5151) !important;background-position: 0 0;background-repeat: no-repeat !important;}&#8221; el_class=&#8221;content-padding-mobile-none&#8221;][vc_column width=&#8221;1\/2&#8243;][vc_images_carousel images=&#8221;5149&#8243; onclick=&#8221;link_no&#8221; hide_pagination_control=&#8221;yes&#8221; hide_prev_next_buttons=&#8221;yes&#8221;][\/vc_column][vc_column width=&#8221;1\/2&#8243; el_class=&#8221;white-box content-padding-xs&#8221;][vc_column_text]<\/p>\n<h1><small><span style=\"color: #097000;\">ACTIVITIES IN THE AREA<\/span><\/small><\/h1>\n<p style=\"text-align: left;\"><strong>History of a Yesterday in the Geography of Today<\/strong><\/p>\n<p>Cristian surroundings are true encyclopedias, so a one-day trip to Rasnov fortress (6 km), Bran Castle (25 km), Prejmer (25 km), Poiana Brasov (15 km) can be both a lesson of history and an additional reason to become a promoter of the past of this land, while enjoying the infinite possibilities of the present.<\/p>\n<p>And if we&#8217;re talking about joy, you are going to be happy you&#8217;re going to go with the little ones or the big ones to Park Adventure, Aqua Paradise, New Zoo, Brasov, Rasnov Dinosaur Park, or bungee jumping. And if you want to argue with nature then you can choose a circuit with the ATV, 4&#215;4, on foot, or by bike.[\/vc_column_text][\/vc_column][\/vc_row][vc_row css=&#8221;.vc_custom_1470397530640{margin-bottom: -200px !important;}&#8221;][vc_column][vc_raw_html]JTNDc2NyaXB0JTIwdHlwZSUzRCUyMnRleHQlMkZqYXZhc2NyaXB0JTIyJTIwc3JjJTNEJTIyaHR0cHMlM0ElMkYlMkZvcGVuLnVwcGVyYm9va2luZy5jb20lMkZyZXNvcnRhbWJpZW50JTJGQm9va2luZy5qcyUzRmxvY2FsZSUzRGVuJTIyJTNFJTNDJTJGc2NyaXB0JTNF[\/vc_raw_html][\/vc_column][\/vc_row]<\/p>","protected":false},"excerpt":{"rendered":"<p>[vc_row full_width=&#8221;stretch_row&#8221; position=&#8221;right center&#8221; css=&#8221;.vc_custom_1495401323996{background-image: url(http:\/\/www.resortambient.ro\/wp-content\/uploads\/2016\/09\/MasajeResortAmbient.png?id=4650) !important;background-position: 0 0 !important;background-repeat: no-repeat !important;}&#8221; el_class=&#8221;background-none-mobile&#8221;][vc_column width=&#8221;1\/2&#8243;][vc_column_text] AN UNFORGETABLE DAY, FULLY OF ENERGY [&hellip;]<\/p>\n","protected":false},"author":1,"featured_media":0,"parent":3687,"menu_order":4,"comment_status":"closed","ping_status":"closed","template":"","meta":{"footnotes":""},"yst_prominent_words":[],"class_list":["post-4240","page","type-page","status-publish","hentry"],"yoast_head":"<!-- This site is optimized with the Yoast SEO Premium plugin v14.0.2 - https:\/\/yoast.com\/wordpress\/plugins\/seo\/ -->\n<title>Activities - Resort Ambient - Cristian (Transilvania, Romania)<\/title>\n<meta name=\"robots\" content=\"index, follow\" \/>\n<meta name=\"googlebot\" content=\"index, follow, max-snippet:-1, max-image-preview:large, max-video-preview:-1\" \/>\n<meta name=\"bingbot\" content=\"index, follow, max-snippet:-1, max-image-preview:large, max-video-preview:-1\" \/>\n<link rel=\"canonical\" href=\"https:\/\/www.resortambient.ro\/services\/activities\/\" \/>\n<meta property=\"og:locale\" content=\"en_US\" \/>\n<meta property=\"og:type\" content=\"article\" \/>\n<meta property=\"og:title\" content=\"[:ro]Activit\u0103\u0163i[:en]Activities[:es]Actividades[:de]Aktivit\u00e4ten[:] - Resort Ambient - Cristian (Transilvania, Romania)\" \/>\n<meta property=\"og:description\" content=\"[vc_row full_width=&#8221;stretch_row&#8221; position=&#8221;right center&#8221; css=&#8221;.vc_custom_1495401323996{background-image: url(http:\/\/www.resortambient.ro\/wp-content\/uploads\/2016\/09\/MasajeResortAmbient.png?id=4650) !important;background-position: 0 0 !important;background-repeat: no-repeat !important;}&#8221; el_class=&#8221;background-none-mobile&#8221;][vc_column width=&#8221;1\/2&#8243;][vc_column_text] AN UNFORGETABLE DAY, FULLY OF ENERGY [&hellip;]\" \/>\n<meta property=\"og:url\" content=\"https:\/\/www.resortambient.ro\/services\/activities\/\" \/>\n<meta property=\"og:site_name\" content=\"Resort Ambient - Cristian (Transilvania, Romania)\" \/>\n<meta property=\"article:modified_time\" content=\"2024-10-31T01:41:31+00:00\" \/>\n<meta name=\"twitter:card\" content=\"summary\" \/>\n<script type=\"application\/ld+json\" class=\"yoast-schema-graph\">{\"@context\":\"https:\/\/schema.org\",\"@graph\":[{\"@type\":\"WebSite\",\"@id\":\"https:\/\/www.resortambient.ro\/en\/#website\",\"url\":\"https:\/\/www.resortambient.ro\/en\/\",\"name\":\"Resort Ambient - Cristian (Transilvania, Romania)\",\"description\":\"Get the best price for Ambient properties\",\"potentialAction\":[{\"@type\":\"SearchAction\",\"target\":\"https:\/\/www.resortambient.ro\/en\/?s={search_term_string}\",\"query-input\":\"required name=search_term_string\"}],\"inLanguage\":\"en-US\"},{\"@type\":\"WebPage\",\"@id\":\"https:\/\/www.resortambient.ro\/services\/activities\/#webpage\",\"url\":\"https:\/\/www.resortambient.ro\/services\/activities\/\",\"name\":\"[:ro]Activit\\u0103\\u0163i[:en]Activities[:es]Actividades[:de]Aktivit\\u00e4ten[:] - Resort Ambient - Cristian (Transilvania, Romania)\",\"isPartOf\":{\"@id\":\"https:\/\/www.resortambient.ro\/en\/#website\"},\"datePublished\":\"2016-09-25T22:08:13+00:00\",\"dateModified\":\"2024-10-31T01:41:31+00:00\",\"inLanguage\":\"en-US\",\"potentialAction\":[{\"@type\":\"ReadAction\",\"target\":[\"https:\/\/www.resortambient.ro\/services\/activities\/\"]}]}]}<\/script>\n<!-- \/ Yoast SEO Premium plugin. -->","_links":{"self":[{"href":"https:\/\/www.resortambient.ro\/en\/wp-json\/wp\/v2\/pages\/4240","targetHints":{"allow":["GET"]}}],"collection":[{"href":"https:\/\/www.resortambient.ro\/en\/wp-json\/wp\/v2\/pages"}],"about":[{"href":"https:\/\/www.resortambient.ro\/en\/wp-json\/wp\/v2\/types\/page"}],"author":[{"embeddable":true,"href":"https:\/\/www.resortambient.ro\/en\/wp-json\/wp\/v2\/users\/1"}],"replies":[{"embeddable":true,"href":"https:\/\/www.resortambient.ro\/en\/wp-json\/wp\/v2\/comments?post=4240"}],"version-history":[{"count":150,"href":"https:\/\/www.resortambient.ro\/en\/wp-json\/wp\/v2\/pages\/4240\/revisions"}],"predecessor-version":[{"id":7097,"href":"https:\/\/www.resortambient.ro\/en\/wp-json\/wp\/v2\/pages\/4240\/revisions\/7097"}],"up":[{"embeddable":true,"href":"https:\/\/www.resortambient.ro\/en\/wp-json\/wp\/v2\/pages\/3687"}],"wp:attachment":[{"href":"https:\/\/www.resortambient.ro\/en\/wp-json\/wp\/v2\/media?parent=4240"}],"wp:term":[{"taxonomy":"yst_prominent_words","embeddable":true,"href":"https:\/\/www.resortambient.ro\/en\/wp-json\/wp\/v2\/yst_prominent_words?post=4240"}],"curies":[{"name":"wp","href":"https:\/\/api.w.org\/{rel}","templated":true}]}}