{"id":6776,"date":"2020-09-30T06:21:44","date_gmt":"2020-09-30T03:21:44","guid":{"rendered":"http:\/\/www.resortambient.ro\/?page_id=6776"},"modified":"2026-04-28T16:48:37","modified_gmt":"2026-04-28T13:48:37","slug":"nunti-botezuri-aniversari","status":"publish","type":"page","link":"https:\/\/www.resortambient.ro\/de\/nunti-botezuri-aniversari\/","title":{"rendered":"Hochzeiten, Taufen &#038; Jubil\u00e4en"},"content":{"rendered":"<p>[vc_row][vc_column width=&#8221;1\/2&#8243;][vc_column_text]<\/p>\n<p>&nbsp;<\/p>\n<p>&nbsp;<\/p>\n<p>&nbsp;<\/p>\n<blockquote>\n<p class=\"yiv7807645058MsoNormal\" style=\"text-align: left;\">\u00a0 Der gro\u00dfe Tag ist gekommen, der sch\u00f6nste Tag Ihres neuen gemeinsamen Lebens! Hier bist du, die Halle ist fertig! Genau wie in M\u00e4rchen kann das Fest beginnen.<\/p>\n<p style=\"text-align: left;\">Das Edelweiss Restaurant ist ein einzigartiger Ort, der speziell f\u00fcr unvergessliche Veranstaltungen konzipiert wurde. Es ist ein integraler Bestandteil des Ambient Resort in Cristian, 12 km von Brasov entfernt.<\/p>\n<p style=\"text-align: left;\">In einem raffinierten Ambiente, das an die alten Villen erinnert, kann der Edelweiss-Salon Veranstaltungen f\u00fcr bis zu 210 G\u00e4ste veranstalten.<\/p>\n<p style=\"text-align: left;\">Vielleicht m\u00f6chten Sie eine Zeremonie im Freien im Poolpavillon, einen unvergesslichen Abend mit Gitarrenliedern am Lagerfeuer, einen besonderen Moment f\u00fcr G\u00e4ste mit traditionellen Gerichten, die in einem Kessel oder Grill zubereitet werden, und wir bieten ihnen alles und vieles mehr. Wir bieten einzigartige, ma\u00dfgeschneiderte Events, die unvergessliche Momente definieren.<\/p>\n<\/blockquote>\n<p>[\/vc_column_text][\/vc_column][vc_column width=&#8221;1\/2&#8243;][vc_images_carousel images=&#8221;6842,6843,6844,6845,6846,6847&#8243;][\/vc_column][\/vc_row][vc_row][vc_column][vc_zigzag][\/vc_column][\/vc_row][vc_row][vc_column width=&#8221;1\/2&#8243;][vc_column_text]<\/p>\n<h3 style=\"text-align: center;\">Siehe virtuelle Tour :<br \/>\n        <div class=\"wpm-gallery\">\r\n            <div class=\"wpm\">\r\n\t\t\r\n\r\n                <div class=\"wpm-img\">\r\n\t\t\t\t\t\t\r\n\t\t\t\t\t\t<a href=\"https:\/\/my.matterport.com\/show\/?m=WJL1CPccP23&play=1\" class=\"wpm-tour wpmWJL1CPccP23 wpm-overlay\"\r\n                    >\r\n\t\t\t\t\t<img decoding=\"async\" src=\"\/\/my.matterport.com\/api\/v1\/player\/models\/WJL1CPccP23\/thumb\/?width=900\" \/>\r\n                        <b>&#9658;<\/b>\r\n                        <i>Entdecken 3D Space<\/i>\t\t\t\r\n                    <\/a>\r\n                <\/div>\r\n                <div class=\"wpm-info\">\r\n                \t<span class=\"wpm-title\"><a class=\"wpm-tour\" href=\"https:\/\/my.matterport.com\/show\/?m=WJL1CPccP23&amp;play=1\"><\/a><\/span>\r\n\t\t\t\t<\/div>\n\t\t\t<\/div>\n\t\t<\/div>\n<\/h3>\n<p>[\/vc_column_text][\/vc_column][vc_column width=&#8221;1\/2&#8243;][vc_empty_space height=&#8221;28px&#8221;][vc_column_text]<div class=\"_df_book df-lite\" id=\"df_6822\"  data-title=\"romana-catalog-evenimente\" _slug=\"catalog-nunta\" wpoptions=\"true\" thumbtype=\"bg\" ><\/div><script class=\"df-shortcode-script\" type=\"application\/javascript\">window.option_df_6822 = {\"outline\":[],\"forceFit\":\"true\",\"autoEnableOutline\":\"false\",\"autoEnableThumbnail\":\"false\",\"overwritePDFOutline\":\"false\",\"direction\":\"1\",\"pageSize\":\"0\",\"source\":\"https:\\\/\\\/www.resortambient.ro\\\/wp-content\\\/uploads\\\/2026\\\/04\\\/Prezentare-nunt\\u0103-2026-Resort_compressed.pdf\",\"wpOptions\":\"true\"}; if(window.DFLIP && window.DFLIP.parseBooks){window.DFLIP.parseBooks();}<\/script><\/p>\n<h2 style=\"text-align: center;\"><strong><a href=\"https:\/\/www.resortambient.ro\/wp-content\/uploads\/2026\/04\/Prezentare-nunt%C4%83-2026-Resort_compressed.pdf\" target=\"_blank\" rel=\"noopener\">Siehe Veranstaltungskatalog<\/a><\/strong><\/h2>\n<p>[\/vc_column_text][\/vc_column][\/vc_row]<\/p>","protected":false},"excerpt":{"rendered":"<p>[vc_row][vc_column width=&#8221;1\/2&#8243;][vc_column_text] &nbsp; &nbsp; &nbsp; \u00a0 Der gro\u00dfe Tag ist gekommen, der sch\u00f6nste Tag Ihres neuen gemeinsamen Lebens! Hier bist [&hellip;]<\/p>\n","protected":false},"author":5,"featured_media":0,"parent":0,"menu_order":0,"comment_status":"closed","ping_status":"closed","template":"","meta":{"footnotes":""},"yst_prominent_words":[],"class_list":["post-6776","page","type-page","status-publish","hentry"],"yoast_head":"<!-- This site is optimized with the Yoast SEO Premium plugin v14.0.2 - https:\/\/yoast.com\/wordpress\/plugins\/seo\/ -->\n<title>Hochzeiten, Taufen &amp; Jubil\u00e4en - Resort Ambient - Cristian (Transilvania, Romania)<\/title>\n<meta name=\"robots\" content=\"index, follow\" \/>\n<meta name=\"googlebot\" content=\"index, follow, max-snippet:-1, max-image-preview:large, max-video-preview:-1\" \/>\n<meta name=\"bingbot\" content=\"index, follow, max-snippet:-1, max-image-preview:large, max-video-preview:-1\" \/>\n<link rel=\"canonical\" href=\"https:\/\/www.resortambient.ro\/nunti-botezuri-aniversari\/\" \/>\n<meta property=\"og:locale\" content=\"de_DE\" \/>\n<meta property=\"og:type\" content=\"article\" \/>\n<meta property=\"og:title\" content=\"[:ro]Nun\u021bi, Botezuri &amp; Anivers\u0103ri[:en]Weddings, Baptisms &amp; Anniversaries[:es]Bodas, bautizos y aniversarios[:de]Hochzeiten, Taufen &amp; Jubil\u00e4en[:] - Resort Ambient - Cristian (Transilvania, Romania)\" \/>\n<meta property=\"og:description\" content=\"[vc_row][vc_column width=&#8221;1\/2&#8243;][vc_column_text] &nbsp; &nbsp; &nbsp; \u00a0 Der gro\u00dfe Tag ist gekommen, der sch\u00f6nste Tag Ihres neuen gemeinsamen Lebens! Hier bist [&hellip;]\" \/>\n<meta property=\"og:url\" content=\"https:\/\/www.resortambient.ro\/nunti-botezuri-aniversari\/\" \/>\n<meta property=\"og:site_name\" content=\"Resort Ambient - Cristian (Transilvania, Romania)\" \/>\n<meta property=\"article:modified_time\" content=\"2026-04-28T13:48:37+00:00\" \/>\n<meta name=\"twitter:card\" content=\"summary\" \/>\n<script type=\"application\/ld+json\" class=\"yoast-schema-graph\">{\"@context\":\"https:\/\/schema.org\",\"@graph\":[{\"@type\":\"WebSite\",\"@id\":\"https:\/\/www.resortambient.ro\/de\/#website\",\"url\":\"https:\/\/www.resortambient.ro\/de\/\",\"name\":\"Resort Ambient - Cristian (Transilvania, Romania)\",\"description\":\"Holen Sie sich den besten Preis f\\u00fcr Ambient Eigenschaften\",\"potentialAction\":[{\"@type\":\"SearchAction\",\"target\":\"https:\/\/www.resortambient.ro\/de\/?s={search_term_string}\",\"query-input\":\"required name=search_term_string\"}],\"inLanguage\":\"de\"},{\"@type\":\"WebPage\",\"@id\":\"https:\/\/www.resortambient.ro\/nunti-botezuri-aniversari\/#webpage\",\"url\":\"https:\/\/www.resortambient.ro\/nunti-botezuri-aniversari\/\",\"name\":\"[:ro]Nun\\u021bi, Botezuri & Anivers\\u0103ri[:en]Weddings, Baptisms & Anniversaries[:es]Bodas, bautizos y aniversarios[:de]Hochzeiten, Taufen & Jubil\\u00e4en[:] - Resort Ambient - Cristian (Transilvania, Romania)\",\"isPartOf\":{\"@id\":\"https:\/\/www.resortambient.ro\/de\/#website\"},\"datePublished\":\"2020-09-30T03:21:44+00:00\",\"dateModified\":\"2026-04-28T13:48:37+00:00\",\"inLanguage\":\"de\",\"potentialAction\":[{\"@type\":\"ReadAction\",\"target\":[\"https:\/\/www.resortambient.ro\/nunti-botezuri-aniversari\/\"]}]}]}<\/script>\n<!-- \/ Yoast SEO Premium plugin. -->","_links":{"self":[{"href":"https:\/\/www.resortambient.ro\/de\/wp-json\/wp\/v2\/pages\/6776","targetHints":{"allow":["GET"]}}],"collection":[{"href":"https:\/\/www.resortambient.ro\/de\/wp-json\/wp\/v2\/pages"}],"about":[{"href":"https:\/\/www.resortambient.ro\/de\/wp-json\/wp\/v2\/types\/page"}],"author":[{"embeddable":true,"href":"https:\/\/www.resortambient.ro\/de\/wp-json\/wp\/v2\/users\/5"}],"replies":[{"embeddable":true,"href":"https:\/\/www.resortambient.ro\/de\/wp-json\/wp\/v2\/comments?post=6776"}],"version-history":[{"count":25,"href":"https:\/\/www.resortambient.ro\/de\/wp-json\/wp\/v2\/pages\/6776\/revisions"}],"predecessor-version":[{"id":7233,"href":"https:\/\/www.resortambient.ro\/de\/wp-json\/wp\/v2\/pages\/6776\/revisions\/7233"}],"wp:attachment":[{"href":"https:\/\/www.resortambient.ro\/de\/wp-json\/wp\/v2\/media?parent=6776"}],"wp:term":[{"taxonomy":"yst_prominent_words","embeddable":true,"href":"https:\/\/www.resortambient.ro\/de\/wp-json\/wp\/v2\/yst_prominent_words?post=6776"}],"curies":[{"name":"wp","href":"https:\/\/api.w.org\/{rel}","templated":true}]}}