{"id":4273,"date":"2017-05-09T00:52:21","date_gmt":"2017-05-08T21:52:21","guid":{"rendered":"http:\/\/www.resortambient.ro\/?page_id=4273"},"modified":"2017-09-29T19:19:35","modified_gmt":"2017-09-29T16:19:35","slug":"gastronomie-bar","status":"publish","type":"page","link":"https:\/\/www.resortambient.ro\/de\/gastronomie-bar\/","title":{"rendered":"Gastronomie &#038; Bars"},"content":{"rendered":"<p>[vc_row full_width=&#8221;stretch_row&#8221; position=&#8221;right center&#8221; parallax_layers=&#8221;yes&#8221; style_images=&#8221;yes&#8221; css=&#8221;.vc_custom_1502130980460{margin-top: 50px !important;background-position: 0 0 !important;background-repeat: no-repeat !important;}&#8221; el_class=&#8221;background-none-mobile&#8221; layer_1=&#8221;5065&#8243; parallax_offset=&#8221;150&#8243; layer_1_horizontal=&#8221;left: 55%&#8221; layer_1_ratio=&#8221;1.25123&#8243; layer_1_z=&#8221;1&#8243; layer_1_vertical=&#8221;top: -1%&#8221; layer_2=&#8221;5066&#8243; layer_2_horizontal=&#8221;left: 70%&#8221; layer_2_ratio=&#8221;1.25123&#8243; layer_2_vertical=&#8221;top: 50%&#8221;][vc_column width=&#8221;1\/2&#8243; css=&#8221;.vc_custom_1474196911770{margin-top: -30px !important;}&#8221;][vc_column_text]<\/p>\n<h2 style=\"text-align: center;\"><small><\/small><span style=\"color: #097000;\"><br \/>\nDER TRADITIONELLE S\u00dcSSE GESCHMACK<\/span><\/h2>\n<p class=\"lead\" style=\"text-align: center;\">Wenn du jemals gewollt h\u00e4ttest, Speisen zu essen, die speziell f\u00fcr den Geschmack deines Herrn vorbereitet sind,<\/p>\n<p class=\"lead\" style=\"text-align: center;\">Willkommen Zuhause!<\/p>\n<p style=\"text-align: center;\">Hier ist der gro\u00dfartige Ort, wo wir im Ohr des geschickten Kochs alles fl\u00fcstern, was dein Herz w\u00fcnscht. Er, ein legend\u00e4rer Meister, h\u00f6rt mit gro\u00dfer Sorgfalt und bereitet weise Lieblingszutaten, nach dem Geschmack und Vergn\u00fcgen deiner Maria.<\/p>\n<p style=\"text-align: center;\"><a href=\"http:\/\/www.resortambient.ro\/wp-content\/uploads\/2017\/08\/MeniuResortAmbient.pdf\" target=\"_blank\" rel=\"noopener\"><strong>Sehen Sie unsere Speisekarte<\/strong><\/a><\/p>\n<p>[\/vc_column_text][vc_column_text][\/vc_column_text][\/vc_column][vc_column width=&#8221;1\/2&#8243;][\/vc_column][\/vc_row][vc_row full_width=&#8221;stretch_row_content&#8221; parallax=&#8221;content-moving&#8221; css=&#8221;.vc_custom_1502305685936{background-image: url(http:\/\/www.resortambient.ro\/wp-content\/uploads\/2016\/09\/Restaurant-1.jpg?id=5026) !important;background-position: center;background-repeat: no-repeat !important;background-size: cover !important;}&#8221;][vc_column width=&#8221;1\/2&#8243; css=&#8221;.vc_custom_1476097559435{margin-top: 60px !important;}&#8221;][\/vc_column][vc_column width=&#8221;1\/2&#8243; css=&#8221;.vc_custom_1475049917654{margin-top: 60px !important;}&#8221;][\/vc_column][\/vc_row][vc_row][vc_column width=&#8221;1\/2&#8243; css=&#8221;.vc_custom_1476097559435{margin-top: 60px !important;}&#8221;][vc_images_carousel images=&#8221;4979,4982,4984,5084,5081,5089,5088,5082,5085,5087,5080&#8243; onclick=&#8221;link_no&#8221;][\/vc_column][vc_column width=&#8221;1\/2&#8243; css=&#8221;.vc_custom_1502135446806{margin-top: 120px !important;}&#8221;][vc_column_text]<\/p>\n<h2 style=\"text-align: center;\"><small><\/small><span style=\"color: #097000;\">VERANSTALTUNGEN<\/span><\/h2>\n<p>[\/vc_column_text][vc_column_text]<\/p>\n<p style=\"text-align: center;\">KUNDENSPEZIFISCH<\/p>\n<p style=\"text-align: center;\">F\u00fcr den tollen Abend, die Hochzeit, die Taufe oder die Familien- und College-Versammlungen f\u00fcllt der Edelweiss-Salon Ihr Herz mit Freude und bietet Platz f\u00fcr 210 Personen und bietet ausgew\u00e4hlte Gerichte f\u00fcr jeden Geschmack im A la Carte oder Ceremonial Restaurant.<\/p>\n<p style=\"text-align: center;\">Hier werden wir warten, liebe G\u00e4ste, um jeden Schritt der gl\u00fccklichen Begegnung von vor langer Zeit mit denen zu genie\u00dfen, die erst jetzt auftauchen.<\/p>\n<p>[\/vc_column_text][\/vc_column][\/vc_row][vc_row css=&#8221;.vc_custom_1502135379365{margin-top: -130px !important;}&#8221;][vc_column width=&#8221;1\/2&#8243; css=&#8221;.vc_custom_1502135272554{margin-top: 100px !important;}&#8221;][vc_column_text]<\/p>\n<h2 style=\"text-align: center;\"><small><\/small><span style=\"color: #097000;\">MEHR IST NIE MEHR ZU VIEL<\/span><\/h2>\n<p>[\/vc_column_text][vc_column_text]<\/p>\n<p style=\"text-align: center;\">Entdecken Sie einen traditionellen Raum<\/p>\n<p style=\"text-align: center;\">Auch f\u00fcr Sie, liebe G\u00e4ste, haben wir uns verw\u00f6hnt f\u00fcr jeden Geschmack: drei Bars f\u00fcr diejenigen, die die Nacht hier verbringen, eine wundersch\u00f6ne Au\u00dfenterrasse mit 50 Sitzpl\u00e4tzen, eine rustikale Bar mit Barbecue, einen Holzofen und einen Herd wie Gro\u00dfmutter, Wo viele andere Leckereien serviert werden k\u00f6nnen.<\/p>\n<p style=\"text-align: center;\">Und wenn du hierher kommst, wirst du dich von Tag zu Tag entspannt f\u00fchlen, denn hier ist das Leben s\u00fc\u00dfer und in jeder Ecke, die du gehen wirst, wirst du ein wenig von allem finden, oder geschicktes Holz von den gesch\u00e4tztesten oder von den erfahrenen Gerichte oder durch die Tanz Salons, und am Abend werden Sie froh sein und wir werden &#8230; Home.<\/p>\n<p>[\/vc_column_text][\/vc_column][vc_column width=&#8221;1\/2&#8243; css=&#8221;.vc_custom_1475049917654{margin-top: 60px !important;}&#8221;][vc_images_carousel images=&#8221;5077,5075,5072,5074,5073,5071,5078&#8243; onclick=&#8221;link_no&#8221;][\/vc_column][\/vc_row][vc_row css=&#8221;.vc_custom_1502190630167{margin-top: -130px !important;}&#8221;][vc_column width=&#8221;1\/2&#8243; css=&#8221;.vc_custom_1476097559435{margin-top: 60px !important;}&#8221;][vc_images_carousel images=&#8221;5103,5102&#8243; onclick=&#8221;link_no&#8221;][\/vc_column][vc_column width=&#8221;1\/2&#8243; css=&#8221;.vc_custom_1502190783649{margin-top: 110px !important;}&#8221;][vc_column_text]<\/p>\n<h2 style=\"text-align: center;\"><small><\/small><span style=\"color: #097000;\">BARS<\/span><\/h2>\n<p>[\/vc_column_text][vc_column_text]<\/p>\n<p style=\"text-align: center;\">In Ehre f\u00fcr alle<\/p>\n<p style=\"text-align: center;\">Wir laden Ihre durstigen Seelen in Ambient Bars ein, um \u00fcberraschende Aromen zu erleben. Wir haben liebevoll drei Takte geschaffen, um die Treffpunkte des Geschmacks zu sein, wo der S\u00fc\u00dfe \u00fcber der Bitterkeit liegt, wo die Freude in der Luft schwimmt und die Seelen immer l\u00e4cheln.<\/p>\n<p style=\"text-align: center;\">Fr\u00fchst\u00fcck und Late Night Bar (ge\u00f6ffnet 24\/24). Fr\u00fchst\u00fccksplan 07:00 &#8211; 10:00 Uhr<br \/>\nBar Terrasse f\u00fcr Freibad und Terrasse (w\u00e4hrend der Sommersaison)<br \/>\nBar in der Veranstaltungshalle \/ Restaurant. Orar Bar: 10:00 &#8211; 22:00. Restaurant 10:00 &#8211; 22:00 Uhr<\/p>\n<p>[\/vc_column_text][\/vc_column][\/vc_row][vc_row css=&#8221;.vc_custom_1468188424680{margin-top: -90px !important;}&#8221;][vc_column width=&#8221;1\/2&#8243;][vc_column_text]<\/p>\n<h2 class=\"text-center\" style=\"text-align: center;\"><span style=\"color: #097000;\"><i class='fa fa-fw fa-clock-o fa-lg center-block ' style=''><\/i><\/span>\u00d6ffnungszeiten<\/h2>\n<p style=\"text-align: center;\"><strong>Fr\u00fchst\u00fcck Bar und Late Night<\/strong> (Open 24\/24). Fr\u00fchst\u00fccksplan 07:00 &#8211; 10:00 Uhr<br \/>\n<strong>Terrasse Bar<\/strong> F\u00fcr den Au\u00dfenpool und die Terrasse (w\u00e4hrend der Sommersaison)<br \/>\n<strong>Bar in der Veranstaltungshalle \/ Restaurant<\/strong>.Bar Programm: 10:00 &#8211; 22:00 Uhr Restaurant Programm: 10:00 &#8211; 22:00 Uhr<\/p>\n<p>[\/vc_column_text][\/vc_column][vc_column width=&#8221;1\/2&#8243;][vc_column_text]<\/p>\n<h2 class=\"text-center\" style=\"text-align: center;\"><span style=\"color: #097000;\"><i class='fa fa-fw fa-book fa-lg center-block ' style=''><\/i><\/span>Reservierungen<\/h2>\n<p style=\"text-align: center;\">Wir warten auf Sie, um unsere Gerichte zu probieren<\/p>\n<p style=\"text-align: center;\"><a href=\"tel:0040732700300\">004 0732 700300<\/a><br \/>\n<a href=\"mailto:reservations@resortambient.ro\">reservations@resortambient.ro<\/a><\/p>\n<p>[\/vc_column_text][\/vc_column][\/vc_row][vc_row css=&#8221;.vc_custom_1470397530640{margin-bottom: -200px !important;}&#8221;][vc_column][vc_raw_html]JTNDc2NyaXB0JTIwdHlwZSUzRCUyMnRleHQlMkZqYXZhc2NyaXB0JTIyJTIwc3JjJTNEJTIyaHR0cHMlM0ElMkYlMkZvcGVuLnVwcGVyYm9va2luZy5jb20lMkZyZXNvcnRhbWJpZW50JTJGQm9va2luZy5qcyUzRmxvY2FsZSUzRGRlJTIyJTNFJTNDJTJGc2NyaXB0JTNF[\/vc_raw_html][\/vc_column][\/vc_row]<\/p>","protected":false},"excerpt":{"rendered":"<p>[vc_row full_width=&#8221;stretch_row&#8221; position=&#8221;right center&#8221; parallax_layers=&#8221;yes&#8221; style_images=&#8221;yes&#8221; css=&#8221;.vc_custom_1502130980460{margin-top: 50px !important;background-position: 0 0 !important;background-repeat: no-repeat !important;}&#8221; el_class=&#8221;background-none-mobile&#8221; layer_1=&#8221;5065&#8243; parallax_offset=&#8221;150&#8243; layer_1_horizontal=&#8221;left: 55%&#8221; layer_1_ratio=&#8221;1.25123&#8243; [&hellip;]<\/p>\n","protected":false},"author":4,"featured_media":0,"parent":0,"menu_order":4,"comment_status":"closed","ping_status":"closed","template":"","meta":{"footnotes":""},"yst_prominent_words":[],"class_list":["post-4273","page","type-page","status-publish","hentry"],"yoast_head":"<!-- This site is optimized with the Yoast SEO Premium plugin v14.0.2 - https:\/\/yoast.com\/wordpress\/plugins\/seo\/ -->\n<title>Gastronomie &amp; Bars - Resort Ambient - Cristian (Transilvania, Romania)<\/title>\n<meta name=\"robots\" content=\"index, follow\" \/>\n<meta name=\"googlebot\" content=\"index, follow, max-snippet:-1, max-image-preview:large, max-video-preview:-1\" \/>\n<meta name=\"bingbot\" content=\"index, follow, max-snippet:-1, max-image-preview:large, max-video-preview:-1\" \/>\n<link rel=\"canonical\" href=\"https:\/\/www.resortambient.ro\/gastronomie-bar\/\" \/>\n<meta property=\"og:locale\" content=\"de_DE\" \/>\n<meta property=\"og:type\" content=\"article\" \/>\n<meta property=\"og:title\" content=\"[:ro]Gastronomie &amp; Baruri[:en]Gastronomy &amp; Bars[:es]Gastronomia &amp; Bares[:de]Gastronomie &amp; Bars[:] - Resort Ambient - Cristian (Transilvania, Romania)\" \/>\n<meta property=\"og:description\" content=\"[vc_row full_width=&#8221;stretch_row&#8221; position=&#8221;right center&#8221; parallax_layers=&#8221;yes&#8221; style_images=&#8221;yes&#8221; css=&#8221;.vc_custom_1502130980460{margin-top: 50px !important;background-position: 0 0 !important;background-repeat: no-repeat !important;}&#8221; el_class=&#8221;background-none-mobile&#8221; layer_1=&#8221;5065&#8243; parallax_offset=&#8221;150&#8243; layer_1_horizontal=&#8221;left: 55%&#8221; layer_1_ratio=&#8221;1.25123&#8243; [&hellip;]\" \/>\n<meta property=\"og:url\" content=\"https:\/\/www.resortambient.ro\/gastronomie-bar\/\" \/>\n<meta property=\"og:site_name\" content=\"Resort Ambient - Cristian (Transilvania, Romania)\" \/>\n<meta property=\"article:modified_time\" content=\"2017-09-29T16:19:35+00:00\" \/>\n<meta name=\"twitter:card\" content=\"summary\" \/>\n<script type=\"application\/ld+json\" class=\"yoast-schema-graph\">{\"@context\":\"https:\/\/schema.org\",\"@graph\":[{\"@type\":\"WebSite\",\"@id\":\"https:\/\/www.resortambient.ro\/de\/#website\",\"url\":\"https:\/\/www.resortambient.ro\/de\/\",\"name\":\"Resort Ambient - Cristian (Transilvania, Romania)\",\"description\":\"Holen Sie sich den besten Preis f\\u00fcr Ambient Eigenschaften\",\"potentialAction\":[{\"@type\":\"SearchAction\",\"target\":\"https:\/\/www.resortambient.ro\/de\/?s={search_term_string}\",\"query-input\":\"required name=search_term_string\"}],\"inLanguage\":\"de\"},{\"@type\":\"WebPage\",\"@id\":\"https:\/\/www.resortambient.ro\/gastronomie-bar\/#webpage\",\"url\":\"https:\/\/www.resortambient.ro\/gastronomie-bar\/\",\"name\":\"[:ro]Gastronomie & Baruri[:en]Gastronomy & Bars[:es]Gastronomia & Bares[:de]Gastronomie & Bars[:] - Resort Ambient - Cristian (Transilvania, Romania)\",\"isPartOf\":{\"@id\":\"https:\/\/www.resortambient.ro\/de\/#website\"},\"datePublished\":\"2017-05-08T21:52:21+00:00\",\"dateModified\":\"2017-09-29T16:19:35+00:00\",\"inLanguage\":\"de\",\"potentialAction\":[{\"@type\":\"ReadAction\",\"target\":[\"https:\/\/www.resortambient.ro\/gastronomie-bar\/\"]}]}]}<\/script>\n<!-- \/ Yoast SEO Premium plugin. -->","_links":{"self":[{"href":"https:\/\/www.resortambient.ro\/de\/wp-json\/wp\/v2\/pages\/4273","targetHints":{"allow":["GET"]}}],"collection":[{"href":"https:\/\/www.resortambient.ro\/de\/wp-json\/wp\/v2\/pages"}],"about":[{"href":"https:\/\/www.resortambient.ro\/de\/wp-json\/wp\/v2\/types\/page"}],"author":[{"embeddable":true,"href":"https:\/\/www.resortambient.ro\/de\/wp-json\/wp\/v2\/users\/4"}],"replies":[{"embeddable":true,"href":"https:\/\/www.resortambient.ro\/de\/wp-json\/wp\/v2\/comments?post=4273"}],"version-history":[{"count":20,"href":"https:\/\/www.resortambient.ro\/de\/wp-json\/wp\/v2\/pages\/4273\/revisions"}],"predecessor-version":[{"id":5533,"href":"https:\/\/www.resortambient.ro\/de\/wp-json\/wp\/v2\/pages\/4273\/revisions\/5533"}],"wp:attachment":[{"href":"https:\/\/www.resortambient.ro\/de\/wp-json\/wp\/v2\/media?parent=4273"}],"wp:term":[{"taxonomy":"yst_prominent_words","embeddable":true,"href":"https:\/\/www.resortambient.ro\/de\/wp-json\/wp\/v2\/yst_prominent_words?post=4273"}],"curies":[{"name":"wp","href":"https:\/\/api.w.org\/{rel}","templated":true}]}}