{"id":4271,"date":"2017-05-09T00:48:27","date_gmt":"2017-05-08T21:48:27","guid":{"rendered":"http:\/\/www.resortambient.ro\/?page_id=4271"},"modified":"2021-06-17T23:23:13","modified_gmt":"2021-06-17T20:23:13","slug":"evenimente","status":"publish","type":"page","link":"https:\/\/www.resortambient.ro\/de\/services\/evenimente\/","title":{"rendered":"Veranstaltungen &#038; Konferenzen"},"content":{"rendered":"<p>[vc_row full_width=&#8221;stretch_row&#8221; position=&#8221;right center&#8221; css=&#8221;.vc_custom_1502232707391{background-position: 0 0 !important;background-repeat: no-repeat !important;}&#8221; el_class=&#8221;background-none-mobile&#8221;][vc_column width=&#8221;1\/2&#8243;][vc_column_text]<\/p>\n<h2><span style=\"color: #097000;\">Ambient, Designer eines Traumtags<\/span><\/h2>\n<p>Lassen Sie sich vom Edelweiss Salon \u00fcberraschen, der ideale Ort, der in einem traditionellen Stil eingerichtet ist, wo Sie einen der wichtigsten Tage Ihres Lebens feiern k\u00f6nnen.<\/p>\n<p>F\u00fcr Tagungen und Konferenzen, Promotions und Produkteinf\u00fchrungen oder Firmenveranstaltungen haben wir sorgf\u00e4ltig die Konferenzhalle erstellt, in der Sie einen unvergesslichen Tag feiern k\u00f6nnen, der von unserem Team organisiert wurde, das auf personalisierte Veranstaltungen spezialisiert ist.<\/p>\n<p><q class=\"pullquote pull-right\">Die gro\u00dfen Veranstaltungen finden in allen M\u00e4rchen und dem wirklichen Leben in au\u00dfergew\u00f6hnlichen Landschaften wie Cristian Gastgeber von Ambient Resort und Ihrem Gastgeber am Gro\u00dfen Tag statt<\/q><\/p>\n<p>[\/vc_column_text][\/vc_column][vc_column width=&#8221;1\/2&#8243;][vc_single_image image=&#8221;5216&#8243; img_size=&#8221;full&#8221;][\/vc_column][\/vc_row][vc_row css=&#8221;.vc_custom_1468197520638{margin-top: -110px !important;margin-bottom: -100px !important;}&#8221;][vc_column width=&#8221;2\/3&#8243; offset=&#8221;vc_col-sm-offset-2&#8243;][vc_column_text]<\/p>\n<h2 style=\"text-align: center;\"><span style=\"color: #097000;\">EDELWEISS EVENTS HALL<\/span><\/h2>\n<p style=\"text-align: center;\"><strong>F\u00dcR EINZIGARTIGE MOMENTE<\/strong><\/p>\n<p>[\/vc_column_text][vc_column_text]<\/p>\n<p style=\"text-align: center;\">F\u00fcr den tollen Abend, die Hochzeit, die Taufe oder die Familien- und College-Versammlungen f\u00fcllt der Edelweiss-Salon Ihr Herz mit Freude und bietet Platz f\u00fcr 210 Personen und bietet ausgew\u00e4hlte Gerichte f\u00fcr jeden Geschmack im A la Carte oder Ceremonial Restaurant. Hier werden wir warten, liebe G\u00e4ste, um jeden Schritt der gl\u00fccklichen Begegnung von allzu langer Zeit mit denen zu genie\u00dfen, die erst jetzt auftauchen.<\/p>\n<p>[\/vc_column_text][\/vc_column][\/vc_row][vc_row css=&#8221;.vc_custom_1468533825630{margin-top: -33px !important;margin-bottom: -99px !important;}&#8221;][vc_column][vc_images_carousel images=&#8221;5241,5240,5238,5239,5237&#8243; onclick=&#8221;link_no&#8221; speed=&#8221;8888&#8243;][\/vc_column][\/vc_row][vc_row][vc_column][vc_separator color=&#8221;custom&#8221; style=&#8221;shadow&#8221; border_width=&#8221;2&#8243; accent_color=&#8221;#097000&#8243;][\/vc_column][\/vc_row][vc_row css=&#8221;.vc_custom_1468197520638{margin-top: -110px !important;margin-bottom: -100px !important;}&#8221;][vc_column width=&#8221;2\/3&#8243; offset=&#8221;vc_col-sm-offset-2&#8243;][vc_column_text]<\/p>\n<h2 style=\"text-align: center;\"><span style=\"color: #097000;\">KONFERENZRAUM<br \/>\n<\/span><\/h2>\n<p style=\"text-align: center;\"><strong>ALLES DER ERFOLGSAKTIVIT\u00c4TEN<\/strong><\/p>\n<p>[\/vc_column_text][vc_column_text]<\/p>\n<p style=\"text-align: center;\">Der Konferenzraum eignet sich hervorragend f\u00fcr 120 Personen und der s\u00e4chsische Stolz aus dem Jahre 1852 ist mittlerweile ein eindrucksvoller, zweist\u00f6ckiger Salon, der gut eingerichtet und mit allen Notwendigkeiten ausgestattet ist.<\/p>\n<p>[\/vc_column_text][\/vc_column][\/vc_row][vc_row css=&#8221;.vc_custom_1468533825630{margin-top: -33px !important;margin-bottom: -99px !important;}&#8221;][vc_column][vc_images_carousel images=&#8221;5228,5229,5227&#8243; onclick=&#8221;link_no&#8221; speed=&#8221;8888&#8243;][\/vc_column][\/vc_row][vc_row][vc_column width=&#8221;1\/6&#8243;][vc_column_text]<\/p>\n<h4><span style=\"color: #097000;\">Ma\u00dfe<\/span><\/h4>\n<ul class=\"list-pointer\">\n<li>L\u00e4nge: 15 Meter<\/li>\n<li>Breite: 9,5 Meter<\/li>\n<li>Oberfl\u00e4che: 142,5 Quadratmeter<\/li>\n<li>Maximale H\u00f6he: 6,5 Meter<\/li>\n<li>Minimale H\u00f6he: 4,3 Meter<\/li>\n<\/ul>\n<p>[\/vc_column_text][\/vc_column][vc_column width=&#8221;1\/6&#8243;][vc_column_text]<\/p>\n<h4><span style=\"color: #097000;\">Anlagen<\/span><\/h4>\n<ul class=\"list-pointer\">\n<li>Klimaanlage, Clima<\/li>\n<li>Nat\u00fcrliches Licht<\/li>\n<li>Dunkelheit<\/li>\n<li>Restaurant Dienstleistungen<\/li>\n<\/ul>\n<p>[\/vc_column_text][\/vc_column][vc_column width=&#8221;1\/6&#8243;][vc_column_text]<\/p>\n<h4><span style=\"color: #097000;\">Ausr\u00fcstung<\/span><\/h4>\n<ul class=\"list-pointer\">\n<li>WLAN-Internetzugang<\/li>\n<li>JBL Soundsystem und drahtlose Mikrofone<\/li>\n<li>Laser pointer<\/li>\n<li>TV LCD<\/li>\n<li>Beamer<\/li>\n<li>Projektionswand<\/li>\n<li>Flipchart mit Papier und Markierungen<\/li>\n<\/ul>\n<p>[\/vc_column_text][\/vc_column][vc_column width=&#8221;1\/6&#8243;][vc_column_text]<\/p>\n<p>&nbsp;<\/p>\n<ul class=\"list-pointer\">\n<li>Whiteboard<\/li>\n<li>Laptop, PC &#8211; op\u021bional<\/li>\n<li>Imprimant\u0103, copiator, fax &#8211; optional<\/li>\n<li>Video or audio conference system &#8211; optional<\/li>\n<\/ul>\n<p>[\/vc_column_text][\/vc_column][vc_column width=&#8221;1\/6&#8243;][vc_column_text]<\/p>\n<h4><span style=\"color: #097000;\">Parken<\/span><\/h4>\n<ul class=\"list-pointer\">\n<li>Kostenlose Parkpl\u00e4tze, t\u00e4glich, auf dem Parkplatz oder vor dem Haus<\/li>\n<\/ul>\n<p>[\/vc_column_text][\/vc_column][vc_column width=&#8221;1\/6&#8243;][\/vc_column][\/vc_row][vc_row css=&#8221;.vc_custom_1471127092091{margin-top: -150px !important;}&#8221;][vc_column][vc_column_text]<\/p>\n<h4><span style=\"color: #097000;\">Anordnung<\/span><\/h4>\n<p>[\/vc_column_text][\/vc_column][\/vc_row][vc_row css=&#8221;.vc_custom_1471127119985{margin-top: -150px !important;margin-bottom: 50px !important;}&#8221;][vc_column width=&#8221;1\/6&#8243;][vc_column_text]<\/p>\n<table class=\"table table-responsive\">\n<tbody>\n<tr>\n<td align=\"center\" valign=\"top\"><small><span style=\"font-family: Helvetica, Arial, sans-serif;\">Theater<\/span><\/small><\/td>\n<\/tr>\n<tr>\n<td align=\"center\" valign=\"top\"><small><span style=\"font-family: Helvetica, Arial, sans-serif;\"><img loading=\"lazy\" decoding=\"async\" src=\"https:\/\/www.hotelambient.ro\/wp-content\/uploads\/2016\/07\/Teatro.png\" alt=\"Teatro\" width=\"60\" height=\"60\" \/><br \/>\n<\/span><\/small><\/td>\n<\/tr>\n<tr>\n<td align=\"center\" valign=\"top\"><small><span style=\"font-family: Helvetica, Arial, sans-serif;\">120 Personen<br \/>\n<\/span><\/small><\/td>\n<\/tr>\n<\/tbody>\n<\/table>\n<p>[\/vc_column_text][\/vc_column][vc_column width=&#8221;1\/6&#8243;][vc_column_text]<\/p>\n<table class=\"table table-responsive\">\n<tbody>\n<tr>\n<td align=\"center\" valign=\"top\"><small><span style=\"font-family: Helvetica, Arial, sans-serif;\">U-Form<br \/>\n<\/span><\/small><\/td>\n<\/tr>\n<tr>\n<td align=\"center\" valign=\"top\"><small><span style=\"font-family: Helvetica, Arial, sans-serif;\"><img loading=\"lazy\" decoding=\"async\" src=\"https:\/\/www.hotelambient.ro\/wp-content\/uploads\/2016\/07\/FormaU.png\" alt=\"Forma de U\" width=\"60\" height=\"60\" \/><\/span><\/small><\/td>\n<\/tr>\n<tr>\n<td align=\"center\" valign=\"top\"><small><span style=\"font-family: Helvetica, Arial, sans-serif;\">100 Personen<\/span><\/small><\/td>\n<\/tr>\n<\/tbody>\n<\/table>\n<p>[\/vc_column_text][\/vc_column][vc_column width=&#8221;1\/6&#8243;][vc_column_text]<\/p>\n<table class=\"table table-responsive\">\n<tbody>\n<tr>\n<td align=\"center\" valign=\"top\">Klassenzimmer<\/td>\n<\/tr>\n<tr>\n<td align=\"center\" valign=\"top\"><small><span style=\"font-family: Helvetica, Arial, sans-serif;\"><img loading=\"lazy\" decoding=\"async\" src=\"https:\/\/www.hotelambient.ro\/wp-content\/uploads\/2016\/07\/Clase.png\" alt=\"Clase\" width=\"60\" height=\"60\" \/><\/span><\/small><\/td>\n<\/tr>\n<tr>\n<td align=\"center\" valign=\"top\"><small><small><span style=\"font-family: Helvetica, Arial, sans-serif;\">60\u00a0<\/span><\/small><\/small><small><span style=\"font-family: Helvetica, Arial, sans-serif;\">Personen<\/span><\/small><\/td>\n<\/tr>\n<\/tbody>\n<\/table>\n<p>[\/vc_column_text][\/vc_column][vc_column width=&#8221;1\/6&#8243;][vc_column_text]<\/p>\n<table class=\"table table-responsive\">\n<tbody>\n<tr>\n<td align=\"center\" valign=\"top\"><small><span style=\"font-family: Helvetica, Arial, sans-serif;\">Runder Tisch<\/span><\/small><\/td>\n<\/tr>\n<tr>\n<td align=\"center\" valign=\"top\"><small><span style=\"font-family: Helvetica, Arial, sans-serif;\"><img loading=\"lazy\" decoding=\"async\" src=\"https:\/\/www.hotelambient.ro\/wp-content\/uploads\/2016\/07\/mesaredonda.png\" alt=\"mesa\" width=\"60\" height=\"60\" \/><br \/>\n<\/span><\/small><\/td>\n<\/tr>\n<tr>\n<td align=\"center\" valign=\"top\"><small><small><span style=\"font-family: Helvetica, Arial, sans-serif;\">60\u00a0<\/span><\/small><\/small><small><span style=\"font-family: Helvetica, Arial, sans-serif;\">Personen<\/span><\/small><\/td>\n<\/tr>\n<\/tbody>\n<\/table>\n<p>[\/vc_column_text][\/vc_column][vc_column width=&#8221;1\/6&#8243;][vc_column_text]<\/p>\n<table class=\"table table-responsive\">\n<tbody>\n<tr>\n<td align=\"center\" valign=\"top\"><small><span style=\"font-family: Helvetica, Arial, sans-serif;\">Rezeption. Abendessen<\/span><\/small><\/td>\n<\/tr>\n<tr>\n<td align=\"center\" valign=\"top\"><small><span style=\"font-family: Helvetica, Arial, sans-serif;\"><img loading=\"lazy\" decoding=\"async\" src=\"https:\/\/www.hotelambient.ro\/wp-content\/uploads\/2016\/07\/Cena.png\" alt=\"Cena\" width=\"60\" height=\"60\" \/><\/span><\/small><\/td>\n<\/tr>\n<tr>\n<td align=\"center\" valign=\"top\"><small><span style=\"font-family: Helvetica, Arial, sans-serif;\">90 Personen<\/span><\/small><\/td>\n<\/tr>\n<\/tbody>\n<\/table>\n<p>[\/vc_column_text][\/vc_column][\/vc_row][vc_row css=&#8221;.vc_custom_1468573965749{margin-top: -180px !important;margin-bottom: -50px !important;}&#8221;][vc_column][vc_column_text]<\/p>\n<h2 class=\"text-center\" style=\"text-align: center;\"><span style=\"color: #097000;\"><i class='fa fa-fw fa-book center-block ' style=''><\/i><\/span>Reservierungen und Informationen<\/h2>\n<p style=\"text-align: center;\">Herzlich willkommen! Wir freuen uns, gemeinsam einen unvergesslichen Tag zu planen!<\/p>\n<p style=\"text-align: center;\"><a href=\"tel:0040268470856\">004 0732 700300<\/a><br \/>\n<a href=\"mailto:reservations@resortambient.ro\">reservations@resortambient.ro<\/a><\/p>\n<p>[\/vc_column_text][\/vc_column][\/vc_row][vc_row css=&#8221;.vc_custom_1470431477746{margin-top: -200px !important;}&#8221;][vc_column][vc_raw_html]JTNDc2NyaXB0JTIwdHlwZSUzRCUyMnRleHQlMkZqYXZhc2NyaXB0JTIyJTIwc3JjJTNEJTIyaHR0cHMlM0ElMkYlMkZvcGVuLnVwcGVyYm9va2luZy5jb20lMkZyZXNvcnRhbWJpZW50JTJGQm9va2luZy5qcyUzRmxvY2FsZSUzRGRlJTIyJTNFJTNDJTJGc2NyaXB0JTNF[\/vc_raw_html][\/vc_column][\/vc_row]<\/p>","protected":false},"excerpt":{"rendered":"<p>[vc_row full_width=&#8221;stretch_row&#8221; position=&#8221;right center&#8221; css=&#8221;.vc_custom_1502232707391{background-position: 0 0 !important;background-repeat: no-repeat !important;}&#8221; el_class=&#8221;background-none-mobile&#8221;][vc_column width=&#8221;1\/2&#8243;][vc_column_text] Ambient, Designer eines Traumtags Lassen Sie sich vom [&hellip;]<\/p>\n","protected":false},"author":4,"featured_media":0,"parent":3687,"menu_order":1,"comment_status":"closed","ping_status":"closed","template":"","meta":{"footnotes":""},"yst_prominent_words":[],"class_list":["post-4271","page","type-page","status-publish","hentry"],"yoast_head":"<!-- This site is optimized with the Yoast SEO Premium plugin v14.0.2 - https:\/\/yoast.com\/wordpress\/plugins\/seo\/ -->\n<title>Veranstaltungen &amp; Konferenzen - Resort Ambient - Cristian (Transilvania, Romania)<\/title>\n<meta name=\"robots\" content=\"index, follow\" \/>\n<meta name=\"googlebot\" content=\"index, follow, max-snippet:-1, max-image-preview:large, max-video-preview:-1\" \/>\n<meta name=\"bingbot\" content=\"index, follow, max-snippet:-1, max-image-preview:large, max-video-preview:-1\" \/>\n<link rel=\"canonical\" href=\"https:\/\/www.resortambient.ro\/services\/evenimente\/\" \/>\n<meta property=\"og:locale\" content=\"de_DE\" \/>\n<meta property=\"og:type\" content=\"article\" \/>\n<meta property=\"og:title\" content=\"[:ro]Evenimente &amp; Conferin\u0163e [:en]Events &amp; Conferences[:es]Eventos &amp; Conferencias [:de]Veranstaltungen &amp; Konferenzen[:] - Resort Ambient - Cristian (Transilvania, Romania)\" \/>\n<meta property=\"og:description\" content=\"[vc_row full_width=&#8221;stretch_row&#8221; position=&#8221;right center&#8221; css=&#8221;.vc_custom_1502232707391{background-position: 0 0 !important;background-repeat: no-repeat !important;}&#8221; el_class=&#8221;background-none-mobile&#8221;][vc_column width=&#8221;1\/2&#8243;][vc_column_text] Ambient, Designer eines Traumtags Lassen Sie sich vom [&hellip;]\" \/>\n<meta property=\"og:url\" content=\"https:\/\/www.resortambient.ro\/services\/evenimente\/\" \/>\n<meta property=\"og:site_name\" content=\"Resort Ambient - Cristian (Transilvania, Romania)\" \/>\n<meta property=\"article:modified_time\" content=\"2021-06-17T20:23:13+00:00\" \/>\n<meta property=\"og:image\" content=\"https:\/\/www.hotelambient.ro\/wp-content\/uploads\/2016\/07\/Teatro.png\" \/>\n<meta name=\"twitter:card\" content=\"summary\" \/>\n<script type=\"application\/ld+json\" class=\"yoast-schema-graph\">{\"@context\":\"https:\/\/schema.org\",\"@graph\":[{\"@type\":\"WebSite\",\"@id\":\"https:\/\/www.resortambient.ro\/de\/#website\",\"url\":\"https:\/\/www.resortambient.ro\/de\/\",\"name\":\"Resort Ambient - Cristian (Transilvania, Romania)\",\"description\":\"Holen Sie sich den besten Preis f\\u00fcr Ambient Eigenschaften\",\"potentialAction\":[{\"@type\":\"SearchAction\",\"target\":\"https:\/\/www.resortambient.ro\/de\/?s={search_term_string}\",\"query-input\":\"required name=search_term_string\"}],\"inLanguage\":\"de\"},{\"@type\":\"ImageObject\",\"@id\":\"https:\/\/www.resortambient.ro\/services\/evenimente\/#primaryimage\",\"inLanguage\":\"de\",\"url\":\"https:\/\/www.hotelambient.ro\/wp-content\/uploads\/2016\/07\/Teatro.png\"},{\"@type\":\"WebPage\",\"@id\":\"https:\/\/www.resortambient.ro\/services\/evenimente\/#webpage\",\"url\":\"https:\/\/www.resortambient.ro\/services\/evenimente\/\",\"name\":\"[:ro]Evenimente & Conferin\\u0163e [:en]Events & Conferences[:es]Eventos & Conferencias [:de]Veranstaltungen & Konferenzen[:] - Resort Ambient - Cristian (Transilvania, Romania)\",\"isPartOf\":{\"@id\":\"https:\/\/www.resortambient.ro\/de\/#website\"},\"primaryImageOfPage\":{\"@id\":\"https:\/\/www.resortambient.ro\/services\/evenimente\/#primaryimage\"},\"datePublished\":\"2017-05-08T21:48:27+00:00\",\"dateModified\":\"2021-06-17T20:23:13+00:00\",\"inLanguage\":\"de\",\"potentialAction\":[{\"@type\":\"ReadAction\",\"target\":[\"https:\/\/www.resortambient.ro\/services\/evenimente\/\"]}]}]}<\/script>\n<!-- \/ Yoast SEO Premium plugin. -->","_links":{"self":[{"href":"https:\/\/www.resortambient.ro\/de\/wp-json\/wp\/v2\/pages\/4271","targetHints":{"allow":["GET"]}}],"collection":[{"href":"https:\/\/www.resortambient.ro\/de\/wp-json\/wp\/v2\/pages"}],"about":[{"href":"https:\/\/www.resortambient.ro\/de\/wp-json\/wp\/v2\/types\/page"}],"author":[{"embeddable":true,"href":"https:\/\/www.resortambient.ro\/de\/wp-json\/wp\/v2\/users\/4"}],"replies":[{"embeddable":true,"href":"https:\/\/www.resortambient.ro\/de\/wp-json\/wp\/v2\/comments?post=4271"}],"version-history":[{"count":68,"href":"https:\/\/www.resortambient.ro\/de\/wp-json\/wp\/v2\/pages\/4271\/revisions"}],"predecessor-version":[{"id":6889,"href":"https:\/\/www.resortambient.ro\/de\/wp-json\/wp\/v2\/pages\/4271\/revisions\/6889"}],"up":[{"embeddable":true,"href":"https:\/\/www.resortambient.ro\/de\/wp-json\/wp\/v2\/pages\/3687"}],"wp:attachment":[{"href":"https:\/\/www.resortambient.ro\/de\/wp-json\/wp\/v2\/media?parent=4271"}],"wp:term":[{"taxonomy":"yst_prominent_words","embeddable":true,"href":"https:\/\/www.resortambient.ro\/de\/wp-json\/wp\/v2\/yst_prominent_words?post=4271"}],"curies":[{"name":"wp","href":"https:\/\/api.w.org\/{rel}","templated":true}]}}