{"id":4240,"date":"2016-09-26T01:08:13","date_gmt":"2016-09-25T22:08:13","guid":{"rendered":"http:\/\/ambientconacul.hotelsperformance.com\/?page_id=4240"},"modified":"2024-10-31T03:41:31","modified_gmt":"2024-10-31T01:41:31","slug":"activities","status":"publish","type":"page","link":"https:\/\/www.resortambient.ro\/de\/services\/activities\/","title":{"rendered":"Aktivit\u00e4ten"},"content":{"rendered":"<p>[vc_row full_width=&#8221;stretch_row&#8221; position=&#8221;right center&#8221; css=&#8221;.vc_custom_1495401323996{background-image: url(http:\/\/www.resortambient.ro\/wp-content\/uploads\/2016\/09\/MasajeResortAmbient.png?id=4650) !important;background-position: 0 0 !important;background-repeat: no-repeat !important;}&#8221; el_class=&#8221;background-none-mobile&#8221;][vc_column width=&#8221;1\/2&#8243;][vc_column_text]<\/p>\n<h2 style=\"text-align: center;\"><span style=\"color: #097000;\">EIN UNVERGESSLICHER TAG, VOLL DER ENERGIE<\/span><\/h2>\n<p style=\"text-align: center;\">Wir laden Sie ein, einen wundervollen Tag zu erleben, um die Begegnung zwischen dem alten und dem modernen Raum zu genie\u00dfen und mit allen Sinnen der Aktivit\u00e4ten und den Spielen, die mit gro\u00dfer Liebe gemacht wurden, weiterzumachen<\/p>\n<p style=\"text-align: center;\">Um diese Einladung zu ehren, k\u00f6nnen Sie sich im Innen- oder Au\u00dfenpool verw\u00f6hnen lassen, verbringen Sie einige Zeit in unserer finnischen Trockensauna, genie\u00dfen Sie eine Massage, Billard oder Tischtennis<\/p>\n<p>[\/vc_column_text][\/vc_column][\/vc_row][vc_row full_width=&#8221;stretch_row&#8221; position=&#8221;right top&#8221; css=&#8221;.vc_custom_1495212208868{margin-top: -90px !important;margin-bottom: -200px !important;background-position: center !important;background-repeat: no-repeat !important;background-size: cover !important;}&#8221;][vc_column width=&#8221;1\/3&#8243; offset=&#8221;vc_col-sm-offset-2&#8243;]<ul class=\"list-services  text-uppercase\"><li><h3><a href=\"#piscinaexterioara\">EXTERNE POOL<small>SONNIGE SOMMER ALLY<\/small><\/a><\/h3><\/li><li><h3><a href=\"#piscinainterioara\">INNENPOOL<small>W\u00c4RME UND SPRINGEN<\/small><\/a><\/h3><\/li><li><h3><a href=\"#sauna\">SAUNA<small>TONUS UND VITALIT\u00c4T<\/small><\/a><\/h3><\/li><li><h3><a href=\"#masaje\">MASSAGE<small>EIN MOMENT VON RELAX<\/small><\/a><\/h3><\/li><\/ul>[\/vc_column][vc_column width=&#8221;1\/3&#8243;]<ul class=\"list-services \"><li><h3><a href=\"#biliard\">BILLIARD<small>EINE ETHISCHE KULTUR IM MODERNEN LEBEN<\/small><\/a><\/h3><\/li><li><h3><a href=\"#tenisdemasa\">TISCHTENNIS<small>ENERGIE UND SPASS<\/small><\/a><\/h3><\/li><li><h3><a href=\"#locdejoaca\">SPIELPLATZ<small>EINE \u00dcBERRASCHUNG F\u00dcR DEN KLEINEN<\/small><\/a><\/h3><\/li><li><h3><a href=\"#activitatiinzona\">AKTIVIT\u00c4TEN IM BEREICH<small>ENTDECKEN SIE CRISTIAN UND UMGEBUNG<\/small><\/a><\/h3><\/li><\/ul>[\/vc_column][\/vc_row][vc_row][vc_column][vc_raw_html]JTNDYSUyMG5hbWUlM0QlMjJwaXNjaW5hZXh0ZXJpb2FyYSUyMiUzRSUzQyUyRmElM0U=[\/vc_raw_html][\/vc_column][\/vc_row][vc_row full_width=&#8221;stretch_row&#8221; parallax=&#8221;content-moving&#8221; css=&#8221;.vc_custom_1504714646121{background-image: url(http:\/\/www.resortambient.ro\/wp-content\/uploads\/2016\/09\/Piscina.jpg?id=5115) !important;}&#8221; min_height=&#8221;700px&#8221;][vc_column width=&#8221;1\/2&#8243; el_class=&#8221;white-box content-padding-xs&#8221;][vc_column_text]<\/p>\n<h1><small><span style=\"color: #097000;\">EXTERNE POOL<\/span><\/small><\/h1>\n<p>Um sich an einem sonnigen Tag abzuk\u00fchlen, bietet Ambient einen Au\u00dfenpool f\u00fcr Erwachsene und Kinder.<br \/>\nIm Gegensatz zu vielen anderen Sportarten, ist das Schwimmen f\u00fcr jedermann, unabh\u00e4ngig von Alter oder k\u00f6rperlichen Zustand empfohlen, und ist ideal f\u00fcr die Gesundheit, ausgezeichnet f\u00fcr den R\u00fccken, eher aggressiv mit den Gelenken. Schwimmen ist ein Weg, um den ganzen K\u00f6rper zu trainieren und die Atmung durch die St\u00e4rkung der Muskeln, die f\u00fcr die Lunge verantwortlich sind, zu verbessern.<\/p>\n<p>Freibadstunden: 10:00 &#8211; 20:00 Uhr[\/vc_column_text][\/vc_column][vc_column width=&#8221;1\/2&#8243;][vc_images_carousel images=&#8221;5117,5120,5122,5121&#8243; onclick=&#8221;link_no&#8221;][vc_raw_html]JTNDYSUyMG5hbWUlM0QlMjJwaXNjaW5haW50ZXJpb2FyYSUyMiUzRSUzQyUyRmElM0U=[\/vc_raw_html][\/vc_column][\/vc_row][vc_row full_width=&#8221;stretch_row&#8221; parallax=&#8221;content-moving&#8221; css=&#8221;.vc_custom_1502713568226{margin-top: 40px !important;margin-bottom: -160px !important;background-image: url(http:\/\/www.resortambient.ro\/wp-content\/uploads\/2016\/09\/Piscina.jpg?id=5115) !important;}&#8221; min_height=&#8221;700px&#8221;][vc_column width=&#8221;1\/2&#8243;][vc_images_carousel images=&#8221;5119,5118&#8243; onclick=&#8221;link_no&#8221;][\/vc_column][vc_column width=&#8221;1\/2&#8243; el_class=&#8221;white-box content-padding-xs&#8221;][vc_column_text]<\/p>\n<h1><small><span style=\"color: #097000;\">INNENPOOL<\/span><\/small><\/h1>\n<p>An kalten Tagen laden wir Sie ein, sich in unserem beheizten Hallenbad zu verw\u00f6hnen.<\/p>\n<p>Hallenbad \u00d6ffnungszeiten: 09:00 &#8211; 22:00 Uhr[\/vc_column_text][\/vc_column][\/vc_row][vc_row][vc_column][vc_raw_html]JTNDYSUyMG5hbWUlM0QlMjJzYXVuYSUyMiUzRSUzQyUyRmElM0U=[\/vc_raw_html][\/vc_column][\/vc_row][vc_row full_width=&#8221;stretch_row&#8221; parallax=&#8221;content-moving&#8221; css=&#8221;.vc_custom_1502209464280{margin-bottom: -160px !important;background-image: url(http:\/\/www.resortambient.ro\/wp-content\/uploads\/2016\/09\/Sauna1.jpg?id=5142) !important;background-position: center;background-repeat: no-repeat !important;background-size: cover !important;}&#8221; el_class=&#8221;content-padding-mobile-none&#8221;][vc_column width=&#8221;1\/2&#8243; el_class=&#8221;white-box content-padding-xs&#8221;][vc_column_text]<\/p>\n<h1><small><span style=\"color: #097000;\">SAUNA<\/span><\/small><\/h1>\n<p>Keine Sorgen, schlie\u00dfe deine Augen, atme tief ein und lass dich von der Hitze tragen, die deine Sinne eindringt, Schritt f\u00fcr Schritt, damit du dann leicht schwimmen kannst.<\/p>\n<p>Sauna, international bekannt f\u00fcr seine Vorteile, ist nicht nur ein Ort zum Entspannen, es hilft uns, unsere Haut glatt und get\u00f6nt zu halten, zu schw\u00e4chen, Toxine zu beseitigen, st\u00e4rkere Muskeln zu haben und l\u00e4nger zu leben.[\/vc_column_text][\/vc_column][vc_column width=&#8221;1\/2&#8243;][vc_images_carousel images=&#8221;5124&#8243; onclick=&#8221;link_no&#8221; hide_pagination_control=&#8221;yes&#8221; hide_prev_next_buttons=&#8221;yes&#8221;][\/vc_column][\/vc_row][vc_row][vc_column][vc_raw_html]JTNDYSUyMG5hbWUlM0QlMjJtYXNhamUlMjIlM0UlM0MlMkZhJTNF[\/vc_raw_html][\/vc_column][\/vc_row][vc_row full_width=&#8221;stretch_row&#8221; parallax=&#8221;content-moving&#8221; css=&#8221;.vc_custom_1502196304683{margin-bottom: -160px !important;background-image: url(http:\/\/www.resortambient.ro\/wp-content\/uploads\/2016\/09\/Masaj1-1.jpg?id=5140) !important;}&#8221; min_height=&#8221;700px&#8221;][vc_column width=&#8221;1\/2&#8243;][vc_images_carousel images=&#8221;5126&#8243; onclick=&#8221;link_no&#8221; hide_pagination_control=&#8221;yes&#8221; hide_prev_next_buttons=&#8221;yes&#8221;][\/vc_column][vc_column width=&#8221;1\/2&#8243; el_class=&#8221;white-box content-padding-xs&#8221;][vc_column_text]<\/p>\n<h1><small><span style=\"color: #097000;\">MASSAGE<\/span><\/small><\/h1>\n<p>Um einen entspannten Tag zu beginnen oder zu beenden, laden wir Sie ein, eine entspannende Massage zu genie\u00dfen, die von unseren Masseurinnen angeboten wird.<\/p>\n<p>Wir sind alle aufgeregt, um nach einem langen Tag an eine Massage zu denken, aber eine spezielle Massage an einem Ort der Entspannung bringt die gute Stimmung, Harmonie und ein angenehmes Erlebnis mit sich.<\/p>\n<p>Ambiente-Massage wird mit entspannenden \u00e4therischen \u00d6len mit Duftstoffen, die mit dem ganzen K\u00f6rper durch die weiche Massage der Haut verschmelzen gemacht.<\/p>\n<p>Massage dauert 50 Minuten und kostet 40\u20ac pro Person[\/vc_column_text][\/vc_column][\/vc_row][vc_row][vc_column][vc_raw_html]JTNDYSUyMG5hbWUlM0QlMjJiaWxpYXJkJTIyJTNFJTNDJTJGYSUzRQ==[\/vc_raw_html][\/vc_column][\/vc_row][vc_row full_width=&#8221;stretch_row&#8221; parallax=&#8221;content-moving&#8221; css=&#8221;.vc_custom_1502195428892{margin-bottom: -160px !important;background-image: url(http:\/\/www.resortambient.ro\/wp-content\/uploads\/2016\/09\/Billar4.jpg?id=5133) !important;}&#8221; el_class=&#8221;content-padding-mobile-none&#8221;][vc_column width=&#8221;1\/2&#8243; el_class=&#8221;white-box content-padding-xs&#8221;][vc_column_text]<\/p>\n<h1><small><span style=\"color: #097000;\">BILLIARD<\/span><\/small><\/h1>\n<p>Um den anspruchsvollsten Erwartungen unserer Kunden gerecht zu werden und ihnen ein bisschen aktuelle Geschichte zu vermitteln, haben wir einen Raum geschaffen, in dem man Billard spielen kann, ein Spiel, dessen Anf\u00e4nge auf solche alten Kulturen wie Griechenland und \u00c4gypten zur\u00fcckgehen.<\/p>\n<p>Programm: 10:00 &#8211; 20:00 Uhr[\/vc_column_text][\/vc_column][vc_column width=&#8221;1\/2&#8243;][vc_images_carousel images=&#8221;5128,5129&#8243; onclick=&#8221;link_no&#8221;][\/vc_column][\/vc_row][vc_row][vc_column][vc_raw_html]JTNDYSUyMG5hbWUlM0QlMjJ0ZW5pc2RlbWFzYSUyMiUzRSUzQyUyRmElM0U=[\/vc_raw_html][\/vc_column][\/vc_row][vc_row full_width=&#8221;stretch_row&#8221; parallax=&#8221;content-moving&#8221; css=&#8221;.vc_custom_1502210412208{margin-bottom: -160px !important;background-image: url(http:\/\/www.resortambient.ro\/wp-content\/uploads\/2016\/09\/Tenisdemasa1.jpg?id=5146) !important;}&#8221; min_height=&#8221;700px&#8221;][vc_column width=&#8221;1\/2&#8243;][vc_images_carousel images=&#8221;5144&#8243; onclick=&#8221;link_no&#8221; hide_pagination_control=&#8221;yes&#8221; hide_prev_next_buttons=&#8221;yes&#8221;][\/vc_column][vc_column width=&#8221;1\/2&#8243; el_class=&#8221;white-box content-padding-xs&#8221;][vc_column_text]<\/p>\n<h1><small><span style=\"color: #097000;\">TISCHTENNIS<\/span><\/small><\/h1>\n<p>Der Spa\u00df geht weiter f\u00fcr Sportbegeisterte mit einem Tischtennisspiel, einem legend\u00e4ren Spiel, das im letzten Viertel des 19. Jahrhunderts geboren wurde, als Mini-Tennis.<\/p>\n<p>Lassen Sie sich von dem verspielten Geist umh\u00fcllen und genie\u00dfen Sie Ihren Blick in die warmen Farben des Holzes gebadet harmonisch mit dem Gr\u00fcn der lebendigen Natur gebadet.[\/vc_column_text][\/vc_column][\/vc_row][vc_row][vc_column][vc_raw_html]JTNDYSUyMG5hbWUlM0QlMjJsb2NkZWpvYWNhJTIyJTNFJTNDJTJGYSUzRQ==[\/vc_raw_html][\/vc_column][\/vc_row][vc_row full_width=&#8221;stretch_row&#8221; parallax=&#8221;content-moving&#8221; css=&#8221;.vc_custom_1509378556080{margin-bottom: -160px !important;background-image: url(http:\/\/www.resortambient.ro\/wp-content\/uploads\/2016\/09\/InfantilResort.png?id=5592) !important;}&#8221; min_height=&#8221;700px&#8221;][vc_column width=&#8221;1\/2&#8243; css=&#8221;.vc_custom_1509365602087{background-color: rgba(255,255,255,0) !important;*background-color: rgb(255,255,255) !important;}&#8221; el_class=&#8221;white-box content-padding-xs&#8221;][vc_column_text]<\/p>\n<h1><small><span style=\"color: #097000;\">SPIELPLATZ<\/span><\/small><\/h1>\n<p>Wir haben mit Vorliebe eine besondere \u00dcberraschung vorbereitet, auch f\u00fcr die kleineren, die Kinderzone, wo sie verschiedene Spiele im Freien genie\u00dfen k\u00f6nnen.[\/vc_column_text][\/vc_column][vc_column width=&#8221;1\/2&#8243; css=&#8221;.vc_custom_1509365667270{background-color: rgba(0,0,0,0.01) !important;*background-color: rgb(0,0,0) !important;}&#8221;][vc_images_carousel images=&#8221;5584&#8243; onclick=&#8221;link_no&#8221; hide_pagination_control=&#8221;yes&#8221; hide_prev_next_buttons=&#8221;yes&#8221;][\/vc_column][\/vc_row][vc_row][vc_column][vc_raw_html]JTNDYSUyMG5hbWUlM0QlMjJhY3Rpdml0YXRpaW56b25hJTIyJTNFJTNDJTJGYSUzRQ==[\/vc_raw_html][\/vc_column][\/vc_row][vc_row full_width=&#8221;stretch_row&#8221; parallax=&#8221;content-moving&#8221; css=&#8221;.vc_custom_1502211113498{margin-bottom: 40px !important;background-image: url(http:\/\/www.resortambient.ro\/wp-content\/uploads\/2016\/09\/Activitatizona1.jpg?id=5151) !important;background-position: 0 0;background-repeat: no-repeat !important;}&#8221; el_class=&#8221;content-padding-mobile-none&#8221;][vc_column width=&#8221;1\/2&#8243;][vc_images_carousel images=&#8221;5149&#8243; onclick=&#8221;link_no&#8221; hide_pagination_control=&#8221;yes&#8221; hide_prev_next_buttons=&#8221;yes&#8221;][\/vc_column][vc_column width=&#8221;1\/2&#8243; el_class=&#8221;white-box content-padding-xs&#8221;][vc_column_text]<\/p>\n<h1><small><span style=\"color: #097000;\">AKTIVIT\u00c4TEN IM BEREICH<\/span><\/small><\/h1>\n<p style=\"text-align: left;\"><strong>Geschichte eines Gestern in der Geographie von heute<\/strong><\/p>\n<p>Cristian Umgebungen sind echte Enzyklop\u00e4dien, so eine eint\u00e4gige Reise nach Rasnov Festung (6 km), Bran Schloss (25 km), Prejmer (25 km), Poiana Brasov (15 km) kann sowohl eine Lehre der Geschichte und ein weiterer Grund sein Um ein F\u00f6rderer der Vergangenheit dieses Landes zu werden und dabei die unendlichen M\u00f6glichkeiten der Gegenwart zu genie\u00dfen.<\/p>\n<p>Und wenn wir \u00fcber Freude reden, wirst du gl\u00fccklich sein, dass du mit den Kleinen oder den Gro\u00dfen zum Park Adventure, Aqua Paradise, New Zoo, Brasov, Rasnov Dinosaur Park oder Bungee Jumping gehen wirst. Und wenn Sie mit der Natur streiten wollen, dann k\u00f6nnen Sie eine Strecke mit dem ATV, 4&#215;4, zu Fu\u00df oder mit dem Fahrrad w\u00e4hlen.[\/vc_column_text][\/vc_column][\/vc_row][vc_row css=&#8221;.vc_custom_1470397530640{margin-bottom: -200px !important;}&#8221;][vc_column][vc_raw_html]JTNDc2NyaXB0JTIwdHlwZSUzRCUyMnRleHQlMkZqYXZhc2NyaXB0JTIyJTIwc3JjJTNEJTIyaHR0cHMlM0ElMkYlMkZvcGVuLnVwcGVyYm9va2luZy5jb20lMkZyZXNvcnRhbWJpZW50JTJGQm9va2luZy5qcyUzRmxvY2FsZSUzRGRlJTIyJTNFJTNDJTJGc2NyaXB0JTNF[\/vc_raw_html][\/vc_column][\/vc_row]<\/p>","protected":false},"excerpt":{"rendered":"<p>[vc_row full_width=&#8221;stretch_row&#8221; position=&#8221;right center&#8221; css=&#8221;.vc_custom_1495401323996{background-image: url(http:\/\/www.resortambient.ro\/wp-content\/uploads\/2016\/09\/MasajeResortAmbient.png?id=4650) !important;background-position: 0 0 !important;background-repeat: no-repeat !important;}&#8221; el_class=&#8221;background-none-mobile&#8221;][vc_column width=&#8221;1\/2&#8243;][vc_column_text] EIN UNVERGESSLICHER TAG, VOLL DER ENERGIE [&hellip;]<\/p>\n","protected":false},"author":1,"featured_media":0,"parent":3687,"menu_order":4,"comment_status":"closed","ping_status":"closed","template":"","meta":{"footnotes":""},"yst_prominent_words":[],"class_list":["post-4240","page","type-page","status-publish","hentry"],"yoast_head":"<!-- This site is optimized with the Yoast SEO Premium plugin v14.0.2 - https:\/\/yoast.com\/wordpress\/plugins\/seo\/ -->\n<title>Aktivit\u00e4ten - Resort Ambient - Cristian (Transilvania, Romania)<\/title>\n<meta name=\"robots\" content=\"index, follow\" \/>\n<meta name=\"googlebot\" content=\"index, follow, max-snippet:-1, max-image-preview:large, max-video-preview:-1\" \/>\n<meta name=\"bingbot\" content=\"index, follow, max-snippet:-1, max-image-preview:large, max-video-preview:-1\" \/>\n<link rel=\"canonical\" href=\"https:\/\/www.resortambient.ro\/services\/activities\/\" \/>\n<meta property=\"og:locale\" content=\"de_DE\" \/>\n<meta property=\"og:type\" content=\"article\" \/>\n<meta property=\"og:title\" content=\"[:ro]Activit\u0103\u0163i[:en]Activities[:es]Actividades[:de]Aktivit\u00e4ten[:] - Resort Ambient - Cristian (Transilvania, Romania)\" \/>\n<meta property=\"og:description\" content=\"[vc_row full_width=&#8221;stretch_row&#8221; position=&#8221;right center&#8221; css=&#8221;.vc_custom_1495401323996{background-image: url(http:\/\/www.resortambient.ro\/wp-content\/uploads\/2016\/09\/MasajeResortAmbient.png?id=4650) !important;background-position: 0 0 !important;background-repeat: no-repeat !important;}&#8221; el_class=&#8221;background-none-mobile&#8221;][vc_column width=&#8221;1\/2&#8243;][vc_column_text] EIN UNVERGESSLICHER TAG, VOLL DER ENERGIE [&hellip;]\" \/>\n<meta property=\"og:url\" content=\"https:\/\/www.resortambient.ro\/services\/activities\/\" \/>\n<meta property=\"og:site_name\" content=\"Resort Ambient - Cristian (Transilvania, Romania)\" \/>\n<meta property=\"article:modified_time\" content=\"2024-10-31T01:41:31+00:00\" \/>\n<meta name=\"twitter:card\" content=\"summary\" \/>\n<script type=\"application\/ld+json\" class=\"yoast-schema-graph\">{\"@context\":\"https:\/\/schema.org\",\"@graph\":[{\"@type\":\"WebSite\",\"@id\":\"https:\/\/www.resortambient.ro\/de\/#website\",\"url\":\"https:\/\/www.resortambient.ro\/de\/\",\"name\":\"Resort Ambient - Cristian (Transilvania, Romania)\",\"description\":\"Holen Sie sich den besten Preis f\\u00fcr Ambient Eigenschaften\",\"potentialAction\":[{\"@type\":\"SearchAction\",\"target\":\"https:\/\/www.resortambient.ro\/de\/?s={search_term_string}\",\"query-input\":\"required name=search_term_string\"}],\"inLanguage\":\"de\"},{\"@type\":\"WebPage\",\"@id\":\"https:\/\/www.resortambient.ro\/services\/activities\/#webpage\",\"url\":\"https:\/\/www.resortambient.ro\/services\/activities\/\",\"name\":\"[:ro]Activit\\u0103\\u0163i[:en]Activities[:es]Actividades[:de]Aktivit\\u00e4ten[:] - Resort Ambient - Cristian (Transilvania, Romania)\",\"isPartOf\":{\"@id\":\"https:\/\/www.resortambient.ro\/de\/#website\"},\"datePublished\":\"2016-09-25T22:08:13+00:00\",\"dateModified\":\"2024-10-31T01:41:31+00:00\",\"inLanguage\":\"de\",\"potentialAction\":[{\"@type\":\"ReadAction\",\"target\":[\"https:\/\/www.resortambient.ro\/services\/activities\/\"]}]}]}<\/script>\n<!-- \/ Yoast SEO Premium plugin. -->","_links":{"self":[{"href":"https:\/\/www.resortambient.ro\/de\/wp-json\/wp\/v2\/pages\/4240","targetHints":{"allow":["GET"]}}],"collection":[{"href":"https:\/\/www.resortambient.ro\/de\/wp-json\/wp\/v2\/pages"}],"about":[{"href":"https:\/\/www.resortambient.ro\/de\/wp-json\/wp\/v2\/types\/page"}],"author":[{"embeddable":true,"href":"https:\/\/www.resortambient.ro\/de\/wp-json\/wp\/v2\/users\/1"}],"replies":[{"embeddable":true,"href":"https:\/\/www.resortambient.ro\/de\/wp-json\/wp\/v2\/comments?post=4240"}],"version-history":[{"count":150,"href":"https:\/\/www.resortambient.ro\/de\/wp-json\/wp\/v2\/pages\/4240\/revisions"}],"predecessor-version":[{"id":7097,"href":"https:\/\/www.resortambient.ro\/de\/wp-json\/wp\/v2\/pages\/4240\/revisions\/7097"}],"up":[{"embeddable":true,"href":"https:\/\/www.resortambient.ro\/de\/wp-json\/wp\/v2\/pages\/3687"}],"wp:attachment":[{"href":"https:\/\/www.resortambient.ro\/de\/wp-json\/wp\/v2\/media?parent=4240"}],"wp:term":[{"taxonomy":"yst_prominent_words","embeddable":true,"href":"https:\/\/www.resortambient.ro\/de\/wp-json\/wp\/v2\/yst_prominent_words?post=4240"}],"curies":[{"name":"wp","href":"https:\/\/api.w.org\/{rel}","templated":true}]}}