{"id":4086,"date":"2016-09-21T17:10:50","date_gmt":"2016-09-21T14:10:50","guid":{"rendered":"http:\/\/ambientconacul.hotelsperformance.com\/?page_id=4086"},"modified":"2026-05-16T00:17:55","modified_gmt":"2026-05-15T21:17:55","slug":"restaurante-bar","status":"publish","type":"page","link":"https:\/\/www.resortambient.ro\/de\/services\/restaurante-bar\/","title":{"rendered":"Restaurant &#038; Bars"},"content":{"rendered":"<p>[vc_row full_width=&#8221;stretch_row&#8221; position=&#8221;right center&#8221; parallax_layers=&#8221;yes&#8221; style_images=&#8221;yes&#8221; css=&#8221;.vc_custom_1502130980460{margin-top: 50px !important;background-position: 0 0 !important;background-repeat: no-repeat !important;}&#8221; el_class=&#8221;background-none-mobile&#8221; layer_1=&#8221;5065&#8243; parallax_offset=&#8221;150&#8243; layer_1_horizontal=&#8221;left: 55%&#8221; layer_1_ratio=&#8221;1.25123&#8243; layer_1_z=&#8221;1&#8243; layer_1_vertical=&#8221;top: -1%&#8221; layer_2=&#8221;5066&#8243; layer_2_horizontal=&#8221;left: 70%&#8221; layer_2_ratio=&#8221;1.25123&#8243; layer_2_vertical=&#8221;top: 50%&#8221;][vc_column width=&#8221;1\/2&#8243; css=&#8221;.vc_custom_1474196911770{margin-top: -30px !important;}&#8221;][vc_column_text]<\/p>\n<h2 style=\"text-align: center;\"><small><\/small><span style=\"color: #097000;\"><br \/>\nDER TRADITIONELLE S\u00dcSSE GESCHMACK<\/span><\/h2>\n<p class=\"lead\" style=\"text-align: center;\">Wenn du jemals gewollt h\u00e4ttest, Speisen zu essen, die speziell f\u00fcr den Geschmack deines Herrn vorbereitet sind,<\/p>\n<p class=\"lead\" style=\"text-align: center;\">Willkommen Zuhause!<\/p>\n<p style=\"text-align: center;\">Hier ist der wunderbare Ort, um mit Vertrauen in die offene K\u00fcche zu gehen und in das Ohr des geschickten Kochs zu fl\u00fcstern, was dein Herz gef\u00e4llt. Er, ein legend\u00e4rer Meister, h\u00f6rt aufmerksam zu und beruhigt weise deine Lieblingszutaten, nach deinem Geschmack und Vergn\u00fcgen.<\/p>\n<p style=\"text-align: center;\"><a href=\"http:\/\/www.resortambient.ro\/wp-content\/uploads\/2017\/08\/MeniuResortAmbient.pdf\" target=\"_blank\" rel=\"noopener noreferrer\"><strong>Sehen Sie unsere Speisekarte<\/strong><\/a><\/p>\n<p>[\/vc_column_text][vc_column_text][\/vc_column_text][\/vc_column][vc_column width=&#8221;1\/2&#8243;][\/vc_column][\/vc_row][vc_row full_width=&#8221;stretch_row_content&#8221; parallax=&#8221;content-moving&#8221; css=&#8221;.vc_custom_1502305685936{background-image: url(http:\/\/www.resortambient.ro\/wp-content\/uploads\/2016\/09\/Restaurant-1.jpg?id=5026) !important;background-position: center;background-repeat: no-repeat !important;background-size: cover !important;}&#8221;][vc_column width=&#8221;1\/2&#8243; css=&#8221;.vc_custom_1476097559435{margin-top: 60px !important;}&#8221;][\/vc_column][vc_column width=&#8221;1\/2&#8243; css=&#8221;.vc_custom_1475049917654{margin-top: 60px !important;}&#8221;][\/vc_column][\/vc_row][vc_row][vc_column width=&#8221;1\/2&#8243; css=&#8221;.vc_custom_1476097559435{margin-top: 60px !important;}&#8221;][vc_images_carousel images=&#8221;4979,4982,4984,5084,5081,5089,5088,5082,5085,5087,5080&#8243; onclick=&#8221;link_no&#8221;][\/vc_column][vc_column width=&#8221;1\/2&#8243; css=&#8221;.vc_custom_1502135446806{margin-top: 120px !important;}&#8221;][vc_column_text]<\/p>\n<h2 style=\"text-align: center;\"><small><\/small><span style=\"color: #097000;\">VERANSTALTUNGEN<\/span><\/h2>\n<p>[\/vc_column_text][vc_column_text]<\/p>\n<p style=\"text-align: center;\">KUNDENSPEZIFISCH<\/p>\n<p style=\"text-align: center;\">For the great evening, wedding, baptism or family and college gatherings, the Edelweiss Saloon is full of banquet for 210 people, offering selected dishes for all tastes in the A la Carte or Ceremonial Restaurant.<\/p>\n<p style=\"text-align: center;\">Hier werden wir warten, liebe G\u00e4ste, um jeden Schritt der gl\u00fccklichen Begegnung von vor langer Zeit mit denen zu genie\u00dfen, die erst jetzt auftauchen.<\/p>\n<p>[\/vc_column_text][\/vc_column][\/vc_row][vc_row css=&#8221;.vc_custom_1502135379365{margin-top: -130px !important;}&#8221;][vc_column width=&#8221;1\/2&#8243; css=&#8221;.vc_custom_1502135272554{margin-top: 100px !important;}&#8221;][vc_column_text]<\/p>\n<h2 style=\"text-align: center;\"><small><\/small><span style=\"color: #097000;\">MEHR IST NIE MEHR ZU VIEL<\/span><\/h2>\n<p>[\/vc_column_text][vc_column_text]<\/p>\n<p style=\"text-align: center;\">Entdecken Sie einen traditionellen Raum<\/p>\n<p style=\"text-align: center;\">Auch f\u00fcr Sie, liebe G\u00e4ste, haben wir uns verw\u00f6hnt f\u00fcr jeden Geschmack: drei Bars f\u00fcr diejenigen, die die Nacht hier verbringen, eine wundersch\u00f6ne Au\u00dfenterrasse mit 50 Sitzpl\u00e4tzen, eine rustikale Bar mit Barbecue, einen Holzofen und einen Herd wie Gro\u00dfmutter, Wo viele andere Leckereien serviert werden k\u00f6nnen.<\/p>\n<p>Und wenn du hierher kommst, wirst du dich von Tag zu Tag entspannt f\u00fchlen, denn hier ist das Leben s\u00fc\u00dfer und in jeder Ecke, die du gehen wirst, wirst du ein wenig von allem finden, oder geschicktes Holz von den gesch\u00e4tztesten oder von den erfahrenen Gerichte oder durch die Tanz Salons, und am Abend werden Sie froh sein und wir werden &#8230; Home.[\/vc_column_text][\/vc_column][vc_column width=&#8221;1\/2&#8243; css=&#8221;.vc_custom_1475049917654{margin-top: 60px !important;}&#8221;][vc_images_carousel images=&#8221;5077,5075,5072,5074,5073,5071,5078&#8243; onclick=&#8221;link_no&#8221;][\/vc_column][\/vc_row][vc_row css=&#8221;.vc_custom_1502190630167{margin-top: -130px !important;}&#8221;][vc_column width=&#8221;1\/2&#8243; css=&#8221;.vc_custom_1476097559435{margin-top: 60px !important;}&#8221;][vc_images_carousel images=&#8221;5103,5102&#8243; onclick=&#8221;link_no&#8221;][\/vc_column][vc_column width=&#8221;1\/2&#8243; css=&#8221;.vc_custom_1502190783649{margin-top: 110px !important;}&#8221;][vc_column_text]<\/p>\n<h2 style=\"text-align: center;\"><small><\/small><span style=\"color: #097000;\">BARS<\/span><\/h2>\n<p>[\/vc_column_text][vc_column_text]<\/p>\n<p style=\"text-align: center;\">In Ehre f\u00fcr alle<\/p>\n<p style=\"text-align: center;\">Wir laden Ihre durstigen Seelen in Ambient Bars ein, um \u00fcberraschende Aromen zu erleben. Wir haben liebevoll drei Takte geschaffen, um die Treffpunkte des Geschmacks zu sein, wo der S\u00fc\u00dfe \u00fcber der Bitterkeit liegt, wo die Freude in der Luft schwimmt und die Seelen immer l\u00e4cheln.<\/p>\n<p style=\"text-align: center;\">Fr\u00fchst\u00fcck und Late Night Bar (ge\u00f6ffnet 24\/24). Fr\u00fchst\u00fccksplan 08:00 &#8211; 10:00 Uhr<br \/>\nBar Terrasse f\u00fcr Freibad und Terrasse (w\u00e4hrend der Sommersaison)<br \/>\nBar in der Veranstaltungshalle \/ Restaurant. Orar Bar: 11:00 &#8211; 22:00. Restaurant 11:00 &#8211; 22:00 Uhr<\/p>\n<p>[\/vc_column_text][\/vc_column][\/vc_row][vc_row css=&#8221;.vc_custom_1468188424680{margin-top: -90px !important;}&#8221;][vc_column width=&#8221;1\/2&#8243;][vc_column_text]<\/p>\n<h2 class=\"text-center\" style=\"text-align: center;\"><span style=\"color: #097000;\"><i class='fa fa-fw fa-clock-o fa-lg center-block ' style=''><\/i><\/span>\u00d6ffnungszeiten<\/h2>\n<p style=\"text-align: center;\"><strong>Terrasse Bar<\/strong> F\u00fcr den Au\u00dfenpool und die Terrasse (w\u00e4hrend der Sommersaison)<br \/>\n<strong>Bar in der Veranstaltungshalle \/ Restaurant<\/strong>.Bar Programm: 11:00 &#8211; 22:00 Uhr Restaurant Programm: 11:00 &#8211; 22:00 Uhr<\/p>\n<p>[\/vc_column_text][\/vc_column][vc_column width=&#8221;1\/2&#8243;][vc_column_text]<\/p>\n<h2 class=\"text-center\" style=\"text-align: center;\"><span style=\"color: #097000;\"><i class='fa fa-fw fa-book fa-lg center-block ' style=''><\/i><\/span>Reservierungen<\/h2>\n<p style=\"text-align: center;\">Wir warten auf Sie, um unsere Gerichte zu probieren<\/p>\n<p style=\"text-align: center;\"><a href=\"tel:0040732700300\">004 0732 700300<\/a><br \/>\n<a href=\"mailto:reservations@resortambient.ro\">reservations@resortambient.ro<\/a><\/p>\n<p>[\/vc_column_text][\/vc_column][\/vc_row][vc_row css=&#8221;.vc_custom_1470397530640{margin-bottom: -200px !important;}&#8221;][vc_column][vc_raw_html]JTNDc2NyaXB0JTIwdHlwZSUzRCUyMnRleHQlMkZqYXZhc2NyaXB0JTIyJTIwc3JjJTNEJTIyaHR0cHMlM0ElMkYlMkZvcGVuLnVwcGVyYm9va2luZy5jb20lMkZyZXNvcnRhbWJpZW50JTJGQm9va2luZy5qcyUzRmxvY2FsZSUzRGRlJTIyJTNFJTNDJTJGc2NyaXB0JTNF[\/vc_raw_html][\/vc_column][\/vc_row]<\/p>","protected":false},"excerpt":{"rendered":"<p>[vc_row full_width=&#8221;stretch_row&#8221; position=&#8221;right center&#8221; parallax_layers=&#8221;yes&#8221; style_images=&#8221;yes&#8221; css=&#8221;.vc_custom_1502130980460{margin-top: 50px !important;background-position: 0 0 !important;background-repeat: no-repeat !important;}&#8221; el_class=&#8221;background-none-mobile&#8221; layer_1=&#8221;5065&#8243; parallax_offset=&#8221;150&#8243; layer_1_horizontal=&#8221;left: 55%&#8221; layer_1_ratio=&#8221;1.25123&#8243; [&hellip;]<\/p>\n","protected":false},"author":1,"featured_media":0,"parent":3687,"menu_order":3,"comment_status":"closed","ping_status":"closed","template":"","meta":{"footnotes":""},"yst_prominent_words":[],"class_list":["post-4086","page","type-page","status-publish","hentry"],"yoast_head":"<!-- This site is optimized with the Yoast SEO Premium plugin v14.0.2 - https:\/\/yoast.com\/wordpress\/plugins\/seo\/ -->\n<title>Restaurant &amp; Bars - Resort Ambient - Cristian (Transilvania, Romania)<\/title>\n<meta name=\"robots\" content=\"index, follow\" \/>\n<meta name=\"googlebot\" content=\"index, follow, max-snippet:-1, max-image-preview:large, max-video-preview:-1\" \/>\n<meta name=\"bingbot\" content=\"index, follow, max-snippet:-1, max-image-preview:large, max-video-preview:-1\" \/>\n<link rel=\"canonical\" href=\"https:\/\/www.resortambient.ro\/services\/restaurante-bar\/\" \/>\n<meta property=\"og:locale\" content=\"de_DE\" \/>\n<meta property=\"og:type\" content=\"article\" \/>\n<meta property=\"og:title\" content=\"[:ro]Restaurant &amp; Baruri[:en]Restaurant &amp; Bars[:es]Restaurante &amp; Bares[:de]Restaurant &amp; Bars[:] - Resort Ambient - Cristian (Transilvania, Romania)\" \/>\n<meta property=\"og:description\" content=\"[vc_row full_width=&#8221;stretch_row&#8221; position=&#8221;right center&#8221; parallax_layers=&#8221;yes&#8221; style_images=&#8221;yes&#8221; css=&#8221;.vc_custom_1502130980460{margin-top: 50px !important;background-position: 0 0 !important;background-repeat: no-repeat !important;}&#8221; el_class=&#8221;background-none-mobile&#8221; layer_1=&#8221;5065&#8243; parallax_offset=&#8221;150&#8243; layer_1_horizontal=&#8221;left: 55%&#8221; layer_1_ratio=&#8221;1.25123&#8243; [&hellip;]\" \/>\n<meta property=\"og:url\" content=\"https:\/\/www.resortambient.ro\/services\/restaurante-bar\/\" \/>\n<meta property=\"og:site_name\" content=\"Resort Ambient - Cristian (Transilvania, Romania)\" \/>\n<meta property=\"article:modified_time\" content=\"2026-05-15T21:17:55+00:00\" \/>\n<meta name=\"twitter:card\" content=\"summary\" \/>\n<script type=\"application\/ld+json\" class=\"yoast-schema-graph\">{\"@context\":\"https:\/\/schema.org\",\"@graph\":[{\"@type\":\"WebSite\",\"@id\":\"https:\/\/www.resortambient.ro\/de\/#website\",\"url\":\"https:\/\/www.resortambient.ro\/de\/\",\"name\":\"Resort Ambient - Cristian (Transilvania, Romania)\",\"description\":\"Holen Sie sich den besten Preis f\\u00fcr Ambient Eigenschaften\",\"potentialAction\":[{\"@type\":\"SearchAction\",\"target\":\"https:\/\/www.resortambient.ro\/de\/?s={search_term_string}\",\"query-input\":\"required name=search_term_string\"}],\"inLanguage\":\"de\"},{\"@type\":\"WebPage\",\"@id\":\"https:\/\/www.resortambient.ro\/services\/restaurante-bar\/#webpage\",\"url\":\"https:\/\/www.resortambient.ro\/services\/restaurante-bar\/\",\"name\":\"[:ro]Restaurant & Baruri[:en]Restaurant & Bars[:es]Restaurante & Bares[:de]Restaurant & Bars[:] - Resort Ambient - Cristian (Transilvania, Romania)\",\"isPartOf\":{\"@id\":\"https:\/\/www.resortambient.ro\/de\/#website\"},\"datePublished\":\"2016-09-21T14:10:50+00:00\",\"dateModified\":\"2026-05-15T21:17:55+00:00\",\"inLanguage\":\"de\",\"potentialAction\":[{\"@type\":\"ReadAction\",\"target\":[\"https:\/\/www.resortambient.ro\/services\/restaurante-bar\/\"]}]}]}<\/script>\n<!-- \/ Yoast SEO Premium plugin. -->","_links":{"self":[{"href":"https:\/\/www.resortambient.ro\/de\/wp-json\/wp\/v2\/pages\/4086","targetHints":{"allow":["GET"]}}],"collection":[{"href":"https:\/\/www.resortambient.ro\/de\/wp-json\/wp\/v2\/pages"}],"about":[{"href":"https:\/\/www.resortambient.ro\/de\/wp-json\/wp\/v2\/types\/page"}],"author":[{"embeddable":true,"href":"https:\/\/www.resortambient.ro\/de\/wp-json\/wp\/v2\/users\/1"}],"replies":[{"embeddable":true,"href":"https:\/\/www.resortambient.ro\/de\/wp-json\/wp\/v2\/comments?post=4086"}],"version-history":[{"count":94,"href":"https:\/\/www.resortambient.ro\/de\/wp-json\/wp\/v2\/pages\/4086\/revisions"}],"predecessor-version":[{"id":7253,"href":"https:\/\/www.resortambient.ro\/de\/wp-json\/wp\/v2\/pages\/4086\/revisions\/7253"}],"up":[{"embeddable":true,"href":"https:\/\/www.resortambient.ro\/de\/wp-json\/wp\/v2\/pages\/3687"}],"wp:attachment":[{"href":"https:\/\/www.resortambient.ro\/de\/wp-json\/wp\/v2\/media?parent=4086"}],"wp:term":[{"taxonomy":"yst_prominent_words","embeddable":true,"href":"https:\/\/www.resortambient.ro\/de\/wp-json\/wp\/v2\/yst_prominent_words?post=4086"}],"curies":[{"name":"wp","href":"https:\/\/api.w.org\/{rel}","templated":true}]}}