{"id":3707,"date":"2016-09-14T18:59:34","date_gmt":"2016-09-14T18:59:34","guid":{"rendered":"http:\/\/ambientconacul.hotelsperformance.com\/?page_id=3707"},"modified":"2025-04-03T23:48:46","modified_gmt":"2025-04-03T20:48:46","slug":"contact","status":"publish","type":"page","link":"https:\/\/www.resortambient.ro\/de\/contact\/","title":{"rendered":"Kontakt"},"content":{"rendered":"<p>[vc_row][vc_column width=&#8221;7\/12&#8243;][vc_column_text]<strong>Wenn Sie eine Buchung vornehmen m\u00f6chten, tun Sie es auf unserer Website und direkt werden Sie den besten Preis und Bedingungen erhalten<\/strong>[\/vc_column_text]\t<div id=\"ninja_forms_form_13_cont\" class=\"ninja-forms-cont\">\n\t\t<div id=\"ninja_forms_form_13_wrap\" class=\"ninja-forms-form-wrap\">\n\t<div id=\"ninja_forms_form_13_response_msg\" style=\"\" class=\"ninja-forms-response-msg \"><\/div>\t<form id=\"ninja_forms_form_13\" enctype=\"multipart\/form-data\" method=\"post\" name=\"\" action=\"\" class=\"ninja-forms-form\">\n\n\t<input type=\"hidden\" id=\"_wpnonce\" name=\"_wpnonce\" value=\"16ce1f5ca1\" \/><input type=\"hidden\" name=\"_wp_http_referer\" value=\"\/de\/wp-json\/wp\/v2\/pages\/3707\" \/>\t<input type=\"hidden\" name=\"_ninja_forms_display_submit\" value=\"1\">\n\t<input type=\"hidden\" name=\"_form_id\"  id=\"_form_id\" value=\"13\">\n\t\t<div class=\"hp-wrap\">\n\t\t<label>Falls du ein Mensch bist und dieses Feld siehst, bitte lass es leer.\t\t\t<input type=\"text\" value=\"\" name=\"_GDTX7\">\n\t\t\t<input type=\"hidden\" value=\"_GDTX7\" name=\"_hp_name\">\n\t\t<\/label>\n\t<\/div>\n\t\t<div id=\"ninja_forms_form_13_all_fields_wrap\" class=\"ninja-forms-all-fields-wrap\">\n\t\t\t<div class=\"ninja-forms-required-items\">Die mit <span class=\"ninja-forms-req-symbol\">*<\/span> gekennzeichneten Felder sind Pflichtfelder<\/div>\n\t\t\t\t\t\t\t\t<div class=\"field-wrap text-wrap label-above\"  id=\"ninja_forms_field_19_div_wrap\" data-visible=\"1\">\n\t\t\t\t\t\t\t<input type=\"hidden\" id=\"ninja_forms_field_19_type\" value=\"text\">\n\t\t<label for=\"ninja_forms_field_19\" id=\"ninja_forms_field_19_label\" class=\"\">Name <span class='ninja-forms-req-symbol'><strong>*<\/strong><\/span>\t\t\t\t<\/label>\n\t\t\t<input id=\"ninja_forms_field_19\" data-mask=\"\" data-input-limit=\"\" data-input-limit-type=\"char\" data-input-limit-msg=\"\" name=\"ninja_forms_field_19\" type=\"text\" placeholder=\"\" class=\"ninja-forms-field  ninja-forms-req \" value=\"\" rel=\"19\"   \/>\n\t\t<div id=\"ninja_forms_field_19_error\" style=\"display:none;\" class=\"ninja-forms-field-error\">\n\t\t<\/div>\n\t\t\t\t\t\t\t<\/div>\n\t\t\t\t\t\t\t\t\t\t\t\t<div class=\"field-wrap text-wrap label-above\"  id=\"ninja_forms_field_20_div_wrap\" data-visible=\"1\">\n\t\t\t\t\t\t\t<input type=\"hidden\" id=\"ninja_forms_field_20_type\" value=\"text\">\n\t\t<label for=\"ninja_forms_field_20\" id=\"ninja_forms_field_20_label\" class=\"\">Email <span class='ninja-forms-req-symbol'><strong>*<\/strong><\/span>\t\t\t\t<\/label>\n\t\t\t<input id=\"ninja_forms_field_20\" data-mask=\"\" data-input-limit=\"\" data-input-limit-type=\"char\" data-input-limit-msg=\"\" name=\"ninja_forms_field_20\" type=\"text\" placeholder=\"\" class=\"ninja-forms-field  ninja-forms-req email \" value=\"\" rel=\"20\"   \/>\n\t\t<div id=\"ninja_forms_field_20_error\" style=\"display:none;\" class=\"ninja-forms-field-error\">\n\t\t<\/div>\n\t\t\t\t\t\t\t<\/div>\n\t\t\t\t\t\t\t\t\t\t\t\t<div class=\"field-wrap text-wrap label-above\"  id=\"ninja_forms_field_21_div_wrap\" data-visible=\"1\">\n\t\t\t\t\t\t\t<input type=\"hidden\" id=\"ninja_forms_field_21_type\" value=\"text\">\n\t\t<label for=\"ninja_forms_field_21\" id=\"ninja_forms_field_21_label\" class=\"\">Telefon \t\t\t\t<\/label>\n\t\t\t<input id=\"ninja_forms_field_21\" data-mask=\"\" data-input-limit=\"\" data-input-limit-type=\"char\" data-input-limit-msg=\"\" name=\"ninja_forms_field_21\" type=\"text\" placeholder=\"\" class=\"ninja-forms-field  \" value=\"\" rel=\"21\"   \/>\n\t\t<div id=\"ninja_forms_field_21_error\" style=\"display:none;\" class=\"ninja-forms-field-error\">\n\t\t<\/div>\n\t\t\t\t\t\t\t<\/div>\n\t\t\t\t\t\t\t\t\t\t\t\t<div class=\"field-wrap textarea-wrap label-above\"  id=\"ninja_forms_field_22_div_wrap\" data-visible=\"1\">\n\t\t\t\t\t\t\t<input type=\"hidden\" id=\"ninja_forms_field_22_type\" value=\"textarea\">\n\t\t<label for=\"ninja_forms_field_22\" id=\"ninja_forms_field_22_label\" class=\"\">Nachricht <span class='ninja-forms-req-symbol'><strong>*<\/strong><\/span>\t\t\t\t<\/label>\n\t\t\t\t<textarea name=\"ninja_forms_field_22\" id=\"ninja_forms_field_22\" class=\"ninja-forms-field  ninja-forms-req\" rel=\"22\" data-input-limit=\"\" data-input-limit-type=\"char\" data-input-limit-msg=\"\"><\/textarea>\n\t\t\t<div id=\"ninja_forms_field_22_error\" style=\"display:none;\" class=\"ninja-forms-field-error\">\n\t\t<\/div>\n\t\t\t\t\t\t\t<\/div>\n\t\t\t\t\t\t\t\t\t\t\t\t<div class=\"field-wrap recaptcha-wrap label-above\"  id=\"ninja_forms_field_38_div_wrap\" data-visible=\"1\">\n\t\t\t\t\t\t\t<input type=\"hidden\" id=\"ninja_forms_field_38_type\" value=\"recaptcha\">\n\t\t<label for=\"ninja_forms_field_38\" id=\"ninja_forms_field_38_label\" class=\"\"> <span class='ninja-forms-req-symbol'><strong>*<\/strong><\/span>\t\t\t\t<\/label>\n\t\t\t\t<input id=\"ninja_forms_field_38\" name=\"ninja_forms_field_38\" type=\"hidden\" class=\"ninja-forms-field  ninja-forms-req\" value=\"\" rel=\"38\" \/>\n\t\t<div class=\"g-recaptcha\" data-callback=\"nf_recaptcha_set_field_value\" data-sitekey=\"6LexFiwUAAAAAENBB0bZbqx4V7TPEx6eX-pwZOPO\"><\/div>\n        <script type=\"text\/javascript\" src=\"https:\/\/www.google.com\/recaptcha\/api.js?hl=en,\"> <\/script>\n\t\t<script type=\"text\/javascript\">\n            function nf_recaptcha_set_field_value(inpval){\n            \tjQuery(\"#ninja_forms_field_38\").val(inpval)\n            }\n            <\/script>\n\t\t\t<div id=\"ninja_forms_field_38_error\" style=\"display:none;\" class=\"ninja-forms-field-error\">\n\t\t<\/div>\n\t\t\t\t\t\t\t<\/div>\n\t\t\t\t\t\t\t\t\t\t\t\t<div class=\"field-wrap checkbox-wrap label-right\"  id=\"ninja_forms_field_45_div_wrap\" data-visible=\"1\">\n\t\t\t\t\t\t\t<input type=\"hidden\" id=\"ninja_forms_field_45_type\" value=\"checkbox\">\n<input id=\"\" name=\"ninja_forms_field_45\" type=\"hidden\" value=\"unchecked\" \/><input id=\"ninja_forms_field_45\" name=\"ninja_forms_field_45\" type=\"checkbox\" class=\"ninja-forms-field  ninja-forms-req\" value=\"checked\"  rel=\"45\"\/>\t\t<label for=\"ninja_forms_field_45\" id=\"ninja_forms_field_45_label\" class=\"\">Ich habe die <a href=\"\/de\/contact\/terms\/\">Datenschutzerkl\u00e4rung<\/a> gelesen und akzeptiere sie <span class='ninja-forms-req-symbol'><strong>*<\/strong><\/span>\t\t\t\t<\/label>\n\t\t\t<div id=\"ninja_forms_field_45_error\" style=\"display:none;\" class=\"ninja-forms-field-error\">\n\t\t<\/div>\n\t\t\t\t\t\t\t<\/div>\n\t\t\t\t\t\t\t\t\t\t\t\t<div class=\"field-wrap checkbox-wrap label-right\"  id=\"ninja_forms_field_46_div_wrap\" data-visible=\"1\">\n\t\t\t\t\t\t\t<input type=\"hidden\" id=\"ninja_forms_field_46_type\" value=\"checkbox\">\n<input id=\"\" name=\"ninja_forms_field_46\" type=\"hidden\" value=\"unchecked\" \/><input id=\"ninja_forms_field_46\" name=\"ninja_forms_field_46\" type=\"checkbox\" class=\"ninja-forms-field \" value=\"checked\"  rel=\"46\"\/>\t\t<label for=\"ninja_forms_field_46\" id=\"ninja_forms_field_46_label\" class=\"\">Ich erlaube die Einreichung elektronischer Informationsmitteilungen \u00fcber Aktivit\u00e4ten, Produkte oder Dienstleistungen per e-Mail oder andere gleichwertige elektronische Mittel \t\t\t\t<\/label>\n\t\t\t<div id=\"ninja_forms_field_46_error\" style=\"display:none;\" class=\"ninja-forms-field-error\">\n\t\t<\/div>\n\t\t\t\t\t\t\t<\/div>\n\t\t\t\t\t\t\t\t\t\t\t\t<div class=\"field-wrap submit-wrap label-above\"  id=\"ninja_forms_field_24_div_wrap\" data-visible=\"1\">\n\t\t\t\t\t\t\t<input type=\"hidden\" id=\"ninja_forms_field_24_type\" value=\"submit\">\n\t<div id=\"nf_submit_13\">\n\t\t<input type=\"submit\" name=\"_ninja_forms_field_24\" class=\"ninja-forms-field \" id=\"ninja_forms_field_24\" value=\"Senden\" rel=\"24\" >\n\t<\/div>\n\t<div id=\"nf_processing_13\" style=\"display:none;\">\n\t\t<input type=\"submit\" name=\"_ninja_forms_field_24\" class=\"ninja-forms-field \" id=\"ninja_forms_field_24\" value=\"Wird bearbeitet\" rel=\"24\" disabled>\n\t<\/div>\n\t\t<div id=\"ninja_forms_field_24_error\" style=\"display:none;\" class=\"ninja-forms-field-error\">\n\t\t<\/div>\n\t\t\t\t\t\t\t<\/div>\n\t\t\t\t\t\t\t<\/div>\n\t\t<\/form>\n\t\t<\/div>\n\t\t<\/div>\n\t[\/vc_column][vc_column width=&#8221;1\/3&#8243; offset=&#8221;vc_col-sm-offset-1&#8243;][vc_column_text]<\/p>\n<h3>Kontaktiere uns<\/h3>\n<p>Unser Team steht Ihnen f\u00fcr Fragen rund um Ihre Buchung, Veranstaltungen, Transfers, Tagungsr\u00e4ume oder andere Themen zur Verf\u00fcgung. Wir helfen Ihnen gerne weiter.<\/p>\n<h3>Abonnieren Sie unseren Newsletter<\/h3>\n\t<div id=\"ninja_forms_form_29_cont\" class=\"ninja-forms-cont\">\n\t\t<div id=\"ninja_forms_form_29_wrap\" class=\"ninja-forms-form-wrap\">\n\t<div id=\"ninja_forms_form_29_response_msg\" style=\"\" class=\"ninja-forms-response-msg \"><\/div>\t<form id=\"ninja_forms_form_29\" enctype=\"multipart\/form-data\" method=\"post\" name=\"\" action=\"\" class=\"ninja-forms-form\">\n\n\t<input type=\"hidden\" id=\"_wpnonce\" name=\"_wpnonce\" value=\"ede3a263a9\" \/><input type=\"hidden\" name=\"_wp_http_referer\" value=\"\/de\/wp-json\/wp\/v2\/pages\/3707\" \/>\t<input type=\"hidden\" name=\"_ninja_forms_display_submit\" value=\"1\">\n\t<input type=\"hidden\" name=\"_form_id\"  id=\"_form_id\" value=\"29\">\n\t\t<div class=\"hp-wrap\">\n\t\t<label>Falls du ein Mensch bist und dieses Feld siehst, bitte lass es leer.\t\t\t<input type=\"text\" value=\"\" name=\"_IqHGH\">\n\t\t\t<input type=\"hidden\" value=\"_IqHGH\" name=\"_hp_name\">\n\t\t<\/label>\n\t<\/div>\n\t\t<div id=\"ninja_forms_form_29_all_fields_wrap\" class=\"ninja-forms-all-fields-wrap\">\n\t\t\t<div class=\"ninja-forms-required-items\">Die mit <span class=\"ninja-forms-req-symbol\">*<\/span> gekennzeichneten Felder sind Pflichtfelder<\/div>\n\t\t\t\t\t\t\t\t<div class=\"field-wrap text-wrap label-above\"  id=\"ninja_forms_field_31_div_wrap\" data-visible=\"1\">\n\t\t\t\t\t\t\t<input type=\"hidden\" id=\"ninja_forms_field_31_type\" value=\"text\">\n\t\t<label for=\"ninja_forms_field_31\" id=\"ninja_forms_field_31_label\" class=\"\">Email <span class='ninja-forms-req-symbol'><strong>*<\/strong><\/span>\t\t\t\t<\/label>\n\t\t\t<input id=\"ninja_forms_field_31\" data-mask=\"\" data-input-limit=\"\" data-input-limit-type=\"char\" data-input-limit-msg=\"\" name=\"ninja_forms_field_31\" type=\"text\" placeholder=\"\" class=\"ninja-forms-field  ninja-forms-req email \" value=\"\" rel=\"31\"   \/>\n\t\t<div id=\"ninja_forms_field_31_error\" style=\"display:none;\" class=\"ninja-forms-field-error\">\n\t\t<\/div>\n\t\t\t\t\t\t\t<\/div>\n\t\t\t\t\t\t\t\t\t\t\t\t<div class=\"field-wrap submit-wrap label-above\"  id=\"ninja_forms_field_32_div_wrap\" data-visible=\"1\">\n\t\t\t\t\t\t\t<input type=\"hidden\" id=\"ninja_forms_field_32_type\" value=\"submit\">\n\t<div id=\"nf_submit_29\">\n\t\t<input type=\"submit\" name=\"_ninja_forms_field_32\" class=\"ninja-forms-field \" id=\"ninja_forms_field_32\" value=\"Senden\" rel=\"32\" >\n\t<\/div>\n\t<div id=\"nf_processing_29\" style=\"display:none;\">\n\t\t<input type=\"submit\" name=\"_ninja_forms_field_32\" class=\"ninja-forms-field \" id=\"ninja_forms_field_32\" value=\"Wird bearbeitet\" rel=\"32\" disabled>\n\t<\/div>\n\t\t<div id=\"ninja_forms_field_32_error\" style=\"display:none;\" class=\"ninja-forms-field-error\">\n\t\t<\/div>\n\t\t\t\t\t\t\t<\/div>\n\t\t\t\t\t\t\t<\/div>\n\t\t<\/form>\n\t\t<\/div>\n\t\t<\/div>\n\t\n<h3>Oder besuchen Sie unser Team<\/h3>\n<p>Wir sind st\u00e4ndig auf der Suche nach begeisterten Menschen mit einem offenen Blick und Erfahrung, vor allem auf der Suche nach Menschen mit Studien im Bereich des Tourismus.\u00a0<a href=\"\/de\/contact\/work-with-us\"><strong>Know more<\/strong><\/a><\/p>\n<p>Steuerdaten:<br \/>\nSC Euro-Tour SRL<br \/>\nCUI \/ VAT : RO11371616<br \/>\nRegistrierungsnr. J1999000028080<br \/>\nSt. Aninoasa 5, Brasov, Romania<br \/>\nRON IBAN : RO60BACX0000003009655000<br \/>\nEURO IBAN : RO06BACX0000003009655002<br \/>\nUNICREDIT, BRASOV<br \/>\nSwift: BACXROBU<br \/>\nKlassifizierungszertifikat nummer: 30842<\/p>\n<figure id=\"attachment_7089\" aria-describedby=\"caption-attachment-7089\" style=\"width: 150px\" class=\"wp-caption alignnone\"><a href=\"https:\/\/www.resortambient.ro\/wp-content\/uploads\/2024\/10\/Classification-certificate-resort-scaled.jpg\" rel=\"attachment noopener wp-att-7089\"><img loading=\"lazy\" decoding=\"async\" class=\"wp-image-7089 size-thumbnail\" title=\"Klassifizierung zertifikat\" src=\"https:\/\/www.resortambient.ro\/wp-content\/uploads\/2024\/10\/Classification-certificate-resort-150x150.jpg\" alt=\"Classification certificate\" width=\"150\" height=\"150\" \/><\/a><figcaption id=\"caption-attachment-7089\" class=\"wp-caption-text\">Classification certificate<\/figcaption><\/figure>\n<p>[\/vc_column_text][\/vc_column][\/vc_row][vc_row css=&#8221;.vc_custom_1470397530640{margin-bottom: -200px !important;}&#8221;][vc_column][vc_raw_html]JTNDc2NyaXB0JTIwdHlwZSUzRCUyMnRleHQlMkZqYXZhc2NyaXB0JTIyJTIwc3JjJTNEJTIyaHR0cHMlM0ElMkYlMkZvcGVuLnVwcGVyYm9va2luZy5jb20lMkZyZXNvcnRhbWJpZW50JTJGQm9va2luZy5qcyUzRmxvY2FsZSUzRGVuJTIyJTNFJTNDJTJGc2NyaXB0JTNF[\/vc_raw_html][\/vc_column][\/vc_row]<\/p>","protected":false},"excerpt":{"rendered":"<p>[vc_row][vc_column width=&#8221;7\/12&#8243;][vc_column_text]Wenn Sie eine Buchung vornehmen m\u00f6chten, tun Sie es auf unserer Website und direkt werden Sie den besten Preis [&hellip;]<\/p>\n","protected":false},"author":1,"featured_media":0,"parent":0,"menu_order":6,"comment_status":"closed","ping_status":"closed","template":"page-templates\/contact-2.php","meta":{"footnotes":""},"yst_prominent_words":[144,143,131,121,126,118,145,124,123,117,132,127,129,130,120,116,125,122,128,119],"class_list":["post-3707","page","type-page","status-publish","hentry"],"yoast_head":"<!-- This site is optimized with the Yoast SEO Premium plugin v14.0.2 - https:\/\/yoast.com\/wordpress\/plugins\/seo\/ -->\n<title>Kontakt - Resort Ambient - Cristian (Transilvania, Romania)<\/title>\n<meta name=\"robots\" content=\"index, follow\" \/>\n<meta name=\"googlebot\" content=\"index, follow, max-snippet:-1, max-image-preview:large, max-video-preview:-1\" \/>\n<meta name=\"bingbot\" content=\"index, follow, max-snippet:-1, max-image-preview:large, max-video-preview:-1\" \/>\n<link rel=\"canonical\" href=\"https:\/\/www.resortambient.ro\/contact\/\" \/>\n<meta property=\"og:locale\" content=\"de_DE\" \/>\n<meta property=\"og:type\" content=\"article\" \/>\n<meta property=\"og:title\" content=\"[:ro]Contact[:en]Contact[:es]Contacto[:de]Kontakt[:] - Resort Ambient - Cristian (Transilvania, Romania)\" \/>\n<meta property=\"og:description\" content=\"[vc_row][vc_column width=&#8221;7\/12&#8243;][vc_column_text]Wenn Sie eine Buchung vornehmen m\u00f6chten, tun Sie es auf unserer Website und direkt werden Sie den besten Preis [&hellip;]\" \/>\n<meta property=\"og:url\" content=\"https:\/\/www.resortambient.ro\/contact\/\" \/>\n<meta property=\"og:site_name\" content=\"Resort Ambient - Cristian (Transilvania, Romania)\" \/>\n<meta property=\"article:modified_time\" content=\"2025-04-03T20:48:46+00:00\" \/>\n<meta property=\"og:image\" content=\"https:\/\/www.resortambient.ro\/wp-content\/uploads\/2024\/10\/Classification-certificate-resort-150x150.jpg\" \/>\n<meta name=\"twitter:card\" content=\"summary\" \/>\n<script type=\"application\/ld+json\" class=\"yoast-schema-graph\">{\"@context\":\"https:\/\/schema.org\",\"@graph\":[{\"@type\":\"WebSite\",\"@id\":\"https:\/\/www.resortambient.ro\/de\/#website\",\"url\":\"https:\/\/www.resortambient.ro\/de\/\",\"name\":\"Resort Ambient - Cristian (Transilvania, Romania)\",\"description\":\"Holen Sie sich den besten Preis f\\u00fcr Ambient Eigenschaften\",\"potentialAction\":[{\"@type\":\"SearchAction\",\"target\":\"https:\/\/www.resortambient.ro\/de\/?s={search_term_string}\",\"query-input\":\"required name=search_term_string\"}],\"inLanguage\":\"de\"},{\"@type\":\"ImageObject\",\"@id\":\"https:\/\/www.resortambient.ro\/contact\/#primaryimage\",\"inLanguage\":\"de\",\"url\":\"https:\/\/www.resortambient.ro\/wp-content\/uploads\/2024\/10\/Classification-certificate-resort-150x150.jpg\"},{\"@type\":\"WebPage\",\"@id\":\"https:\/\/www.resortambient.ro\/contact\/#webpage\",\"url\":\"https:\/\/www.resortambient.ro\/contact\/\",\"name\":\"[:ro]Contact[:en]Contact[:es]Contacto[:de]Kontakt[:] - Resort Ambient - Cristian (Transilvania, Romania)\",\"isPartOf\":{\"@id\":\"https:\/\/www.resortambient.ro\/de\/#website\"},\"primaryImageOfPage\":{\"@id\":\"https:\/\/www.resortambient.ro\/contact\/#primaryimage\"},\"datePublished\":\"2016-09-14T18:59:34+00:00\",\"dateModified\":\"2025-04-03T20:48:46+00:00\",\"inLanguage\":\"de\",\"potentialAction\":[{\"@type\":\"ReadAction\",\"target\":[\"https:\/\/www.resortambient.ro\/contact\/\"]}]}]}<\/script>\n<!-- \/ Yoast SEO Premium plugin. -->","_links":{"self":[{"href":"https:\/\/www.resortambient.ro\/de\/wp-json\/wp\/v2\/pages\/3707","targetHints":{"allow":["GET"]}}],"collection":[{"href":"https:\/\/www.resortambient.ro\/de\/wp-json\/wp\/v2\/pages"}],"about":[{"href":"https:\/\/www.resortambient.ro\/de\/wp-json\/wp\/v2\/types\/page"}],"author":[{"embeddable":true,"href":"https:\/\/www.resortambient.ro\/de\/wp-json\/wp\/v2\/users\/1"}],"replies":[{"embeddable":true,"href":"https:\/\/www.resortambient.ro\/de\/wp-json\/wp\/v2\/comments?post=3707"}],"version-history":[{"count":33,"href":"https:\/\/www.resortambient.ro\/de\/wp-json\/wp\/v2\/pages\/3707\/revisions"}],"predecessor-version":[{"id":7144,"href":"https:\/\/www.resortambient.ro\/de\/wp-json\/wp\/v2\/pages\/3707\/revisions\/7144"}],"wp:attachment":[{"href":"https:\/\/www.resortambient.ro\/de\/wp-json\/wp\/v2\/media?parent=3707"}],"wp:term":[{"taxonomy":"yst_prominent_words","embeddable":true,"href":"https:\/\/www.resortambient.ro\/de\/wp-json\/wp\/v2\/yst_prominent_words?post=3707"}],"curies":[{"name":"wp","href":"https:\/\/api.w.org\/{rel}","templated":true}]}}