{"id":3701,"date":"2016-09-14T18:44:54","date_gmt":"2016-09-14T15:44:54","guid":{"rendered":"http:\/\/ambientconacul.hotelsperformance.com\/?page_id=3701"},"modified":"2023-11-27T21:43:39","modified_gmt":"2023-11-27T19:43:39","slug":"location","status":"publish","type":"page","link":"https:\/\/www.resortambient.ro\/de\/services\/location\/","title":{"rendered":"Lage"},"content":{"rendered":"<p>[vc_row css=&#8221;.vc_custom_1467972868962{margin-bottom: -120px !important;}&#8221;][vc_column][vc_column_text]<\/p>\n<h1 style=\"text-align: center;\"><small>CRISTIAN &#8211; DAS IMMER LAND. DIE GESCHICHTE EINES JAHRES IN EINER GEOGRAPHIE EINER HEUTE<\/small><\/h1>\n<p style=\"text-align: center;\">In Cristian, Geschichte und Gegenwart gr\u00fcndete eine sch\u00f6ne Familie. Sein unverwechselbarer Charme ist auf jeder Stra\u00dfe zu sehen, die von alten H\u00e4usern bewacht wird, die mit duftenden G\u00e4rten und schattigen Fenstern von wundersch\u00f6n gef\u00e4rbten Rolll\u00e4den verziert sind. Das Schweigen der Vergangenheit ist von dem Tumult des Zeitgenossen unber\u00fchrt geblieben, und doch ist die angenehme Luft und das Wohlgef\u00fchl der Gegenwart unentbehrlich, wo immer man mit dem Aussehen oder dem Schritt schaut.<\/p>\n<p style=\"text-align: center;\">Cristian Umgebungen sind echte Enzyklop\u00e4dien, so eine eint\u00e4gige Reise nach Rasnov Festung (6 km), Bran Schloss (25 km), Prejmer (25 km), Poiana Brasov (15 km) kann sowohl eine Lehre der Geschichte und ein weiterer Grund sein Um ein F\u00f6rderer der Vergangenheit dieses Landes zu werden und dabei die unendlichen M\u00f6glichkeiten der Gegenwart zu genie\u00dfen. Und wenn wir \u00fcber Freude reden, wirst du gl\u00fccklich sein, dass du mit den Kleinen oder den Gro\u00dfen zum Park Adventure, Aqua Paradise, New Zoo, Brasov, Rasnov Dinosaur Park oder Bungee Jumping gehen wirst. Und wenn Sie mit der Natur streiten wollen, dann k\u00f6nnen Sie eine Strecke mit dem ATV, 4 \u00d7 4, zu Fu\u00df oder mit dem Fahrrad w\u00e4hlen.<\/p>\n<p>[\/vc_column_text][\/vc_column][\/vc_row][vc_row css=&#8221;.vc_custom_1467972868962{margin-bottom: -120px !important;}&#8221;][vc_column width=&#8221;1\/6&#8243;][\/vc_column][vc_column width=&#8221;2\/3&#8243;][vc_column_text]<\/p>\n<div class=\"wpb_wrapper\">\n<h2 class=\"wpb_heading wpb_video_heading\">Sommer<\/h2>\n<p style=\"text-align: center;\"><div class=\"epyt-video-wrapper\"><iframe loading=\"lazy\"  id=\"_ytid_37187\"  width=\"750\" height=\"422\"  data-origwidth=\"750\" data-origheight=\"422\"  src=\"https:\/\/www.youtube.com\/embed\/a19suRLtGWE?enablejsapi=1&autoplay=0&cc_load_policy=0&iv_load_policy=1&loop=0&modestbranding=0&rel=1&fs=1&playsinline=0&autohide=2&theme=dark&color=red&controls=1&\" class=\"__youtube_prefs__  no-lazyload\" title=\"YouTube player\"  allow=\"autoplay; encrypted-media\" allowfullscreen data-no-lazy=\"1\" data-skipgform_ajax_framebjll=\"\"><\/iframe><\/div>\n<\/div>\n<p>[\/vc_column_text][vc_column_text]<\/p>\n<div class=\"wpb_wrapper\">\n<h2 class=\"wpb_heading wpb_video_heading\">Winter<\/h2>\n<p style=\"text-align: center;\"><div class=\"epyt-video-wrapper\"><iframe loading=\"lazy\"  id=\"_ytid_39589\"  width=\"750\" height=\"422\"  data-origwidth=\"750\" data-origheight=\"422\"  src=\"https:\/\/www.youtube.com\/embed\/15Z6fwA3rmM?enablejsapi=1&autoplay=0&cc_load_policy=0&iv_load_policy=1&loop=0&modestbranding=0&rel=1&fs=1&playsinline=0&autohide=2&theme=dark&color=red&controls=1&\" class=\"__youtube_prefs__  no-lazyload\" title=\"YouTube player\"  allow=\"autoplay; encrypted-media\" allowfullscreen data-no-lazy=\"1\" data-skipgform_ajax_framebjll=\"\"><\/iframe><\/div>\n<\/div>\n<p>[\/vc_column_text][\/vc_column][vc_column width=&#8221;1\/6&#8243;][\/vc_column][\/vc_row][vc_row][vc_column][rev_slider_vc alias=&#8221;ubicacionconacul&#8221;][\/vc_column][\/vc_row][vc_row css=&#8221;.vc_custom_1470399456447{margin-top: -200px !important;}&#8221;][vc_column][vc_raw_html]JTNDc2NyaXB0JTIwdHlwZSUzRCUyMnRleHQlMkZqYXZhc2NyaXB0JTIyJTIwc3JjJTNEJTIyaHR0cHMlM0ElMkYlMkZvcGVuLnVwcGVyYm9va2luZy5jb20lMkZyZXNvcnRhbWJpZW50JTJGQm9va2luZy5qcyUzRmxvY2FsZSUzRGRlJTIyJTNFJTNDJTJGc2NyaXB0JTNF[\/vc_raw_html][\/vc_column][\/vc_row]<\/p>","protected":false},"excerpt":{"rendered":"<p>[vc_row css=&#8221;.vc_custom_1467972868962{margin-bottom: -120px !important;}&#8221;][vc_column][vc_column_text] CRISTIAN &#8211; DAS IMMER LAND. DIE GESCHICHTE EINES JAHRES IN EINER GEOGRAPHIE EINER HEUTE In Cristian, [&hellip;]<\/p>\n","protected":false},"author":1,"featured_media":0,"parent":3687,"menu_order":6,"comment_status":"closed","ping_status":"closed","template":"page-templates\/contact.php","meta":{"footnotes":""},"yst_prominent_words":[],"class_list":["post-3701","page","type-page","status-publish","hentry"],"yoast_head":"<!-- This site is optimized with the Yoast SEO Premium plugin v14.0.2 - https:\/\/yoast.com\/wordpress\/plugins\/seo\/ -->\n<title>Lage - Resort Ambient - Cristian (Transilvania, Romania)<\/title>\n<meta name=\"robots\" content=\"index, follow\" \/>\n<meta name=\"googlebot\" content=\"index, follow, max-snippet:-1, max-image-preview:large, max-video-preview:-1\" \/>\n<meta name=\"bingbot\" content=\"index, follow, max-snippet:-1, max-image-preview:large, max-video-preview:-1\" \/>\n<link rel=\"canonical\" href=\"https:\/\/www.resortambient.ro\/services\/location\/\" \/>\n<meta property=\"og:locale\" content=\"de_DE\" \/>\n<meta property=\"og:type\" content=\"article\" \/>\n<meta property=\"og:title\" content=\"[:ro]Loca\u0163ie[:en]Location[:es]Ubicaci\u00f3n[:de]Lage[:] - Resort Ambient - Cristian (Transilvania, Romania)\" \/>\n<meta property=\"og:description\" content=\"[vc_row css=&#8221;.vc_custom_1467972868962{margin-bottom: -120px !important;}&#8221;][vc_column][vc_column_text] CRISTIAN &#8211; DAS IMMER LAND. DIE GESCHICHTE EINES JAHRES IN EINER GEOGRAPHIE EINER HEUTE In Cristian, [&hellip;]\" \/>\n<meta property=\"og:url\" content=\"https:\/\/www.resortambient.ro\/services\/location\/\" \/>\n<meta property=\"og:site_name\" content=\"Resort Ambient - Cristian (Transilvania, Romania)\" \/>\n<meta property=\"article:modified_time\" content=\"2023-11-27T19:43:39+00:00\" \/>\n<meta name=\"twitter:card\" content=\"summary\" \/>\n<script type=\"application\/ld+json\" class=\"yoast-schema-graph\">{\"@context\":\"https:\/\/schema.org\",\"@graph\":[{\"@type\":\"WebSite\",\"@id\":\"https:\/\/www.resortambient.ro\/de\/#website\",\"url\":\"https:\/\/www.resortambient.ro\/de\/\",\"name\":\"Resort Ambient - Cristian (Transilvania, Romania)\",\"description\":\"Holen Sie sich den besten Preis f\\u00fcr Ambient Eigenschaften\",\"potentialAction\":[{\"@type\":\"SearchAction\",\"target\":\"https:\/\/www.resortambient.ro\/de\/?s={search_term_string}\",\"query-input\":\"required name=search_term_string\"}],\"inLanguage\":\"de\"},{\"@type\":\"WebPage\",\"@id\":\"https:\/\/www.resortambient.ro\/services\/location\/#webpage\",\"url\":\"https:\/\/www.resortambient.ro\/services\/location\/\",\"name\":\"[:ro]Loca\\u0163ie[:en]Location[:es]Ubicaci\\u00f3n[:de]Lage[:] - Resort Ambient - Cristian (Transilvania, Romania)\",\"isPartOf\":{\"@id\":\"https:\/\/www.resortambient.ro\/de\/#website\"},\"datePublished\":\"2016-09-14T15:44:54+00:00\",\"dateModified\":\"2023-11-27T19:43:39+00:00\",\"inLanguage\":\"de\",\"potentialAction\":[{\"@type\":\"ReadAction\",\"target\":[\"https:\/\/www.resortambient.ro\/services\/location\/\"]}]}]}<\/script>\n<!-- \/ Yoast SEO Premium plugin. -->","_links":{"self":[{"href":"https:\/\/www.resortambient.ro\/de\/wp-json\/wp\/v2\/pages\/3701","targetHints":{"allow":["GET"]}}],"collection":[{"href":"https:\/\/www.resortambient.ro\/de\/wp-json\/wp\/v2\/pages"}],"about":[{"href":"https:\/\/www.resortambient.ro\/de\/wp-json\/wp\/v2\/types\/page"}],"author":[{"embeddable":true,"href":"https:\/\/www.resortambient.ro\/de\/wp-json\/wp\/v2\/users\/1"}],"replies":[{"embeddable":true,"href":"https:\/\/www.resortambient.ro\/de\/wp-json\/wp\/v2\/comments?post=3701"}],"version-history":[{"count":23,"href":"https:\/\/www.resortambient.ro\/de\/wp-json\/wp\/v2\/pages\/3701\/revisions"}],"predecessor-version":[{"id":7027,"href":"https:\/\/www.resortambient.ro\/de\/wp-json\/wp\/v2\/pages\/3701\/revisions\/7027"}],"up":[{"embeddable":true,"href":"https:\/\/www.resortambient.ro\/de\/wp-json\/wp\/v2\/pages\/3687"}],"wp:attachment":[{"href":"https:\/\/www.resortambient.ro\/de\/wp-json\/wp\/v2\/media?parent=3701"}],"wp:term":[{"taxonomy":"yst_prominent_words","embeddable":true,"href":"https:\/\/www.resortambient.ro\/de\/wp-json\/wp\/v2\/yst_prominent_words?post=3701"}],"curies":[{"name":"wp","href":"https:\/\/api.w.org\/{rel}","templated":true}]}}