{"id":3687,"date":"2016-09-14T18:36:55","date_gmt":"2016-09-14T18:36:55","guid":{"rendered":"http:\/\/ambientconacul.hotelsperformance.com\/?page_id=3687"},"modified":"2021-06-15T23:18:51","modified_gmt":"2021-06-15T20:18:51","slug":"services","status":"publish","type":"page","link":"https:\/\/www.resortambient.ro\/de\/services\/","title":{"rendered":"Dienstleistungen"},"content":{"rendered":"<p>[vc_row gap=&#8221;20&#8243; position=&#8221;right center&#8221; css=&#8221;.vc_custom_1480535710034{background-position: 0 0 !important;background-repeat: no-repeat !important;}&#8221; el_class=&#8221;background-none-mobile&#8221;][vc_column width=&#8221;1\/2&#8243;][vc_column_text]<\/p>\n<h3 style=\"text-align: center;\"><span style=\"color: #097000;\">NOW AND FOREVER <\/span><\/h3>\n<p style=\"text-align: center;\">Du bist da. Du hast endlich gekommen Jetzt \u00f6ffne das Tor und lebe! Inspirieren Sie eine s\u00fc\u00dfe Brise von einem lang-s\u00fc\u00dfen langen und eine frische Brise von heute, und dann sind Sie frei, sich zu verlieben. Von allem, was dich umgibt, alles, was du siehst.<\/p>\n<p style=\"text-align: center;\">Der gro\u00dfe Tag beginnt hier zu schreiben. In gro\u00dfen Briefen, sorgf\u00e4ltig poliert. Es war einmal und nie, also beginnt unsere Geschichte so und du &#8230; du kannst es jetzt und hier fortsetzen.<\/p>\n<p style=\"text-align: center;\"><strong>Willkommen!<\/strong><\/p>\n<p>[\/vc_column_text][\/vc_column][vc_column width=&#8221;1\/2&#8243;][vc_column_text]<div class=\"epyt-video-wrapper\"><iframe loading=\"lazy\"  id=\"_ytid_38328\"  width=\"750\" height=\"422\"  data-origwidth=\"750\" data-origheight=\"422\"  src=\"https:\/\/www.youtube.com\/embed\/gdGVpduj5kQ?enablejsapi=1&autoplay=0&cc_load_policy=0&iv_load_policy=1&loop=0&modestbranding=0&rel=1&fs=1&playsinline=0&autohide=2&theme=dark&color=red&controls=1&\" class=\"__youtube_prefs__  no-lazyload\" title=\"YouTube player\"  allow=\"autoplay; encrypted-media\" allowfullscreen data-no-lazy=\"1\" data-skipgform_ajax_framebjll=\"\"><\/iframe><\/div>[\/vc_column_text][\/vc_column][\/vc_row][vc_row css=&#8221;.vc_custom_1502100700522{margin-top: -60px !important;margin-bottom: -150px !important;}&#8221;][vc_column][vc_separator color=&#8221;custom&#8221; style=&#8221;shadow&#8221; border_width=&#8221;2&#8243; accent_color=&#8221;#7c0021&#8243; css=&#8221;.vc_custom_1471822497289{margin-top: -60px !important;}&#8221;][\/vc_column][\/vc_row][vc_row][vc_column][vc_column_text css=&#8221;.vc_custom_1503075142207{margin-bottom: 50px !important;}&#8221;]<\/p>\n<h2 style=\"text-align: center;\">AMBIENT SERVICES<\/h2>\n<p style=\"text-align: center;\">Und wenn du hierher kommst, wirst du dich Tag f\u00fcr Tag entspannt f\u00fchlen, denn hier ist dein Leben s\u00fc\u00dfer und in irgendeiner Ecke wirst du ein wenig von dir finden, oder geschicktes Holz oder irgendwelche der gesch\u00e4tzten Menschen oder Durch die gew\u00fcrzten Gerichte oder durch die Tanz Salons, und am Abend werden Sie froh sein und wir werden &#8230; Home.<\/p>\n<p>[\/vc_column_text]<div class='services-carousel  owl-with-navigation' data-owl-items='4' data-owl-nav='false' data-owl-nav-text='[]' data-owl-loop='true' data-owl-autoplay='true' data-owl-speed='8000' data-owl-hover='true' data-owl-mobile='2' data-owl-tablet='2' data-owl-dots='true'><div class='item'><a href=\"http:\/\/www.resortambient.ro\/de\/services\/evenimente\/\" target=\"_self\" class=\"link-image\" title=\"Veranstaltungen\"><img loading=\"lazy\" decoding=\"async\" width=\"450\" height=\"300\" src=\"https:\/\/www.resortambient.ro\/wp-content\/uploads\/2016\/09\/Evenimente.jpg\" class=\"attachment-large size-large\" alt=\"\" srcset=\"https:\/\/www.resortambient.ro\/wp-content\/uploads\/2016\/09\/Evenimente.jpg 450w, https:\/\/www.resortambient.ro\/wp-content\/uploads\/2016\/09\/Evenimente-300x200.jpg 300w\" sizes=\"auto, (max-width: 450px) 100vw, 450px\" \/><\/a><div class=\"item-content\"><h4><a href=\"http:\/\/www.resortambient.ro\/de\/services\/evenimente\/\" target=\"_self\">Veranstaltungen<\/a><\/h4><p>Momente aus einem M\u00e4rchen<\/p><\/div><\/div><div class='item'><a href=\"http:\/\/www.resortambient.ro\/de\/services\/activities\/\" target=\"_self\" class=\"link-image\" title=\"Aktivit\u00e4ten\"><img loading=\"lazy\" decoding=\"async\" width=\"450\" height=\"300\" src=\"https:\/\/www.resortambient.ro\/wp-content\/uploads\/2016\/09\/Activitati.jpg\" class=\"attachment-large size-large\" alt=\"\" srcset=\"https:\/\/www.resortambient.ro\/wp-content\/uploads\/2016\/09\/Activitati.jpg 450w, https:\/\/www.resortambient.ro\/wp-content\/uploads\/2016\/09\/Activitati-300x200.jpg 300w\" sizes=\"auto, (max-width: 450px) 100vw, 450px\" \/><\/a><div class=\"item-content\"><h4><a href=\"http:\/\/www.resortambient.ro\/de\/services\/activities\/\" target=\"_self\">Aktivit\u00e4ten<\/a><\/h4><p>Entspannung und Gl\u00fcck<\/p><\/div><\/div><div class='item'><a href=\"http:\/\/www.resortambient.ro\/de\/services\/restaurante-bar\/\" target=\"_self\" class=\"link-image\" title=\"Restaurant\"><img loading=\"lazy\" decoding=\"async\" width=\"450\" height=\"300\" src=\"https:\/\/www.resortambient.ro\/wp-content\/uploads\/2016\/09\/Restaurant.jpg\" class=\"attachment-large size-large\" alt=\"\" srcset=\"https:\/\/www.resortambient.ro\/wp-content\/uploads\/2016\/09\/Restaurant.jpg 450w, https:\/\/www.resortambient.ro\/wp-content\/uploads\/2016\/09\/Restaurant-300x200.jpg 300w\" sizes=\"auto, (max-width: 450px) 100vw, 450px\" \/><\/a><div class=\"item-content\"><h4><a href=\"http:\/\/www.resortambient.ro\/de\/services\/restaurante-bar\/\" target=\"_self\">Restaurant<\/a><\/h4><p>Traditionelle Gerichte<\/p><\/div><\/div><div class='item'><a href=\"http:\/\/www.resortambient.ro\/de\/services\/restaurante-bar\/\" target=\"_self\" class=\"link-image\" title=\"Bars\"><img loading=\"lazy\" decoding=\"async\" width=\"450\" height=\"300\" src=\"https:\/\/www.resortambient.ro\/wp-content\/uploads\/2016\/09\/Bar.jpg\" class=\"attachment-large size-large\" alt=\"\" srcset=\"https:\/\/www.resortambient.ro\/wp-content\/uploads\/2016\/09\/Bar.jpg 450w, https:\/\/www.resortambient.ro\/wp-content\/uploads\/2016\/09\/Bar-300x200.jpg 300w\" sizes=\"auto, (max-width: 450px) 100vw, 450px\" \/><\/a><div class=\"item-content\"><h4><a href=\"http:\/\/www.resortambient.ro\/de\/services\/restaurante-bar\/\" target=\"_self\">Bars<\/a><\/h4><p>Au\u00dfergew\u00f6hnliche Momente<\/p><\/div><\/div><div class='item'><a href=\"http:\/\/www.resortambient.ro\/de\/services\/transfers\/\" target=\"_self\" class=\"link-image\" title=\"Transfers &amp; Ausfl\u00fcge\"><img loading=\"lazy\" decoding=\"async\" width=\"450\" height=\"300\" src=\"https:\/\/www.resortambient.ro\/wp-content\/uploads\/2016\/09\/coche1.jpg\" class=\"attachment-large size-large\" alt=\"\" srcset=\"https:\/\/www.resortambient.ro\/wp-content\/uploads\/2016\/09\/coche1.jpg 450w, https:\/\/www.resortambient.ro\/wp-content\/uploads\/2016\/09\/coche1-300x200.jpg 300w\" sizes=\"auto, (max-width: 450px) 100vw, 450px\" \/><\/a><div class=\"item-content\"><h4><a href=\"http:\/\/www.resortambient.ro\/de\/services\/transfers\/\" target=\"_self\">Transfers &amp; Ausfl\u00fcge<\/a><\/h4><p>Professionelle Fahrer<\/p><\/div><\/div><div class='item'><a href=\"http:\/\/www.resortambient.ro\/de\/nunti-botezuri-aniversari\/\" target=\"_self\" class=\"link-image\" title=\"Hochzeiten, Taufen &amp; Jubil\u00e4en\"><img loading=\"lazy\" decoding=\"async\" width=\"750\" height=\"500\" src=\"https:\/\/www.resortambient.ro\/wp-content\/uploads\/2017\/08\/Evenimente1.jpg\" class=\"attachment-large size-large\" alt=\"\" srcset=\"https:\/\/www.resortambient.ro\/wp-content\/uploads\/2017\/08\/Evenimente1.jpg 800w, https:\/\/www.resortambient.ro\/wp-content\/uploads\/2017\/08\/Evenimente1-300x200.jpg 300w, https:\/\/www.resortambient.ro\/wp-content\/uploads\/2017\/08\/Evenimente1-768x512.jpg 768w\" sizes=\"auto, (max-width: 750px) 100vw, 750px\" \/><\/a><div class=\"item-content\"><h4><a href=\"http:\/\/www.resortambient.ro\/de\/nunti-botezuri-aniversari\/\" target=\"_self\">Hochzeiten, Taufen &amp; Jubil\u00e4en<\/a><\/h4><p>Event Organisation<\/p><\/div><\/div><\/div>[\/vc_column][\/vc_row][vc_row css=&#8221;.vc_custom_1521491507650{margin-top: -130px !important;margin-bottom: -50px !important;}&#8221;][vc_column width=&#8221;1\/2&#8243;][vc_column_text]<strong>Ambient ist mehr als ein Hotel, es ist Ihr Reisepartner.<\/strong><\/p>\n<p>Wir m\u00f6chten, dass Sie eine Erfahrung haben, die Ihnen helfen wird, Brasov zu entdecken<br \/>\nIn dem Moment, in dem Sie unsere Schwelle \u00fcberschreiten und wir immer Ihre Bed\u00fcrfnisse w\u00e4hrend Ihres Aufenthalts besser kennenlernen m\u00f6chten, um Ihnen einen exzellenten Service zu bieten. Zu diesem Zweck stellen wir Ihnen ein Smartphone in Ihrem Hotelzimmer und au\u00dferhalb davon zur Verf\u00fcgung, mit dem Sie profitieren:<\/p>\n<p>Unbegrenzte internationale und lokale Anrufe<br \/>\nKostenloser Internetzugang<br \/>\nReisef\u00fchrer<br \/>\nAngebote und Dienstleistungen im Hotel und in Brasov<br \/>\nKurzwahl f\u00fcr Hotelleistungen<br \/>\n[\/vc_column_text][\/vc_column][vc_column width=&#8221;1\/2&#8243;][vc_images_carousel images=&#8221;5661&#8243; speed=&#8221;8888&#8243; hide_pagination_control=&#8221;yes&#8221; hide_prev_next_buttons=&#8221;yes&#8221;][\/vc_column][\/vc_row][vc_row css=&#8221;.vc_custom_1521716321416{margin-top: -70px !important;margin-bottom: -160px !important;}&#8221;][vc_column][vc_separator color=&#8221;custom&#8221; style=&#8221;shadow&#8221; border_width=&#8221;2&#8243; accent_color=&#8221;#7c0021&#8243; css=&#8221;.vc_custom_1471822497289{margin-top: -60px !important;}&#8221;][\/vc_column][\/vc_row][vc_row css=&#8221;.vc_custom_1502302633338{margin-top: -90px !important;}&#8221;][vc_column width=&#8221;1\/2&#8243;][vc_images_carousel images=&#8221;4983,4981,4984,4980&#8243; onclick=&#8221;link_no&#8221;][\/vc_column][vc_column width=&#8221;1\/2&#8243;][vc_column_text]<\/p>\n<h3 style=\"text-align: center;\"><span style=\"color: #097000;\">VERANSTALTUNGEN<br \/>\n<\/span><\/h3>\n<p style=\"text-align: center;\">F\u00fcr den tollen Abend, die Hochzeit, die Taufe oder die Familien- und College-Versammlungen f\u00fcllt der Edelweiss-Salon Ihr Herz mit Freude und bietet Platz f\u00fcr 210 Personen und bietet ausgew\u00e4hlte Gerichte f\u00fcr jeden Geschmack im A la Carte oder Ceremonial Restaurant. Hier werden wir warten, liebe G\u00e4ste, um jeden Schritt der gl\u00fccklichen Begegnung von vor langer Zeit mit denen zu genie\u00dfen, die erst jetzt auftauchen.<\/p>\n<p style=\"text-align: center;\">Der Stern ist zweifellos die Phantasie-Pavillon-Zeremonie, die sch\u00fcchtern am Ende eines Fu\u00dfweges zeigt, wie eine versteckte Perle und unsicher von ihrer eigenen Sch\u00f6nheit. Geschlossene Schattierungen von Holz und Schmiedeeisen, die Einfachheit der Formen und der architektonische Glanz wird frisch und lebendig in dem grausamen gr\u00fcnen Meer, das es umgibt.<\/p>\n<p style=\"text-align: center;\">Hier kannst du ja f\u00fcr die Liebe sagen, ja f\u00fcr die Ewigkeit, ja f\u00fcr das Leben. Denn hier sind Zeit und Raum verschmolzen und sie sagten ein tolles Ja f\u00fcr Zartheit im Ambiente, Handwerk in Dekoration und Virtuosit\u00e4t in der Organisation.<\/p>\n<p>[\/vc_column_text][\/vc_column][\/vc_row][vc_row css=&#8221;.vc_custom_1472164123187{margin-top: -60px !important;margin-bottom: -200px !important;}&#8221;][vc_column][vc_separator color=&#8221;custom&#8221; style=&#8221;shadow&#8221; border_width=&#8221;2&#8243; accent_color=&#8221;#7c0021&#8243; css=&#8221;.vc_custom_1471822497289{margin-top: -60px !important;}&#8221;][\/vc_column][\/vc_row][vc_row css=&#8221;.vc_custom_1502100954673{margin-top: 60px !important;}&#8221;][vc_column width=&#8221;1\/2&#8243;][vc_column_text]<\/p>\n<h3 style=\"text-align: center;\"><span style=\"color: #097000;\">MEHR IST NIE MEHR ZU VIEL<\/span><\/h3>\n<p style=\"text-align: center;\">Auch f\u00fcr Sie, liebe G\u00e4ste, haben wir uns verw\u00f6hnt f\u00fcr jeden Geschmack: drei Bars f\u00fcr diejenigen, die die Nacht verbringen, eine wundersch\u00f6ne Au\u00dfenterrasse mit 50 Sitzpl\u00e4tzen, eine rustikale Bar mit Grillger\u00e4ten, einen Holzofen und einen Herd wie Gro\u00dfmutter, Ein Innen- und Au\u00dfenpool f\u00fcr Erwachsene und Kinder, ein Billardzimmer und Tischtennis, eine Trockensauna, ein Massagesalon und kostenfreie Parkpl\u00e4tze.<\/p>\n<p style=\"text-align: center;\">F\u00fcr pr\u00e4chtige und wohlschmeckende Morgen ist der Fr\u00fchst\u00fccksraum bereit, Sie in erfrischenden D\u00fcften zu umh\u00fcllen und die K\u00fcche ist offen f\u00fcr diejenigen, die hier \u00fcbernachten.<\/p>\n<p>[\/vc_column_text][\/vc_column][vc_column width=&#8221;1\/2&#8243;][vc_images_carousel images=&#8221;4982,4979,4985,4986,4987&#8243; onclick=&#8221;link_no&#8221;][\/vc_column][\/vc_row][vc_row css=&#8221;.vc_custom_1502100980807{margin-top: -60px !important;margin-bottom: -150px !important;}&#8221;][vc_column][vc_separator color=&#8221;custom&#8221; style=&#8221;shadow&#8221; border_width=&#8221;2&#8243; accent_color=&#8221;#7c0021&#8243; css=&#8221;.vc_custom_1471822497289{margin-top: -60px !important;}&#8221;][\/vc_column][\/vc_row][vc_row css=&#8221;.vc_custom_1502101949771{margin-bottom: 60px !important;}&#8221;][vc_column width=&#8221;1\/2&#8243;][vc_images_carousel images=&#8221;4977,4974,4975,4976&#8243; onclick=&#8221;link_no&#8221;][\/vc_column][vc_column width=&#8221;1\/2&#8243;][vc_column_text]<\/p>\n<h3 style=\"text-align: center;\"><span style=\"color: #097000;\">UNSER TEAM<\/span><\/h3>\n<p style=\"text-align: center;\">Immer mit dem L\u00e4cheln auf den Lippen, wird das Ambient Team mehr als dein Gastgeber sein. Wir sind eine gro\u00dfartige Familie, die immer darauf wartet, dass Sie ein Teil davon sind, f\u00fcr ein paar Tage die Tage, an denen Sie die W\u00e4rme und Harmonie sp\u00fcren werden, die dieser idyllische Ort erobert, die Leidenschaft f\u00fcr Details, den perfekten k\u00fcnstlerischen Sinn, die Gastfreundschaft und die Freude<\/p>\n<p>&nbsp;<\/p>\n<p style=\"text-align: center;\"><strong>Wir warten auf dich mit Liebe, Haus!<\/strong><\/p>\n<p>[\/vc_column_text][\/vc_column][\/vc_row][vc_row css=&#8221;.vc_custom_1480535767105{margin-top: -50px !important;margin-bottom: -220px !important;}&#8221;][vc_column][vc_raw_html]JTNDc2NyaXB0JTIwdHlwZSUzRCUyMnRleHQlMkZqYXZhc2NyaXB0JTIyJTIwc3JjJTNEJTIyaHR0cHMlM0ElMkYlMkZvcGVuLnVwcGVyYm9va2luZy5jb20lMkZyZXNvcnRhbWJpZW50JTJGQm9va2luZy5qcyUzRmxvY2FsZSUzRGRlJTIyJTNFJTNDJTJGc2NyaXB0JTNF[\/vc_raw_html][\/vc_column][\/vc_row]<\/p>","protected":false},"excerpt":{"rendered":"<p>[vc_row gap=&#8221;20&#8243; position=&#8221;right center&#8221; css=&#8221;.vc_custom_1480535710034{background-position: 0 0 !important;background-repeat: no-repeat !important;}&#8221; el_class=&#8221;background-none-mobile&#8221;][vc_column width=&#8221;1\/2&#8243;][vc_column_text] NOW AND FOREVER Du bist da. Du hast [&hellip;]<\/p>\n","protected":false},"author":1,"featured_media":0,"parent":0,"menu_order":3,"comment_status":"closed","ping_status":"closed","template":"","meta":{"footnotes":""},"yst_prominent_words":[],"class_list":["post-3687","page","type-page","status-publish","hentry"],"yoast_head":"<!-- This site is optimized with the Yoast SEO Premium plugin v14.0.2 - https:\/\/yoast.com\/wordpress\/plugins\/seo\/ -->\n<title>Dienstleistungen - Resort Ambient - Cristian (Transilvania, Romania)<\/title>\n<meta name=\"robots\" content=\"index, follow\" \/>\n<meta name=\"googlebot\" content=\"index, follow, max-snippet:-1, max-image-preview:large, max-video-preview:-1\" \/>\n<meta name=\"bingbot\" content=\"index, follow, max-snippet:-1, max-image-preview:large, max-video-preview:-1\" \/>\n<link rel=\"canonical\" href=\"https:\/\/www.resortambient.ro\/services\/\" \/>\n<meta property=\"og:locale\" content=\"de_DE\" \/>\n<meta property=\"og:type\" content=\"article\" \/>\n<meta property=\"og:title\" content=\"[:ro]Servicii[:en]Services[:es]Servicios[:de]Dienstleistungen[:] - Resort Ambient - Cristian (Transilvania, Romania)\" \/>\n<meta property=\"og:description\" content=\"[vc_row gap=&#8221;20&#8243; position=&#8221;right center&#8221; css=&#8221;.vc_custom_1480535710034{background-position: 0 0 !important;background-repeat: no-repeat !important;}&#8221; el_class=&#8221;background-none-mobile&#8221;][vc_column width=&#8221;1\/2&#8243;][vc_column_text] NOW AND FOREVER Du bist da. Du hast [&hellip;]\" \/>\n<meta property=\"og:url\" content=\"https:\/\/www.resortambient.ro\/services\/\" \/>\n<meta property=\"og:site_name\" content=\"Resort Ambient - Cristian (Transilvania, Romania)\" \/>\n<meta property=\"article:modified_time\" content=\"2021-06-15T20:18:51+00:00\" \/>\n<meta name=\"twitter:card\" content=\"summary\" \/>\n<script type=\"application\/ld+json\" class=\"yoast-schema-graph\">{\"@context\":\"https:\/\/schema.org\",\"@graph\":[{\"@type\":\"WebSite\",\"@id\":\"https:\/\/www.resortambient.ro\/de\/#website\",\"url\":\"https:\/\/www.resortambient.ro\/de\/\",\"name\":\"Resort Ambient - Cristian (Transilvania, Romania)\",\"description\":\"Holen Sie sich den besten Preis f\\u00fcr Ambient Eigenschaften\",\"potentialAction\":[{\"@type\":\"SearchAction\",\"target\":\"https:\/\/www.resortambient.ro\/de\/?s={search_term_string}\",\"query-input\":\"required name=search_term_string\"}],\"inLanguage\":\"de\"},{\"@type\":\"WebPage\",\"@id\":\"https:\/\/www.resortambient.ro\/services\/#webpage\",\"url\":\"https:\/\/www.resortambient.ro\/services\/\",\"name\":\"[:ro]Servicii[:en]Services[:es]Servicios[:de]Dienstleistungen[:] - Resort Ambient - Cristian (Transilvania, Romania)\",\"isPartOf\":{\"@id\":\"https:\/\/www.resortambient.ro\/de\/#website\"},\"datePublished\":\"2016-09-14T18:36:55+00:00\",\"dateModified\":\"2021-06-15T20:18:51+00:00\",\"inLanguage\":\"de\",\"potentialAction\":[{\"@type\":\"ReadAction\",\"target\":[\"https:\/\/www.resortambient.ro\/services\/\"]}]}]}<\/script>\n<!-- \/ Yoast SEO Premium plugin. -->","_links":{"self":[{"href":"https:\/\/www.resortambient.ro\/de\/wp-json\/wp\/v2\/pages\/3687","targetHints":{"allow":["GET"]}}],"collection":[{"href":"https:\/\/www.resortambient.ro\/de\/wp-json\/wp\/v2\/pages"}],"about":[{"href":"https:\/\/www.resortambient.ro\/de\/wp-json\/wp\/v2\/types\/page"}],"author":[{"embeddable":true,"href":"https:\/\/www.resortambient.ro\/de\/wp-json\/wp\/v2\/users\/1"}],"replies":[{"embeddable":true,"href":"https:\/\/www.resortambient.ro\/de\/wp-json\/wp\/v2\/comments?post=3687"}],"version-history":[{"count":114,"href":"https:\/\/www.resortambient.ro\/de\/wp-json\/wp\/v2\/pages\/3687\/revisions"}],"predecessor-version":[{"id":6875,"href":"https:\/\/www.resortambient.ro\/de\/wp-json\/wp\/v2\/pages\/3687\/revisions\/6875"}],"wp:attachment":[{"href":"https:\/\/www.resortambient.ro\/de\/wp-json\/wp\/v2\/media?parent=3687"}],"wp:term":[{"taxonomy":"yst_prominent_words","embeddable":true,"href":"https:\/\/www.resortambient.ro\/de\/wp-json\/wp\/v2\/yst_prominent_words?post=3687"}],"curies":[{"name":"wp","href":"https:\/\/api.w.org\/{rel}","templated":true}]}}