{"id":3685,"date":"2016-09-14T18:35:49","date_gmt":"2016-09-14T15:35:49","guid":{"rendered":"http:\/\/ambientconacul.hotelsperformance.com\/?page_id=3685"},"modified":"2021-06-17T23:20:48","modified_gmt":"2021-06-17T20:20:48","slug":"rooms-new","status":"publish","type":"page","link":"https:\/\/www.resortambient.ro\/de\/rooms-new\/","title":{"rendered":"Zimmer"},"content":{"rendered":"<p>[vc_row full_width=&#8221;stretch_row&#8221; css=&#8221;.vc_custom_1476091094318{background-position: center !important;background-repeat: no-repeat !important;background-size: cover !important;}&#8221;][vc_column width=&#8221;1\/2&#8243;][vc_column_text]<\/p>\n<h3><span style=\"color: #097000;\">DIE W\u00c4RME VON HOME<\/span><\/h3>\n<p>&nbsp;<\/p>\n<p class=\"lead\">Umgeben von Ambient, ruhig und ruhig wird Ihr Schlaf in den siebzehn R\u00e4umen sein und wartet auf Sie mit geschm\u00fcckten Bettw\u00e4sche mit gepr\u00e4gten und verlockenden Stickereien mit sch\u00f6nen s\u00e4chsischen Blumenmotiven, die gut auf dem s\u00fc\u00dfen Holz der M\u00f6belst\u00fccke liegen. Das warme Licht eines lieben alten Einmal f\u00fcgt sich mit einem bequemen und voller Leben heute, das bringt Sie nah, Ihr und nur Ihr Haus.<\/p>\n<p>[\/vc_column_text][\/vc_column][vc_column width=&#8221;1\/2&#8243;][vc_single_image image=&#8221;4920&#8243; img_size=&#8221;large&#8221; css=&#8221;.vc_custom_1501844439416{margin-top: -40px !important;margin-left: 30px !important;}&#8221;][\/vc_column][\/vc_row][vc_row full_width=&#8221;stretch_row&#8221; parallax=&#8221;content-moving&#8221; css=&#8221;.vc_custom_1501835646295{margin-top: -60px !important;margin-bottom: 30px !important;background-image: url(https:\/\/www.resortambient.ro\/wp-content\/uploads\/2016\/09\/CameraStandardDoubleResort.jpg?id=4836) !important;background-position: 0 0;background-repeat: no-repeat !important;}&#8221;][vc_column width=&#8221;1\/2&#8243;][vc_column_text el_class=&#8221;white-box content-padding&#8221;]<\/p>\n<h2 id=\"cove\" class=\"text-uppercase\"><small>AB 70\u20ac \/ NACHT<\/small>STANDARD TWIN<small><\/small><\/h2>\n<p>20 m2 Komfort und W\u00e4rme<\/p>\n<ul class=\"list-pointer\">\n<li>Zwei Einzelbetten<\/li>\n<li>Badezimmer mit Dusche<\/li>\n<li>Offenes und personalisiertes Fr\u00fchst\u00fcck im Preis inbegriffen<\/li>\n<li>WLAN-Internetzugang im Resort-Umkreis, Kabel-TV, Klimaanlage, Kostenlose Parkpl\u00e4tze<\/li>\n<li>Zugang zum beheizten Au\u00dfen- und Hallenbad, finnische Sauna, Tischtennis, Billard<\/li>\n<\/ul>\n<p>&nbsp;<\/p>\n<p>[vc_btn title=&#8221;Buchen Sie jetzt zum besten Preis&#8221; style=&#8221;custom&#8221; custom_background=&#8221;#097000&#8243; custom_text=&#8221;#ffffff&#8221; shape=&#8221;square&#8221; align=&#8221;left&#8221; i_icon_fontawesome=&#8221;fa fa-calendar&#8221; add_icon=&#8221;true&#8221; link=&#8221;url:https%3A%2F%2Fv6.upperbooking.com%2Fro%2Fbooking%2Fcity%2Fwrap%2Fresortambient%3Flocale%3Dro|||&#8221; custom_onclick=&#8221;true&#8221; custom_onclick_code=&#8221;Booking.Open({RoomID:32812}); return false;&#8221;][vc_btn title=&#8221;Zimmerdetails ansehen&#8221; style=&#8221;flat&#8221; shape=&#8221;square&#8221; color=&#8221;black&#8221; align=&#8221;left&#8221; link=&#8221;url:%2Frooms%2Fstandard-double%2F|||&#8221;][\/vc_column_text][\/vc_column][vc_column width=&#8221;1\/2&#8243;][vc_images_carousel images=&#8221;4841&#8243; onclick=&#8221;custom_link&#8221; hide_pagination_control=&#8221;yes&#8221; hide_prev_next_buttons=&#8221;yes&#8221; custom_links=&#8221;\/rooms\/double-executive\/&#8221;][\/vc_column][\/vc_row][vc_row full_width=&#8221;stretch_row&#8221; gap=&#8221;5&#8243; parallax=&#8221;content-moving&#8221; css=&#8221;.vc_custom_1501177628417{margin-bottom: 30px !important;background-image: url(https:\/\/www.resortambient.ro\/wp-content\/uploads\/2016\/09\/CameraExecutiveResort-2.jpg?id=4847) !important;background-position: center;background-repeat: no-repeat !important;background-size: cover !important;}&#8221;][vc_column width=&#8221;1\/2&#8243;][vc_images_carousel images=&#8221;4842&#8243; onclick=&#8221;custom_link&#8221; hide_pagination_control=&#8221;yes&#8221; hide_prev_next_buttons=&#8221;yes&#8221; custom_links=&#8221;\/rooms\/duplex\/&#8221;][\/vc_column][vc_column width=&#8221;1\/2&#8243;][vc_column_text el_class=&#8221;white-box content-padding&#8221;]<\/p>\n<h2 id=\"cove\" class=\"text-uppercase\"><small>AB 80\u20ac \/ NACHT<\/small>EXECUTIVE DOUBLE<br \/>\n<small><\/small><\/h2>\n<p>Genie\u00dfen Sie das Spektakel des Lichts in einer herrlichen Fl\u00e4che von 25 m2<\/p>\n<ul class=\"list-pointer\">\n<li>Ehebett (Kapazit\u00e4t f\u00fcr 2 Personen)<\/li>\n<li>Badezimmer mit Dusche<\/li>\n<li>Offenes und personalisiertes Fr\u00fchst\u00fcck im Preis inbegriffen<\/li>\n<li>WLAN-Internetzugang im Resort-Umkreis, Kabel-TV, Klimaanlage, Kostenlose Parkpl\u00e4tze<\/li>\n<li>Zugang zum beheizten Au\u00dfen- und Hallenbad, finnische Sauna, Tischtennis, Billard<\/li>\n<\/ul>\n<p>&nbsp;<\/p>\n<p>[vc_btn title=&#8221;Buchen Sie jetzt zum besten Preis&#8221; style=&#8221;custom&#8221; custom_background=&#8221; #097000&#8243; custom_text=&#8221;#ffffff&#8221; shape=&#8221;square&#8221; align=&#8221;left&#8221; i_icon_fontawesome=&#8221;fa fa-calendar&#8221; add_icon=&#8221;true&#8221; link=&#8221;url:https%3A%2F%2Fv6.upperbooking.com%2Fro%2Fbooking%2Fcity%2Fwrap%2Fresortambient%3Flocale%3Dro|||&#8221; custom_onclick=&#8221;true&#8221; custom_onclick_code=&#8221;Booking.Open({RoomID:32813}); return false;&#8221;][vc_btn title=&#8221;Zimmerdetails ansehen&#8221; style=&#8221;flat&#8221; shape=&#8221;square&#8221; color=&#8221;black&#8221; align=&#8221;left&#8221; link=&#8221;url:%2Frooms%2Fexecutive-double%2F|||&#8221;][\/vc_column_text][\/vc_column][\/vc_row][vc_row full_width=&#8221;stretch_row&#8221; parallax=&#8221;content-moving&#8221; parallax_image=&#8221;4167&#8243; css=&#8221;.vc_custom_1501175038725{margin-top: 0px !important;margin-bottom: 30px !important;background-image: url(https:\/\/www.resortambient.ro\/wp-content\/uploads\/2016\/09\/CameraDuplexResort.jpg?id=4839) !important;background-position: center;background-repeat: no-repeat !important;background-size: cover !important;}&#8221;][vc_column width=&#8221;1\/2&#8243;][vc_column_text el_class=&#8221;white-box content-padding&#8221;]<\/p>\n<h2 id=\"cove\" class=\"text-uppercase\"><small>AB 90\u20ac \/ NACHT<\/small>DUPLEX SUITE<small><\/small><\/h2>\n<p>35 m2 von der s\u00fc\u00dfen Streicherei der Sonne eingedrungen<\/p>\n<ul class=\"list-pointer\">\n<li>Matratzenbett, Einzelbetten oder Schlafsofa (Kapazit\u00e4t f\u00fcr 3 Personen)<\/li>\n<li>Ein Schlafzimmer und Wohnzimmer<\/li>\n<li>Badezimmer mit Dusche<\/li>\n<li>Offenes und personalisiertes Fr\u00fchst\u00fcck im Preis inbegriffen<\/li>\n<li>WLAN-Internetzugang im Resort-Umkreis, Kabel-TV, Klimaanlage, Kostenlose Parkpl\u00e4tze<\/li>\n<li>Zugang zum beheizten und Hallenbad, finnische Sauna, Tischtennis, Billard<\/li>\n<\/ul>\n<p>&nbsp;<\/p>\n<p>[vc_btn title=&#8221;Buchen Sie jetzt zum besten Preis&#8221; style=&#8221;custom&#8221; custom_background=&#8221;#097000&#8243; custom_text=&#8221;#ffffff&#8221; shape=&#8221;square&#8221; align=&#8221;left&#8221; i_icon_fontawesome=&#8221;fa fa-calendar&#8221; add_icon=&#8221;true&#8221; link=&#8221;url:https%3A%2F%2Fv6.upperbooking.com%2Fro%2Fbooking%2Fcity%2Fwrap%2Fresortambient%3Flocale%3Dro|||&#8221; custom_onclick=&#8221;true&#8221; custom_onclick_code=&#8221;Booking.Open({RoomID:32814}); return false;&#8221;][vc_btn title=&#8221;Zimmerdetails ansehen&#8221; style=&#8221;flat&#8221; shape=&#8221;square&#8221; color=&#8221;black&#8221; align=&#8221;left&#8221; link=&#8221;url:%2Frooms%2Fduplex-suite%2F|||&#8221;][\/vc_column_text][\/vc_column][vc_column width=&#8221;1\/2&#8243; css=&#8221;.vc_custom_1467673281560{padding-right: -15px !important;padding-bottom: -15px !important;padding-left: -15px !important;}&#8221;][vc_images_carousel images=&#8221;4843&#8243; onclick=&#8221;custom_link&#8221; hide_pagination_control=&#8221;yes&#8221; hide_prev_next_buttons=&#8221;yes&#8221; css=&#8221;.vc_custom_1501175918256{background-image: url(https:\/\/www.conaculambient.ro\/wp-content\/uploads\/2016\/09\/habitacionueva.jpg?id=4163) !important;}&#8221; custom_links=&#8221;\/rooms\/apartment\/&#8221;][\/vc_column][\/vc_row][vc_row full_width=&#8221;stretch_row&#8221; css=&#8221;.vc_custom_1469096018841{margin-bottom: -20px !important;padding-top: 2.8rem !important;padding-bottom: 2.8rem !important;background-color: #f0f1f2 !important;}&#8221;][vc_column][vc_raw_html]JTNDZGl2JTIwY2xhc3MlM0QlMjJ3cGJfd3JhcHBlciUyMGJvb2tpbmclMjIlM0UlM0MlMkZkaXYlM0UlM0NzY3JpcHQlMjBzcmMlM0QlMjJodHRwJTNBJTJGJTJGd2lzLnVwcGVyYm9va2luZy5jb20lMkZyZXNvcnRhbWJpZW50JTJGYm9va2luZyUzRmxvY2FsZSUzRGRlJTIyJTIwYXN5bmMlM0UlM0MlMkZzY3JpcHQlM0U=[\/vc_raw_html][\/vc_column][\/vc_row]<\/p>","protected":false},"excerpt":{"rendered":"<p>[vc_row full_width=&#8221;stretch_row&#8221; css=&#8221;.vc_custom_1476091094318{background-position: center !important;background-repeat: no-repeat !important;background-size: cover !important;}&#8221;][vc_column width=&#8221;1\/2&#8243;][vc_column_text] DIE W\u00c4RME VON HOME &nbsp; Umgeben von Ambient, ruhig und [&hellip;]<\/p>\n","protected":false},"author":1,"featured_media":0,"parent":0,"menu_order":2,"comment_status":"closed","ping_status":"closed","template":"","meta":{"footnotes":""},"yst_prominent_words":[],"class_list":["post-3685","page","type-page","status-publish","hentry"],"yoast_head":"<!-- This site is optimized with the Yoast SEO Premium plugin v14.0.2 - https:\/\/yoast.com\/wordpress\/plugins\/seo\/ -->\n<title>Zimmer - Resort Ambient - Cristian (Transilvania, Romania)<\/title>\n<meta name=\"robots\" content=\"index, follow\" \/>\n<meta name=\"googlebot\" content=\"index, follow, max-snippet:-1, max-image-preview:large, max-video-preview:-1\" \/>\n<meta name=\"bingbot\" content=\"index, follow, max-snippet:-1, max-image-preview:large, max-video-preview:-1\" \/>\n<link rel=\"canonical\" href=\"https:\/\/www.resortambient.ro\/rooms-new\/\" \/>\n<meta property=\"og:locale\" content=\"de_DE\" \/>\n<meta property=\"og:type\" content=\"article\" \/>\n<meta property=\"og:title\" content=\"[:ro]Camere[:en]Rooms[:es]Habitaciones[:de]Zimmer[:] - Resort Ambient - Cristian (Transilvania, Romania)\" \/>\n<meta property=\"og:description\" content=\"[vc_row full_width=&#8221;stretch_row&#8221; css=&#8221;.vc_custom_1476091094318{background-position: center !important;background-repeat: no-repeat !important;background-size: cover !important;}&#8221;][vc_column width=&#8221;1\/2&#8243;][vc_column_text] DIE W\u00c4RME VON HOME &nbsp; Umgeben von Ambient, ruhig und [&hellip;]\" \/>\n<meta property=\"og:url\" content=\"https:\/\/www.resortambient.ro\/rooms-new\/\" \/>\n<meta property=\"og:site_name\" content=\"Resort Ambient - Cristian (Transilvania, Romania)\" \/>\n<meta property=\"article:modified_time\" content=\"2021-06-17T20:20:48+00:00\" \/>\n<meta name=\"twitter:card\" content=\"summary\" \/>\n<script type=\"application\/ld+json\" class=\"yoast-schema-graph\">{\"@context\":\"https:\/\/schema.org\",\"@graph\":[{\"@type\":\"WebSite\",\"@id\":\"https:\/\/www.resortambient.ro\/de\/#website\",\"url\":\"https:\/\/www.resortambient.ro\/de\/\",\"name\":\"Resort Ambient - Cristian (Transilvania, Romania)\",\"description\":\"Holen Sie sich den besten Preis f\\u00fcr Ambient Eigenschaften\",\"potentialAction\":[{\"@type\":\"SearchAction\",\"target\":\"https:\/\/www.resortambient.ro\/de\/?s={search_term_string}\",\"query-input\":\"required name=search_term_string\"}],\"inLanguage\":\"de\"},{\"@type\":\"WebPage\",\"@id\":\"https:\/\/www.resortambient.ro\/rooms-new\/#webpage\",\"url\":\"https:\/\/www.resortambient.ro\/rooms-new\/\",\"name\":\"[:ro]Camere[:en]Rooms[:es]Habitaciones[:de]Zimmer[:] - Resort Ambient - Cristian (Transilvania, Romania)\",\"isPartOf\":{\"@id\":\"https:\/\/www.resortambient.ro\/de\/#website\"},\"datePublished\":\"2016-09-14T15:35:49+00:00\",\"dateModified\":\"2021-06-17T20:20:48+00:00\",\"inLanguage\":\"de\",\"potentialAction\":[{\"@type\":\"ReadAction\",\"target\":[\"https:\/\/www.resortambient.ro\/rooms-new\/\"]}]}]}<\/script>\n<!-- \/ Yoast SEO Premium plugin. -->","_links":{"self":[{"href":"https:\/\/www.resortambient.ro\/de\/wp-json\/wp\/v2\/pages\/3685","targetHints":{"allow":["GET"]}}],"collection":[{"href":"https:\/\/www.resortambient.ro\/de\/wp-json\/wp\/v2\/pages"}],"about":[{"href":"https:\/\/www.resortambient.ro\/de\/wp-json\/wp\/v2\/types\/page"}],"author":[{"embeddable":true,"href":"https:\/\/www.resortambient.ro\/de\/wp-json\/wp\/v2\/users\/1"}],"replies":[{"embeddable":true,"href":"https:\/\/www.resortambient.ro\/de\/wp-json\/wp\/v2\/comments?post=3685"}],"version-history":[{"count":57,"href":"https:\/\/www.resortambient.ro\/de\/wp-json\/wp\/v2\/pages\/3685\/revisions"}],"predecessor-version":[{"id":6874,"href":"https:\/\/www.resortambient.ro\/de\/wp-json\/wp\/v2\/pages\/3685\/revisions\/6874"}],"wp:attachment":[{"href":"https:\/\/www.resortambient.ro\/de\/wp-json\/wp\/v2\/media?parent=3685"}],"wp:term":[{"taxonomy":"yst_prominent_words","embeddable":true,"href":"https:\/\/www.resortambient.ro\/de\/wp-json\/wp\/v2\/yst_prominent_words?post=3685"}],"curies":[{"name":"wp","href":"https:\/\/api.w.org\/{rel}","templated":true}]}}